{"id":12807,"date":"2026-03-12T09:52:58","date_gmt":"2026-03-12T09:52:58","guid":{"rendered":"https:\/\/trade.colart.com\/fr\/product\/lefranc-bourgeois-set-fine-acrylique-decouverte\/"},"modified":"2026-04-15T13:29:41","modified_gmt":"2026-04-15T13:29:41","slug":"lefranc-bourgeois-assortiment-dacrylique-fine-cr%c3%a9er-des-effets-6-tubes-et-m%c3%a9dium","status":"publish","type":"product","link":"https:\/\/trade.colart.com\/fr\/product\/lefranc-bourgeois-assortiment-dacrylique-fine-cr%c3%a9er-des-effets-6-tubes-et-m%c3%a9dium\/","title":{"rendered":"Lefranc Bourgeois Assortiment d&#8217;Acrylique Fine &#8220;Cr\u00e9er Des Effets&#8221; 6 Tubes et M\u00e9dium"},"content":{"rendered":"<p>Explorez de nouvelles textures et peignez des glacis acryliques avec notre set d&#8217;acrylique fine Cr\u00e9er des Effets. Ce kit de peintures et de m\u00e9diums acryliques comprend six tubes d&#8217;acrylique fine et un tube de Vernis liquide brillant.<\/p>\n<p>Incluant toutes les couleurs primaires, nos peintures acryliques fines sont faites pour \u00eatre m\u00e9lang\u00e9es. Elles ont une texture dense et une finition brillante. Le set Cr\u00e9ez des Effets est id\u00e9al pour les artistes et les \u00e9tudiants qui exp\u00e9rimentent l&#8217;acrylique.<\/p>\n","protected":false},"excerpt":{"rendered":"<p>Explorez de nouvelles textures et peignez des glacis acryliques avec notre set d&#8217;acrylique fine Cr\u00e9er des Effets. Ce kit de peintures et de m\u00e9diums acryliques comprend six tubes d&#8217;acrylique fine et un tube de Vernis liquide brillant.<\/p>\n<p>Incluant toutes les couleurs primaires, nos peintures acryliques fines sont faites pour \u00eatre m\u00e9lang\u00e9es. Elles ont une texture dense et une finition brillante. Le set Cr\u00e9ez des Effets est id\u00e9al pour les artistes et les \u00e9tudiants qui exp\u00e9rimentent l&#8217;acrylique. <span class=\"more_dots\">&#8230;<\/span><\/p>\n<p><a class=\"btn btn-secondary understrap-read-more-link\" href=\"https:\/\/trade.colart.com\/fr\/product\/lefranc-bourgeois-assortiment-dacrylique-fine-cr%c3%a9er-des-effets-6-tubes-et-m%c3%a9dium\/\">Read More&#8230;<span class=\"screen-reader-text\"> from Lefranc Bourgeois Assortiment d&#8217;Acrylique Fine &#8220;Cr\u00e9er Des Effets&#8221; 6 Tubes et M\u00e9dium<\/span><\/a><\/p>\n","protected":false},"featured_media":13407,"comment_status":"closed","ping_status":"closed","template":"","meta":{"_acf_changed":false},"product_brand":[],"product_cat":[2820],"product_tag":[],"class_list":{"0":"post-12807","1":"product","2":"type-product","3":"status-publish","4":"has-post-thumbnail","6":"product_cat-lefranc-bourgeois-beaux-arts-acrylique-vinylique-fine-acrylique-sets-fine-acrylique","8":"first","9":"instock","10":"shipping-taxable","11":"purchasable","12":"product-type-simple"},"acf":[],"_links":{"self":[{"href":"https:\/\/trade.colart.com\/fr\/wp-json\/wp\/v2\/product\/12807","targetHints":{"allow":["GET"]}}],"collection":[{"href":"https:\/\/trade.colart.com\/fr\/wp-json\/wp\/v2\/product"}],"about":[{"href":"https:\/\/trade.colart.com\/fr\/wp-json\/wp\/v2\/types\/product"}],"replies":[{"embeddable":true,"href":"https:\/\/trade.colart.com\/fr\/wp-json\/wp\/v2\/comments?post=12807"}],"wp:featuredmedia":[{"embeddable":true,"href":"https:\/\/trade.colart.com\/fr\/wp-json\/wp\/v2\/media\/13407"}],"wp:attachment":[{"href":"https:\/\/trade.colart.com\/fr\/wp-json\/wp\/v2\/media?parent=12807"}],"wp:term":[{"taxonomy":"product_brand","embeddable":true,"href":"https:\/\/trade.colart.com\/fr\/wp-json\/wp\/v2\/product_brand?post=12807"},{"taxonomy":"product_cat","embeddable":true,"href":"https:\/\/trade.colart.com\/fr\/wp-json\/wp\/v2\/product_cat?post=12807"},{"taxonomy":"product_tag","embeddable":true,"href":"https:\/\/trade.colart.com\/fr\/wp-json\/wp\/v2\/product_tag?post=12807"}],"curies":[{"name":"wp","href":"https:\/\/api.w.org\/{rel}","templated":true}]}}