{"id":12810,"date":"2026-03-12T15:51:57","date_gmt":"2026-03-12T15:51:57","guid":{"rendered":"https:\/\/trade.colart.com\/fr\/product\/lefranc-bourgeois-huile-lefranc-coffret-classique\/"},"modified":"2026-04-11T07:18:51","modified_gmt":"2026-04-11T07:18:51","slug":"lefranc-bourgeois-coffret-classique-peinture-%c3%a0-lhuile-extra-fine","status":"publish","type":"product","link":"https:\/\/trade.colart.com\/fr\/product\/lefranc-bourgeois-coffret-classique-peinture-%c3%a0-lhuile-extra-fine\/","title":{"rendered":"Lefranc Bourgeois Coffret Classique Peinture \u00e0 l\u2019Huile Extra-Fine"},"content":{"rendered":"<p>Ma\u00eetrisez la peinture \u00e0 l&#8217;huile avec notre kit d&#8217;huile extra-fine classique. Ce kit complet contient tout ce dont vous avez besoin pour peindre \u00e0 l&#8217;huile : 14 tubes de 20ml d&#8217;huile extra-fine, un tube de blanc de titane de 40ml, quatre additifs pour huile, deux pinceaux \u00e0 huile, un set de fusains, un couteau \u00e0 peindre et un nuancier pour r\u00e9aliser des m\u00e9langes parfaits.<\/p>\n<p>Pr\u00e9sent\u00e9 dans un coffret en bois raffin\u00e9 et transportable, ce kit est le cadeau id\u00e9al pour la peinture en plein air et les occasions sp\u00e9ciales.<\/p>\n","protected":false},"excerpt":{"rendered":"<p>Ma\u00eetrisez la peinture \u00e0 l&#8217;huile avec notre kit d&#8217;huile extra-fine classique. Ce kit complet contient tout ce dont vous avez besoin pour peindre \u00e0 l&#8217;huile : 14 tubes de 20ml d&#8217;huile extra-fine, un tube de blanc de titane de 40ml, quatre additifs pour huile, deux pinceaux \u00e0 huile, un set de fusains, un couteau \u00e0 peindre et un nuancier pour r\u00e9aliser des m\u00e9langes parfaits.<\/p>\n<p>Pr\u00e9sent\u00e9 dans un coffret en bois raffin\u00e9 et transportable, ce kit est le cadeau id\u00e9al pour la peinture en plein air et les occasions sp\u00e9ciales. <span class=\"more_dots\">&#8230;<\/span><\/p>\n<p><a class=\"btn btn-secondary understrap-read-more-link\" href=\"https:\/\/trade.colart.com\/fr\/product\/lefranc-bourgeois-coffret-classique-peinture-%c3%a0-lhuile-extra-fine\/\">Read More&#8230;<span class=\"screen-reader-text\"> from Lefranc Bourgeois Coffret Classique Peinture \u00e0 l\u2019Huile Extra-Fine<\/span><\/a><\/p>\n","protected":false},"featured_media":0,"comment_status":"closed","ping_status":"closed","template":"","meta":{"_acf_changed":false},"product_brand":[],"product_cat":[2814],"product_tag":[],"class_list":{"0":"post-12810","1":"product","2":"type-product","3":"status-publish","5":"product_cat-lefranc-bourgeois-beaux-arts-huile-huile-lefranc-sets-huile-lefranc","7":"first","8":"instock","9":"shipping-taxable","10":"purchasable","11":"product-type-simple"},"acf":[],"_links":{"self":[{"href":"https:\/\/trade.colart.com\/fr\/wp-json\/wp\/v2\/product\/12810","targetHints":{"allow":["GET"]}}],"collection":[{"href":"https:\/\/trade.colart.com\/fr\/wp-json\/wp\/v2\/product"}],"about":[{"href":"https:\/\/trade.colart.com\/fr\/wp-json\/wp\/v2\/types\/product"}],"replies":[{"embeddable":true,"href":"https:\/\/trade.colart.com\/fr\/wp-json\/wp\/v2\/comments?post=12810"}],"wp:attachment":[{"href":"https:\/\/trade.colart.com\/fr\/wp-json\/wp\/v2\/media?parent=12810"}],"wp:term":[{"taxonomy":"product_brand","embeddable":true,"href":"https:\/\/trade.colart.com\/fr\/wp-json\/wp\/v2\/product_brand?post=12810"},{"taxonomy":"product_cat","embeddable":true,"href":"https:\/\/trade.colart.com\/fr\/wp-json\/wp\/v2\/product_cat?post=12810"},{"taxonomy":"product_tag","embeddable":true,"href":"https:\/\/trade.colart.com\/fr\/wp-json\/wp\/v2\/product_tag?post=12810"}],"curies":[{"name":"wp","href":"https:\/\/api.w.org\/{rel}","templated":true}]}}