{"id":12813,"date":"2026-03-12T15:51:25","date_gmt":"2026-03-12T15:51:25","guid":{"rendered":"https:\/\/trade.colart.com\/fr\/product\/lefranc-bourgeois-huile-lefranc-coffret-prestige\/"},"modified":"2026-04-08T07:21:32","modified_gmt":"2026-04-08T07:21:32","slug":"lefranc-bourgeois-coffret-prestige-peinture-%c3%a0-lhuile-etra-fine","status":"publish","type":"product","link":"https:\/\/trade.colart.com\/fr\/product\/lefranc-bourgeois-coffret-prestige-peinture-%c3%a0-lhuile-etra-fine\/","title":{"rendered":"Lefranc Bourgeois Coffret Prestige Peinture \u00e0 l\u2019Huile Etra-Fine"},"content":{"rendered":"<p>Ma\u00eetrisez les huiles avec le luxueux coffret Prestige d&#8217;huiles extra-fines. Avec 28 huiles extra-fines et six additifs transformateurs, ce coffret ouvre de nouvelles opportunit\u00e9s \u00e0 votre expression cr\u00e9ative. Explorez diff\u00e9rents styles avec les quatre pinceaux \u00e0 huile, les deux couteaux \u00e0 peindre et les fusains \u00e0 esquisser, tout en recr\u00e9ant des nuances classiques sur la palette en bois.<\/p>\n<p>Pr\u00e9sent\u00e9 dans un magnifique coffret en bois, c&#8217;est l&#8217;ensemble indispensable \u00e0 la peinture \u00e0 l&#8217;huile.<\/p>\n","protected":false},"excerpt":{"rendered":"<p>Ma\u00eetrisez les huiles avec le luxueux coffret Prestige d&#8217;huiles extra-fines. Avec 28 huiles extra-fines et six additifs transformateurs, ce coffret ouvre de nouvelles opportunit\u00e9s \u00e0 votre expression cr\u00e9ative. Explorez diff\u00e9rents styles avec les quatre pinceaux \u00e0 huile, les deux couteaux \u00e0 peindre et les fusains \u00e0 esquisser, tout en recr\u00e9ant des nuances classiques sur la palette en bois.<\/p>\n<p>Pr\u00e9sent\u00e9 dans un magnifique coffret en bois, c&#8217;est l&#8217;ensemble indispensable \u00e0 la peinture \u00e0 l&#8217;huile. <span class=\"more_dots\">&#8230;<\/span><\/p>\n<p><a class=\"btn btn-secondary understrap-read-more-link\" href=\"https:\/\/trade.colart.com\/fr\/product\/lefranc-bourgeois-coffret-prestige-peinture-%c3%a0-lhuile-etra-fine\/\">Read More&#8230;<span class=\"screen-reader-text\"> from Lefranc Bourgeois Coffret Prestige Peinture \u00e0 l\u2019Huile Etra-Fine<\/span><\/a><\/p>\n","protected":false},"featured_media":0,"comment_status":"closed","ping_status":"closed","template":"","meta":{"_acf_changed":false},"product_brand":[],"product_cat":[2814],"product_tag":[],"class_list":{"0":"post-12813","1":"product","2":"type-product","3":"status-publish","5":"product_cat-lefranc-bourgeois-beaux-arts-huile-huile-lefranc-sets-huile-lefranc","7":"first","8":"instock","9":"shipping-taxable","10":"purchasable","11":"product-type-simple"},"acf":[],"_links":{"self":[{"href":"https:\/\/trade.colart.com\/fr\/wp-json\/wp\/v2\/product\/12813","targetHints":{"allow":["GET"]}}],"collection":[{"href":"https:\/\/trade.colart.com\/fr\/wp-json\/wp\/v2\/product"}],"about":[{"href":"https:\/\/trade.colart.com\/fr\/wp-json\/wp\/v2\/types\/product"}],"replies":[{"embeddable":true,"href":"https:\/\/trade.colart.com\/fr\/wp-json\/wp\/v2\/comments?post=12813"}],"wp:attachment":[{"href":"https:\/\/trade.colart.com\/fr\/wp-json\/wp\/v2\/media?parent=12813"}],"wp:term":[{"taxonomy":"product_brand","embeddable":true,"href":"https:\/\/trade.colart.com\/fr\/wp-json\/wp\/v2\/product_brand?post=12813"},{"taxonomy":"product_cat","embeddable":true,"href":"https:\/\/trade.colart.com\/fr\/wp-json\/wp\/v2\/product_cat?post=12813"},{"taxonomy":"product_tag","embeddable":true,"href":"https:\/\/trade.colart.com\/fr\/wp-json\/wp\/v2\/product_tag?post=12813"}],"curies":[{"name":"wp","href":"https:\/\/api.w.org\/{rel}","templated":true}]}}