{"id":12814,"date":"2026-03-12T15:49:07","date_gmt":"2026-03-12T15:49:07","guid":{"rendered":"https:\/\/trade.colart.com\/fr\/product\/lefranc-bourgeois-huile-lefranc-set-12x20ml\/"},"modified":"2026-04-16T15:42:37","modified_gmt":"2026-04-16T15:42:37","slug":"lefranc-bourgeois-set-dhuile-extra-fine-12-tubes","status":"publish","type":"product","link":"https:\/\/trade.colart.com\/fr\/product\/lefranc-bourgeois-set-dhuile-extra-fine-12-tubes\/","title":{"rendered":"Lefranc Bourgeois Set d&#8217;Huile Extra-Fine 12 Tubes"},"content":{"rendered":"<p>D\u00e9couvrez les tons riches et expressifs de notre kit de peinture \u00e0 l&#8217;huile extra-fine 12x20ml. Ces douze couleurs de qualit\u00e9 artistique ont \u00e9t\u00e9 soigneusement choisies pour leurs qualit\u00e9s de m\u00e9lange. Issue des pigments extra-fins, chaque peinture \u00e0 l&#8217;huile extra-fine offre une r\u00e9sistance \u00e0 la lumi\u00e8re et une consistance exceptionnelles.<\/p>\n<p>Fabriqu\u00e9e en France, ce kit de peinture est un cadeau inspir\u00e9 pour les artistes et les \u00e9tudiants qui veulent aller plus loin dans leur pratique de la peinture \u00e0 l&#8217;huile.<\/p>\n","protected":false},"excerpt":{"rendered":"<p>D\u00e9couvrez les tons riches et expressifs de notre kit de peinture \u00e0 l&#8217;huile extra-fine 12x20ml. Ces douze couleurs de qualit\u00e9 artistique ont \u00e9t\u00e9 soigneusement choisies pour leurs qualit\u00e9s de m\u00e9lange. Issue des pigments extra-fins, chaque peinture \u00e0 l&#8217;huile extra-fine offre une r\u00e9sistance \u00e0 la lumi\u00e8re et une consistance exceptionnelles.<\/p>\n<p>Fabriqu\u00e9e en France, ce kit de peinture est un cadeau inspir\u00e9 pour les artistes et les \u00e9tudiants qui veulent aller plus loin dans leur pratique de la peinture \u00e0 l&#8217;huile. <span class=\"more_dots\">&#8230;<\/span><\/p>\n<p><a class=\"btn btn-secondary understrap-read-more-link\" href=\"https:\/\/trade.colart.com\/fr\/product\/lefranc-bourgeois-set-dhuile-extra-fine-12-tubes\/\">Read More&#8230;<span class=\"screen-reader-text\"> from Lefranc Bourgeois Set d&#8217;Huile Extra-Fine 12 Tubes<\/span><\/a><\/p>\n","protected":false},"featured_media":13418,"comment_status":"closed","ping_status":"closed","template":"","meta":{"_acf_changed":false},"product_brand":[],"product_cat":[2814],"product_tag":[],"class_list":{"0":"post-12814","1":"product","2":"type-product","3":"status-publish","4":"has-post-thumbnail","6":"product_cat-lefranc-bourgeois-beaux-arts-huile-huile-lefranc-sets-huile-lefranc","8":"first","9":"instock","10":"shipping-taxable","11":"purchasable","12":"product-type-simple"},"acf":[],"_links":{"self":[{"href":"https:\/\/trade.colart.com\/fr\/wp-json\/wp\/v2\/product\/12814","targetHints":{"allow":["GET"]}}],"collection":[{"href":"https:\/\/trade.colart.com\/fr\/wp-json\/wp\/v2\/product"}],"about":[{"href":"https:\/\/trade.colart.com\/fr\/wp-json\/wp\/v2\/types\/product"}],"replies":[{"embeddable":true,"href":"https:\/\/trade.colart.com\/fr\/wp-json\/wp\/v2\/comments?post=12814"}],"wp:featuredmedia":[{"embeddable":true,"href":"https:\/\/trade.colart.com\/fr\/wp-json\/wp\/v2\/media\/13418"}],"wp:attachment":[{"href":"https:\/\/trade.colart.com\/fr\/wp-json\/wp\/v2\/media?parent=12814"}],"wp:term":[{"taxonomy":"product_brand","embeddable":true,"href":"https:\/\/trade.colart.com\/fr\/wp-json\/wp\/v2\/product_brand?post=12814"},{"taxonomy":"product_cat","embeddable":true,"href":"https:\/\/trade.colart.com\/fr\/wp-json\/wp\/v2\/product_cat?post=12814"},{"taxonomy":"product_tag","embeddable":true,"href":"https:\/\/trade.colart.com\/fr\/wp-json\/wp\/v2\/product_tag?post=12814"}],"curies":[{"name":"wp","href":"https:\/\/api.w.org\/{rel}","templated":true}]}}