{"id":12815,"date":"2026-03-12T12:12:05","date_gmt":"2026-03-12T12:12:05","guid":{"rendered":"https:\/\/trade.colart.com\/fr\/product\/lefranc-bourgeois-linel-gouache-extra-fine-10x14ml-mix-set-double-clr-prim\/"},"modified":"2026-04-16T15:35:39","modified_gmt":"2026-04-16T15:35:39","slug":"lefranc-bourgeois-set-de-gouache-linel-extra-fine-10-tubes","status":"publish","type":"product","link":"https:\/\/trade.colart.com\/fr\/product\/lefranc-bourgeois-set-de-gouache-linel-extra-fine-10-tubes\/","title":{"rendered":"Lefranc Bourgeois Set de Gouache Linel Extra-Fine 10 Tubes"},"content":{"rendered":"<p>La gouache Linel offre avec son set exclusif nomm\u00e9 Doubles Primaires, une version intensifi\u00e9e des jaunes, rouges et bleus.<br \/>\nQuand les couleurs primaires classiques donnent des couleurs standards fondamentales, les couleurs de ce set donnent une version accentu\u00e9e des jaunes, bleus, rouges et des m\u00e9langes en r\u00e9sultant.<br \/>\nLes tons chauds et froids de ce set sont plus extr\u00eames que les couleurs primaires traditionnelles et offrent ainsi une palette de m\u00e9langes plus riche et contrast\u00e9e.<br \/>\nCes teintes \u00e0 la saturation accrue garantissent des couleurs d\u2019une intensit\u00e9 vibrante. Les m\u00e9langes restent parfaitement homog\u00e8nes, permettant des aplats nets, puissants et lumineux.<br \/>\nCe set de peinture gouache contient 10 tubes de gouache Linel Extra-Fine en 14ml.<br \/>\nReconnue par les designers et artistes professionnels du monde entier, cette collection de gouache Linel est le cadeau id\u00e9al pour ceux qui explorent ce m\u00e9dium.<\/p>\n","protected":false},"excerpt":{"rendered":"<p>La gouache Linel offre avec son set exclusif nomm\u00e9 Doubles Primaires, une version intensifi\u00e9e des jaunes, rouges et bleus.<br \/>\nQuand les couleurs primaires classiques donnent des couleurs standards fondamentales, les couleurs de ce set donnent une version accentu\u00e9e des jaunes, bleus, rouges et des m\u00e9langes en r\u00e9sultant.<br \/>\nLes tons chauds et froids de ce set sont plus extr\u00eames que les couleurs primaires traditionnelles et offrent ainsi une palette de m\u00e9langes plus riche et contrast\u00e9e.<br \/>\nCes teintes \u00e0 la saturation accrue garantissent des couleurs d\u2019une intensit\u00e9 vibrante. Les m\u00e9langes restent parfaitement homog\u00e8nes, permettant des aplats nets, puissants et lumineux.<br \/>\nCe set de peinture gouache contient 10 tubes de gouache Linel Extra-Fine en 14ml.<br \/>\nReconnue par les designers et artistes professionnels du monde entier, cette collection de gouache Linel est le cadeau id\u00e9al pour ceux qui explorent ce m\u00e9dium. <span class=\"more_dots\">&#8230;<\/span><\/p>\n<p><a class=\"btn btn-secondary understrap-read-more-link\" href=\"https:\/\/trade.colart.com\/fr\/product\/lefranc-bourgeois-set-de-gouache-linel-extra-fine-10-tubes\/\">Read More&#8230;<span class=\"screen-reader-text\"> from Lefranc Bourgeois Set de Gouache Linel Extra-Fine 10 Tubes<\/span><\/a><\/p>\n","protected":false},"featured_media":13425,"comment_status":"closed","ping_status":"closed","template":"","meta":{"_acf_changed":false},"product_brand":[],"product_cat":[2826],"product_tag":[],"class_list":{"0":"post-12815","1":"product","2":"type-product","3":"status-publish","4":"has-post-thumbnail","6":"product_cat-lefranc-bourgeois-beaux-arts-gouache-gouache-extra-fine-linel-sets-extra-fine-linel","8":"first","9":"instock","10":"shipping-taxable","11":"purchasable","12":"product-type-simple"},"acf":[],"_links":{"self":[{"href":"https:\/\/trade.colart.com\/fr\/wp-json\/wp\/v2\/product\/12815","targetHints":{"allow":["GET"]}}],"collection":[{"href":"https:\/\/trade.colart.com\/fr\/wp-json\/wp\/v2\/product"}],"about":[{"href":"https:\/\/trade.colart.com\/fr\/wp-json\/wp\/v2\/types\/product"}],"replies":[{"embeddable":true,"href":"https:\/\/trade.colart.com\/fr\/wp-json\/wp\/v2\/comments?post=12815"}],"wp:featuredmedia":[{"embeddable":true,"href":"https:\/\/trade.colart.com\/fr\/wp-json\/wp\/v2\/media\/13425"}],"wp:attachment":[{"href":"https:\/\/trade.colart.com\/fr\/wp-json\/wp\/v2\/media?parent=12815"}],"wp:term":[{"taxonomy":"product_brand","embeddable":true,"href":"https:\/\/trade.colart.com\/fr\/wp-json\/wp\/v2\/product_brand?post=12815"},{"taxonomy":"product_cat","embeddable":true,"href":"https:\/\/trade.colart.com\/fr\/wp-json\/wp\/v2\/product_cat?post=12815"},{"taxonomy":"product_tag","embeddable":true,"href":"https:\/\/trade.colart.com\/fr\/wp-json\/wp\/v2\/product_tag?post=12815"}],"curies":[{"name":"wp","href":"https:\/\/api.w.org\/{rel}","templated":true}]}}