{"id":12816,"date":"2026-03-12T12:13:10","date_gmt":"2026-03-12T12:13:10","guid":{"rendered":"https:\/\/trade.colart.com\/fr\/product\/lefranc-bourgeois-linel-gouache-extra-fine-6x14ml-mix-set-couleur-primaire\/"},"modified":"2026-04-16T11:04:43","modified_gmt":"2026-04-16T11:04:43","slug":"lefranc-bourgeois-set-de-gouache-linel-extra-fine-6-tubes-couleur-primaire","status":"publish","type":"product","link":"https:\/\/trade.colart.com\/fr\/product\/lefranc-bourgeois-set-de-gouache-linel-extra-fine-6-tubes-couleur-primaire\/","title":{"rendered":"Lefranc Bourgeois Set de Gouache Linel Extra-Fine 6 Tubes Couleur Primaire"},"content":{"rendered":"<p>Obtenez des couleurs riches et opaques sur presque toutes vos surfaces avec les couleurs primaires de notre set de gouache extra-fine Linel. Ce set de gouache 6x14ml comprend trois couleurs primaires parfaitement dos\u00e9es avec le ton lac cramoisi et le blanc et le noir pour assombrir ou \u00e9claircir vos m\u00e9langes. <\/p>\n<p>Reconnue par les designers et artistes professionnels du monde entier, cette collection de gouache Linel est le cadeau id\u00e9al pour ceux qui explorent ce m\u00e9dium.<\/p>\n","protected":false},"excerpt":{"rendered":"<p>Obtenez des couleurs riches et opaques sur presque toutes vos surfaces avec les couleurs primaires de notre set de gouache extra-fine Linel. Ce set de gouache 6x14ml comprend trois couleurs primaires parfaitement dos\u00e9es avec le ton lac cramoisi et le blanc et le noir pour assombrir ou \u00e9claircir vos m\u00e9langes. <\/p>\n<p>Reconnue par les designers et artistes professionnels du monde entier, cette collection de gouache Linel est le cadeau id\u00e9al pour ceux qui explorent ce m\u00e9dium. <span class=\"more_dots\">&#8230;<\/span><\/p>\n<p><a class=\"btn btn-secondary understrap-read-more-link\" href=\"https:\/\/trade.colart.com\/fr\/product\/lefranc-bourgeois-set-de-gouache-linel-extra-fine-6-tubes-couleur-primaire\/\">Read More&#8230;<span class=\"screen-reader-text\"> from Lefranc Bourgeois Set de Gouache Linel Extra-Fine 6 Tubes Couleur Primaire<\/span><\/a><\/p>\n","protected":false},"featured_media":13424,"comment_status":"closed","ping_status":"closed","template":"","meta":{"_acf_changed":false},"product_brand":[],"product_cat":[2826],"product_tag":[],"class_list":{"0":"post-12816","1":"product","2":"type-product","3":"status-publish","4":"has-post-thumbnail","6":"product_cat-lefranc-bourgeois-beaux-arts-gouache-gouache-extra-fine-linel-sets-extra-fine-linel","8":"first","9":"instock","10":"shipping-taxable","11":"purchasable","12":"product-type-simple"},"acf":[],"_links":{"self":[{"href":"https:\/\/trade.colart.com\/fr\/wp-json\/wp\/v2\/product\/12816","targetHints":{"allow":["GET"]}}],"collection":[{"href":"https:\/\/trade.colart.com\/fr\/wp-json\/wp\/v2\/product"}],"about":[{"href":"https:\/\/trade.colart.com\/fr\/wp-json\/wp\/v2\/types\/product"}],"replies":[{"embeddable":true,"href":"https:\/\/trade.colart.com\/fr\/wp-json\/wp\/v2\/comments?post=12816"}],"wp:featuredmedia":[{"embeddable":true,"href":"https:\/\/trade.colart.com\/fr\/wp-json\/wp\/v2\/media\/13424"}],"wp:attachment":[{"href":"https:\/\/trade.colart.com\/fr\/wp-json\/wp\/v2\/media?parent=12816"}],"wp:term":[{"taxonomy":"product_brand","embeddable":true,"href":"https:\/\/trade.colart.com\/fr\/wp-json\/wp\/v2\/product_brand?post=12816"},{"taxonomy":"product_cat","embeddable":true,"href":"https:\/\/trade.colart.com\/fr\/wp-json\/wp\/v2\/product_cat?post=12816"},{"taxonomy":"product_tag","embeddable":true,"href":"https:\/\/trade.colart.com\/fr\/wp-json\/wp\/v2\/product_tag?post=12816"}],"curies":[{"name":"wp","href":"https:\/\/api.w.org\/{rel}","templated":true}]}}