{"id":12817,"date":"2026-03-12T11:50:42","date_gmt":"2026-03-12T11:50:42","guid":{"rendered":"https:\/\/trade.colart.com\/fr\/product\/lefranc-bourgeois-set-fine-acrylique-essentiels-5x80ml\/"},"modified":"2026-04-17T13:38:38","modified_gmt":"2026-04-17T13:38:38","slug":"lefranc-bourgeois-assortiment-dacrylique-fine-les-essentielles-5-tubes","status":"publish","type":"product","link":"https:\/\/trade.colart.com\/fr\/product\/lefranc-bourgeois-assortiment-dacrylique-fine-les-essentielles-5-tubes\/","title":{"rendered":"Lefranc Bourgeois Assortiment d&#8217;Acrylique Fine &#8220;Les Essentielles&#8221; 5 Tubes"},"content":{"rendered":"<p>D\u00e9couvrez les couleurs audacieuses de notre kit d&#8217;acrylique fine Les Essentielles. Ce kit d&#8217;un excellent rapport qualit\u00e9-prix contient tout ce dont vous avez besoin pour peindre \u00e0 l&#8217;acrylique : cinq tubes d&#8217;acrylique de 80 ml, allant des couleurs primaires au noir et blanc.<\/p>\n<p>Ces acryliques mono-pigmentaires sont id\u00e9ales pour les m\u00e9langes. Elles ont une texture homog\u00e8ne qui saisit vos coups de pinceau et une finition brillante. Id\u00e9ales pour les artistes et les \u00e9tudiants qui explorent ce m\u00e9dium.<\/p>\n","protected":false},"excerpt":{"rendered":"<p>D\u00e9couvrez les couleurs audacieuses de notre kit d&#8217;acrylique fine Les Essentielles. Ce kit d&#8217;un excellent rapport qualit\u00e9-prix contient tout ce dont vous avez besoin pour peindre \u00e0 l&#8217;acrylique : cinq tubes d&#8217;acrylique de 80 ml, allant des couleurs primaires au noir et blanc.<\/p>\n<p>Ces acryliques mono-pigmentaires sont id\u00e9ales pour les m\u00e9langes. Elles ont une texture homog\u00e8ne qui saisit vos coups de pinceau et une finition brillante. Id\u00e9ales pour les artistes et les \u00e9tudiants qui explorent ce m\u00e9dium. <span class=\"more_dots\">&#8230;<\/span><\/p>\n<p><a class=\"btn btn-secondary understrap-read-more-link\" href=\"https:\/\/trade.colart.com\/fr\/product\/lefranc-bourgeois-assortiment-dacrylique-fine-les-essentielles-5-tubes\/\">Read More&#8230;<span class=\"screen-reader-text\"> from Lefranc Bourgeois Assortiment d&#8217;Acrylique Fine &#8220;Les Essentielles&#8221; 5 Tubes<\/span><\/a><\/p>\n","protected":false},"featured_media":13428,"comment_status":"closed","ping_status":"closed","template":"","meta":{"_acf_changed":false},"product_brand":[],"product_cat":[2820],"product_tag":[],"class_list":{"0":"post-12817","1":"product","2":"type-product","3":"status-publish","4":"has-post-thumbnail","6":"product_cat-lefranc-bourgeois-beaux-arts-acrylique-vinylique-fine-acrylique-sets-fine-acrylique","8":"first","9":"instock","10":"shipping-taxable","11":"purchasable","12":"product-type-simple"},"acf":[],"_links":{"self":[{"href":"https:\/\/trade.colart.com\/fr\/wp-json\/wp\/v2\/product\/12817","targetHints":{"allow":["GET"]}}],"collection":[{"href":"https:\/\/trade.colart.com\/fr\/wp-json\/wp\/v2\/product"}],"about":[{"href":"https:\/\/trade.colart.com\/fr\/wp-json\/wp\/v2\/types\/product"}],"replies":[{"embeddable":true,"href":"https:\/\/trade.colart.com\/fr\/wp-json\/wp\/v2\/comments?post=12817"}],"wp:featuredmedia":[{"embeddable":true,"href":"https:\/\/trade.colart.com\/fr\/wp-json\/wp\/v2\/media\/13428"}],"wp:attachment":[{"href":"https:\/\/trade.colart.com\/fr\/wp-json\/wp\/v2\/media?parent=12817"}],"wp:term":[{"taxonomy":"product_brand","embeddable":true,"href":"https:\/\/trade.colart.com\/fr\/wp-json\/wp\/v2\/product_brand?post=12817"},{"taxonomy":"product_cat","embeddable":true,"href":"https:\/\/trade.colart.com\/fr\/wp-json\/wp\/v2\/product_cat?post=12817"},{"taxonomy":"product_tag","embeddable":true,"href":"https:\/\/trade.colart.com\/fr\/wp-json\/wp\/v2\/product_tag?post=12817"}],"curies":[{"name":"wp","href":"https:\/\/api.w.org\/{rel}","templated":true}]}}