{"id":12818,"date":"2026-03-12T09:52:30","date_gmt":"2026-03-12T09:52:30","guid":{"rendered":"https:\/\/trade.colart.com\/fr\/product\/lefranc-bourgeois-set-fine-acrylique-6x20ml\/"},"modified":"2026-04-17T13:21:04","modified_gmt":"2026-04-17T13:21:04","slug":"lefranc-bourgeois-assortiment-dacrylique-fine-les-incontournables-6-tubes","status":"publish","type":"product","link":"https:\/\/trade.colart.com\/fr\/product\/lefranc-bourgeois-assortiment-dacrylique-fine-les-incontournables-6-tubes\/","title":{"rendered":"Lefranc Bourgeois Assortiment d&#8217;Acrylique Fine &#8220;Les incontournables&#8221; 6 Tubes"},"content":{"rendered":"<p>D\u00e9couvrez les couleurs vives de notre kit d&#8217;acrylique fine Les Essentiels. Ce kit de six acryliques contient toutes les couleurs dont vous avez besoin pour vos m\u00e9langes gr\u00e2ce aux couleurs primaires, un pigment naturel et le noir et blanc.<\/p>\n<p>Fabriqu\u00e9es en France, nos acryliques fines ont une texture dense qui saisit tous vos coups de pinceau. Id\u00e9al pour d\u00e9couvrir l&#8217;acrylique, ce kit est un cadeau cr\u00e9atif pour les artistes et les \u00e9tudiants. Set 6x20ml<\/p>\n","protected":false},"excerpt":{"rendered":"<p>D\u00e9couvrez les couleurs vives de notre kit d&#8217;acrylique fine Les Essentiels. Ce kit de six acryliques contient toutes les couleurs dont vous avez besoin pour vos m\u00e9langes gr\u00e2ce aux couleurs primaires, un pigment naturel et le noir et blanc.<\/p>\n<p>Fabriqu\u00e9es en France, nos acryliques fines ont une texture dense qui saisit tous vos coups de pinceau. Id\u00e9al pour d\u00e9couvrir l&#8217;acrylique, ce kit est un cadeau cr\u00e9atif pour les artistes et les \u00e9tudiants. Set 6x20ml <span class=\"more_dots\">&#8230;<\/span><\/p>\n<p><a class=\"btn btn-secondary understrap-read-more-link\" href=\"https:\/\/trade.colart.com\/fr\/product\/lefranc-bourgeois-assortiment-dacrylique-fine-les-incontournables-6-tubes\/\">Read More&#8230;<span class=\"screen-reader-text\"> from Lefranc Bourgeois Assortiment d&#8217;Acrylique Fine &#8220;Les incontournables&#8221; 6 Tubes<\/span><\/a><\/p>\n","protected":false},"featured_media":13427,"comment_status":"closed","ping_status":"closed","template":"","meta":{"_acf_changed":false},"product_brand":[],"product_cat":[2820],"product_tag":[],"class_list":{"0":"post-12818","1":"product","2":"type-product","3":"status-publish","4":"has-post-thumbnail","6":"product_cat-lefranc-bourgeois-beaux-arts-acrylique-vinylique-fine-acrylique-sets-fine-acrylique","8":"first","9":"instock","10":"shipping-taxable","11":"purchasable","12":"product-type-simple"},"acf":[],"_links":{"self":[{"href":"https:\/\/trade.colart.com\/fr\/wp-json\/wp\/v2\/product\/12818","targetHints":{"allow":["GET"]}}],"collection":[{"href":"https:\/\/trade.colart.com\/fr\/wp-json\/wp\/v2\/product"}],"about":[{"href":"https:\/\/trade.colart.com\/fr\/wp-json\/wp\/v2\/types\/product"}],"replies":[{"embeddable":true,"href":"https:\/\/trade.colart.com\/fr\/wp-json\/wp\/v2\/comments?post=12818"}],"wp:featuredmedia":[{"embeddable":true,"href":"https:\/\/trade.colart.com\/fr\/wp-json\/wp\/v2\/media\/13427"}],"wp:attachment":[{"href":"https:\/\/trade.colart.com\/fr\/wp-json\/wp\/v2\/media?parent=12818"}],"wp:term":[{"taxonomy":"product_brand","embeddable":true,"href":"https:\/\/trade.colart.com\/fr\/wp-json\/wp\/v2\/product_brand?post=12818"},{"taxonomy":"product_cat","embeddable":true,"href":"https:\/\/trade.colart.com\/fr\/wp-json\/wp\/v2\/product_cat?post=12818"},{"taxonomy":"product_tag","embeddable":true,"href":"https:\/\/trade.colart.com\/fr\/wp-json\/wp\/v2\/product_tag?post=12818"}],"curies":[{"name":"wp","href":"https:\/\/api.w.org\/{rel}","templated":true}]}}