{"id":12819,"date":"2026-03-12T16:45:20","date_gmt":"2026-03-12T16:45:20","guid":{"rendered":"https:\/\/trade.colart.com\/fr\/product\/lefranc-bourgeois-aquarelle-fine-boite-12-demi-godets\/"},"modified":"2026-04-17T08:37:43","modified_gmt":"2026-04-17T08:37:43","slug":"lefranc-bourgeois-set-daquarelle-fine-12-demi-godets","status":"publish","type":"product","link":"https:\/\/trade.colart.com\/fr\/product\/lefranc-bourgeois-set-daquarelle-fine-12-demi-godets\/","title":{"rendered":"Lefranc Bourgeois Set d&#8217;Aquarelle Fine 12 Demi Godets"},"content":{"rendered":"<p>Peignez des lavis expressifs avec notre coffret plastique d&#8217;aquarelle fine. Ce coffret contient des demi-godets d&#8217;aquarelle fine lumineuse dans un \u00e9tui portable pour la peinture en plein air. Fabriqu\u00e9 avec des pigments de qualit\u00e9, chaque coffret est con\u00e7u pour vous offrir le maximum de m\u00e9langes possibles.<\/p>\n<p>Ce coffret est dot\u00e9 d&#8217;une palette int\u00e9gr\u00e9e et d\u00e9tachable pour un nettoyage rapide et d&#8217;une boucle pour une meilleure prise en main pendant la peinture. Il vous aide \u00e0 cr\u00e9er des \u0153uvres d&#8217;art d&#8217;o\u00f9 vous voulez.<\/p>\n","protected":false},"excerpt":{"rendered":"<p>Peignez des lavis expressifs avec notre coffret plastique d&#8217;aquarelle fine. Ce coffret contient des demi-godets d&#8217;aquarelle fine lumineuse dans un \u00e9tui portable pour la peinture en plein air. Fabriqu\u00e9 avec des pigments de qualit\u00e9, chaque coffret est con\u00e7u pour vous offrir le maximum de m\u00e9langes possibles.<\/p>\n<p>Ce coffret est dot\u00e9 d&#8217;une palette int\u00e9gr\u00e9e et d\u00e9tachable pour un nettoyage rapide et d&#8217;une boucle pour une meilleure prise en main pendant la peinture. Il vous aide \u00e0 cr\u00e9er des \u0153uvres d&#8217;art d&#8217;o\u00f9 vous voulez. <span class=\"more_dots\">&#8230;<\/span><\/p>\n<p><a class=\"btn btn-secondary understrap-read-more-link\" href=\"https:\/\/trade.colart.com\/fr\/product\/lefranc-bourgeois-set-daquarelle-fine-12-demi-godets\/\">Read More&#8230;<span class=\"screen-reader-text\"> from Lefranc Bourgeois Set d&#8217;Aquarelle Fine 12 Demi Godets<\/span><\/a><\/p>\n","protected":false},"featured_media":58249,"comment_status":"closed","ping_status":"closed","template":"","meta":{"_acf_changed":false},"product_brand":[],"product_cat":[2823],"product_tag":[],"class_list":{"0":"post-12819","1":"product","2":"type-product","3":"status-publish","4":"has-post-thumbnail","6":"product_cat-lefranc-bourgeois-beaux-arts-aquarelle","8":"first","9":"instock","10":"shipping-taxable","11":"purchasable","12":"product-type-simple"},"acf":[],"_links":{"self":[{"href":"https:\/\/trade.colart.com\/fr\/wp-json\/wp\/v2\/product\/12819","targetHints":{"allow":["GET"]}}],"collection":[{"href":"https:\/\/trade.colart.com\/fr\/wp-json\/wp\/v2\/product"}],"about":[{"href":"https:\/\/trade.colart.com\/fr\/wp-json\/wp\/v2\/types\/product"}],"replies":[{"embeddable":true,"href":"https:\/\/trade.colart.com\/fr\/wp-json\/wp\/v2\/comments?post=12819"}],"wp:featuredmedia":[{"embeddable":true,"href":"https:\/\/trade.colart.com\/fr\/wp-json\/wp\/v2\/media\/58249"}],"wp:attachment":[{"href":"https:\/\/trade.colart.com\/fr\/wp-json\/wp\/v2\/media?parent=12819"}],"wp:term":[{"taxonomy":"product_brand","embeddable":true,"href":"https:\/\/trade.colart.com\/fr\/wp-json\/wp\/v2\/product_brand?post=12819"},{"taxonomy":"product_cat","embeddable":true,"href":"https:\/\/trade.colart.com\/fr\/wp-json\/wp\/v2\/product_cat?post=12819"},{"taxonomy":"product_tag","embeddable":true,"href":"https:\/\/trade.colart.com\/fr\/wp-json\/wp\/v2\/product_tag?post=12819"}],"curies":[{"name":"wp","href":"https:\/\/api.w.org\/{rel}","templated":true}]}}