{"id":12825,"date":"2026-03-12T09:53:11","date_gmt":"2026-03-12T09:53:11","guid":{"rendered":"https:\/\/trade.colart.com\/fr\/product\/lefranc-bourgeois-flashe-acrylique-set-decouverte-6x20ml-et-vernis-mat-120ml\/"},"modified":"2026-04-17T08:27:11","modified_gmt":"2026-04-17T08:27:11","slug":"lefranc-bourgeois-assortiment-dacrylique-flashe-d%c3%a9couverte-6-tubes-et-vernis","status":"publish","type":"product","link":"https:\/\/trade.colart.com\/fr\/product\/lefranc-bourgeois-assortiment-dacrylique-flashe-d%c3%a9couverte-6-tubes-et-vernis\/","title":{"rendered":"Lefranc Bourgeois Assortiment d&#8217;Acrylique Flashe &#8220;D\u00e9couverte&#8221; 6 Tubes et Vernis"},"content":{"rendered":"<p>D\u00e9couvrez les couleurs embl\u00e9matiques avec notre kit de d\u00e9couverte Flashe Extra-Fine. Ce kit de peinture et d&#8217;additifs Flashe comprend six couleurs mates d\u00e9licates et un vernis. Fabriqu\u00e9 avec des pigments uniques de haute qualit\u00e9, le vinyle Flashe est r\u00e9put\u00e9 pour son exceptionnel pouvoir couvrant.<\/p>\n<p>Avec un s\u00e9chage parfaitement uniforme et sans traces, notre kit de d\u00e9couverte est le cadeau id\u00e9al pour les artistes et les \u00e9tudiants qui souhaitent explorer un nouveau support expressif.<\/p>\n","protected":false},"excerpt":{"rendered":"<p>D\u00e9couvrez les couleurs embl\u00e9matiques avec notre kit de d\u00e9couverte Flashe Extra-Fine. Ce kit de peinture et d&#8217;additifs Flashe comprend six couleurs mates d\u00e9licates et un vernis. Fabriqu\u00e9 avec des pigments uniques de haute qualit\u00e9, le vinyle Flashe est r\u00e9put\u00e9 pour son exceptionnel pouvoir couvrant.<\/p>\n<p>Avec un s\u00e9chage parfaitement uniforme et sans traces, notre kit de d\u00e9couverte est le cadeau id\u00e9al pour les artistes et les \u00e9tudiants qui souhaitent explorer un nouveau support expressif. <span class=\"more_dots\">&#8230;<\/span><\/p>\n<p><a class=\"btn btn-secondary understrap-read-more-link\" href=\"https:\/\/trade.colart.com\/fr\/product\/lefranc-bourgeois-assortiment-dacrylique-flashe-d%c3%a9couverte-6-tubes-et-vernis\/\">Read More&#8230;<span class=\"screen-reader-text\"> from Lefranc Bourgeois Assortiment d&#8217;Acrylique Flashe &#8220;D\u00e9couverte&#8221; 6 Tubes et Vernis<\/span><\/a><\/p>\n","protected":false},"featured_media":13448,"comment_status":"closed","ping_status":"closed","template":"","meta":{"_acf_changed":false},"product_brand":[],"product_cat":[2822],"product_tag":[],"class_list":{"0":"post-12825","1":"product","2":"type-product","3":"status-publish","4":"has-post-thumbnail","6":"product_cat-lefranc-bourgeois-beaux-arts-acrylique-vinylique-flashe-vinylique-sets-flashe","8":"first","9":"instock","10":"shipping-taxable","11":"purchasable","12":"product-type-simple"},"acf":[],"_links":{"self":[{"href":"https:\/\/trade.colart.com\/fr\/wp-json\/wp\/v2\/product\/12825","targetHints":{"allow":["GET"]}}],"collection":[{"href":"https:\/\/trade.colart.com\/fr\/wp-json\/wp\/v2\/product"}],"about":[{"href":"https:\/\/trade.colart.com\/fr\/wp-json\/wp\/v2\/types\/product"}],"replies":[{"embeddable":true,"href":"https:\/\/trade.colart.com\/fr\/wp-json\/wp\/v2\/comments?post=12825"}],"wp:featuredmedia":[{"embeddable":true,"href":"https:\/\/trade.colart.com\/fr\/wp-json\/wp\/v2\/media\/13448"}],"wp:attachment":[{"href":"https:\/\/trade.colart.com\/fr\/wp-json\/wp\/v2\/media?parent=12825"}],"wp:term":[{"taxonomy":"product_brand","embeddable":true,"href":"https:\/\/trade.colart.com\/fr\/wp-json\/wp\/v2\/product_brand?post=12825"},{"taxonomy":"product_cat","embeddable":true,"href":"https:\/\/trade.colart.com\/fr\/wp-json\/wp\/v2\/product_cat?post=12825"},{"taxonomy":"product_tag","embeddable":true,"href":"https:\/\/trade.colart.com\/fr\/wp-json\/wp\/v2\/product_tag?post=12825"}],"curies":[{"name":"wp","href":"https:\/\/api.w.org\/{rel}","templated":true}]}}