{"id":12826,"date":"2026-03-12T12:13:48","date_gmt":"2026-03-12T12:13:48","guid":{"rendered":"https:\/\/trade.colart.com\/fr\/product\/lefranc-bourgeois-studio-gouache-colour-5x80ml-set-etudiant\/"},"modified":"2026-04-17T11:03:49","modified_gmt":"2026-04-17T11:03:49","slug":"lefranc-bourgeois-set-de-gouache-etude-5-tubes","status":"publish","type":"product","link":"https:\/\/trade.colart.com\/fr\/product\/lefranc-bourgeois-set-de-gouache-etude-5-tubes\/","title":{"rendered":"Lefranc Bourgeois Set de Gouache Etude 5 Tubes"},"content":{"rendered":"<p>Obtenez des finitions opaques et mates avec notre kit de Gouache Etudes. Ce kit de peinture essentiel, id\u00e9al pour les m\u00e9langes, est compos\u00e9 de 5 tubes de gouache Studio de 80 ml, avec trois couleurs primaires \u00e9quilibr\u00e9es et du noir et blanc.<\/p>\n<p>Facile \u00e0 utiliser, la gouache se peint comme l&#8217;aquarelle, mais s\u00e8che avec une finition opaque et mate. A base d&#8217;eau et lavable, ce kit est id\u00e9al pour ajouter de la couleur aux illustrations et aux dessins \u00e0 la maison, comme \u00e0 l&#8217;\u00e9cole.<\/p>\n","protected":false},"excerpt":{"rendered":"<p>Obtenez des finitions opaques et mates avec notre kit de Gouache Etudes. Ce kit de peinture essentiel, id\u00e9al pour les m\u00e9langes, est compos\u00e9 de 5 tubes de gouache Studio de 80 ml, avec trois couleurs primaires \u00e9quilibr\u00e9es et du noir et blanc.<\/p>\n<p>Facile \u00e0 utiliser, la gouache se peint comme l&#8217;aquarelle, mais s\u00e8che avec une finition opaque et mate. A base d&#8217;eau et lavable, ce kit est id\u00e9al pour ajouter de la couleur aux illustrations et aux dessins \u00e0 la maison, comme \u00e0 l&#8217;\u00e9cole. <span class=\"more_dots\">&#8230;<\/span><\/p>\n<p><a class=\"btn btn-secondary understrap-read-more-link\" href=\"https:\/\/trade.colart.com\/fr\/product\/lefranc-bourgeois-set-de-gouache-etude-5-tubes\/\">Read More&#8230;<span class=\"screen-reader-text\"> from Lefranc Bourgeois Set de Gouache Etude 5 Tubes<\/span><\/a><\/p>\n","protected":false},"featured_media":13449,"comment_status":"closed","ping_status":"closed","template":"","meta":{"_acf_changed":false},"product_brand":[],"product_cat":[2828],"product_tag":[],"class_list":{"0":"post-12826","1":"product","2":"type-product","3":"status-publish","4":"has-post-thumbnail","6":"product_cat-lefranc-bourgeois-beaux-arts-gouache-gouache-etude-sets-etude","8":"first","9":"instock","10":"shipping-taxable","11":"purchasable","12":"product-type-simple"},"acf":[],"_links":{"self":[{"href":"https:\/\/trade.colart.com\/fr\/wp-json\/wp\/v2\/product\/12826","targetHints":{"allow":["GET"]}}],"collection":[{"href":"https:\/\/trade.colart.com\/fr\/wp-json\/wp\/v2\/product"}],"about":[{"href":"https:\/\/trade.colart.com\/fr\/wp-json\/wp\/v2\/types\/product"}],"replies":[{"embeddable":true,"href":"https:\/\/trade.colart.com\/fr\/wp-json\/wp\/v2\/comments?post=12826"}],"wp:featuredmedia":[{"embeddable":true,"href":"https:\/\/trade.colart.com\/fr\/wp-json\/wp\/v2\/media\/13449"}],"wp:attachment":[{"href":"https:\/\/trade.colart.com\/fr\/wp-json\/wp\/v2\/media?parent=12826"}],"wp:term":[{"taxonomy":"product_brand","embeddable":true,"href":"https:\/\/trade.colart.com\/fr\/wp-json\/wp\/v2\/product_brand?post=12826"},{"taxonomy":"product_cat","embeddable":true,"href":"https:\/\/trade.colart.com\/fr\/wp-json\/wp\/v2\/product_cat?post=12826"},{"taxonomy":"product_tag","embeddable":true,"href":"https:\/\/trade.colart.com\/fr\/wp-json\/wp\/v2\/product_tag?post=12826"}],"curies":[{"name":"wp","href":"https:\/\/api.w.org\/{rel}","templated":true}]}}