{"id":12831,"date":"2026-01-02T04:20:45","date_gmt":"2026-01-02T04:20:45","guid":{"rendered":"https:\/\/trade.colart.com\/fr\/product\/lefranc-bourgeois-enfants-paper-pad-a4-150gr-30-sheet\/"},"modified":"2026-04-12T13:18:55","modified_gmt":"2026-04-12T13:18:55","slug":"lefranc-bourgeois-enfants-paper-pad-a4-150gr-30-sheet","status":"publish","type":"product","link":"https:\/\/trade.colart.com\/fr\/product\/lefranc-bourgeois-enfants-paper-pad-a4-150gr-30-sheet\/","title":{"rendered":"Lefranc Bourgeois Enfants Paper Pad A4 150Gr 30 Sheet"},"content":{"rendered":"<p>D\u00e9couvrez le papier id\u00e9al pour la peinture avec notre papier \u00e0 peindre pour enfants &#8211; 150gsm A4. 30 feuilles vierges de papier A4 de haute qualit\u00e9 dans un paquet gomm\u00e9. Id\u00e9al pour la gouache, l&#8217;acrylique, l&#8217;aquarelle et l&#8217;encre.<\/p>\n<p>Con\u00e7u pour les petits artistes, ce papier est r\u00e9sistant et absorbant. Parfait pour \u00eatre utilis\u00e9 avec un pinceau et un rouleau, et m\u00eame pour peindre avec les doigts. Recommand\u00e9 pour les 4 ans et plus.<\/p>\n","protected":false},"excerpt":{"rendered":"<p>D\u00e9couvrez le papier id\u00e9al pour la peinture avec notre papier \u00e0 peindre pour enfants &#8211; 150gsm A4. 30 feuilles vierges de papier A4 de haute qualit\u00e9 dans un paquet gomm\u00e9. Id\u00e9al pour la gouache, l&#8217;acrylique, l&#8217;aquarelle et l&#8217;encre.<\/p>\n<p>Con\u00e7u pour les petits artistes, ce papier est r\u00e9sistant et absorbant. Parfait pour \u00eatre utilis\u00e9 avec un pinceau et un rouleau, et m\u00eame pour peindre avec les doigts. Recommand\u00e9 pour les 4 ans et plus. <span class=\"more_dots\">&#8230;<\/span><\/p>\n<p><a class=\"btn btn-secondary understrap-read-more-link\" href=\"https:\/\/trade.colart.com\/fr\/product\/lefranc-bourgeois-enfants-paper-pad-a4-150gr-30-sheet\/\">Read More&#8230;<span class=\"screen-reader-text\"> from Lefranc Bourgeois Enfants Paper Pad A4 150Gr 30 Sheet<\/span><\/a><\/p>\n","protected":false},"featured_media":13464,"comment_status":"closed","ping_status":"closed","template":"","meta":{"_acf_changed":false},"product_brand":[],"product_cat":[2806],"product_tag":[],"class_list":{"0":"post-12831","1":"product","2":"type-product","3":"status-publish","4":"has-post-thumbnail","6":"product_cat-lefranc-bourgeois-enfants-10-ans-education-artistique-accessoires","8":"first","9":"instock","10":"shipping-taxable","11":"purchasable","12":"product-type-simple"},"acf":[],"_links":{"self":[{"href":"https:\/\/trade.colart.com\/fr\/wp-json\/wp\/v2\/product\/12831","targetHints":{"allow":["GET"]}}],"collection":[{"href":"https:\/\/trade.colart.com\/fr\/wp-json\/wp\/v2\/product"}],"about":[{"href":"https:\/\/trade.colart.com\/fr\/wp-json\/wp\/v2\/types\/product"}],"replies":[{"embeddable":true,"href":"https:\/\/trade.colart.com\/fr\/wp-json\/wp\/v2\/comments?post=12831"}],"wp:featuredmedia":[{"embeddable":true,"href":"https:\/\/trade.colart.com\/fr\/wp-json\/wp\/v2\/media\/13464"}],"wp:attachment":[{"href":"https:\/\/trade.colart.com\/fr\/wp-json\/wp\/v2\/media?parent=12831"}],"wp:term":[{"taxonomy":"product_brand","embeddable":true,"href":"https:\/\/trade.colart.com\/fr\/wp-json\/wp\/v2\/product_brand?post=12831"},{"taxonomy":"product_cat","embeddable":true,"href":"https:\/\/trade.colart.com\/fr\/wp-json\/wp\/v2\/product_cat?post=12831"},{"taxonomy":"product_tag","embeddable":true,"href":"https:\/\/trade.colart.com\/fr\/wp-json\/wp\/v2\/product_tag?post=12831"}],"curies":[{"name":"wp","href":"https:\/\/api.w.org\/{rel}","templated":true}]}}