{"id":12833,"date":"2026-03-12T16:52:52","date_gmt":"2026-03-12T16:52:52","guid":{"rendered":"https:\/\/trade.colart.com\/fr\/product\/lefranc-bourgeois-rouleau-manche-plastique-enfants-45mm\/"},"modified":"2026-04-17T11:02:24","modified_gmt":"2026-04-17T11:02:24","slug":"lefranc-bourgeois-rouleau-%c3%a0-peinture","status":"publish","type":"product","link":"https:\/\/trade.colart.com\/fr\/product\/lefranc-bourgeois-rouleau-%c3%a0-peinture\/","title":{"rendered":"Lefranc Bourgeois Rouleau \u00e0 Peinture"},"content":{"rendered":"<p>Laissez votre marque en commen\u00e7ant \u00e0 imprimer avec notre Rouleau encreur sp\u00e9cial linogravure pour enfants. Con\u00e7u pour la linogravure, ce rouleau en caoutchouc de 65 mm est mont\u00e9 sur une poign\u00e9e ergonomique en plastique.<\/p>\n<p>R\u00e9sistant aux solvants, il peut \u00eatre utilis\u00e9 avec des m\u00e9diums \u00e0 base d&#8217;eau ou d&#8217;huile. Outil essentiel pour la linogravure, il distribue uniform\u00e9ment l&#8217;encre et la peinture sur votre support, tout en pressant uniform\u00e9ment votre papier pour des transferts harmonieux<\/p>\n","protected":false},"excerpt":{"rendered":"<p>Laissez votre marque en commen\u00e7ant \u00e0 imprimer avec notre Rouleau encreur sp\u00e9cial linogravure pour enfants. Con\u00e7u pour la linogravure, ce rouleau en caoutchouc de 65 mm est mont\u00e9 sur une poign\u00e9e ergonomique en plastique.<\/p>\n<p>R\u00e9sistant aux solvants, il peut \u00eatre utilis\u00e9 avec des m\u00e9diums \u00e0 base d&#8217;eau ou d&#8217;huile. Outil essentiel pour la linogravure, il distribue uniform\u00e9ment l&#8217;encre et la peinture sur votre support, tout en pressant uniform\u00e9ment votre papier pour des transferts harmonieux <span class=\"more_dots\">&#8230;<\/span><\/p>\n<p><a class=\"btn btn-secondary understrap-read-more-link\" href=\"https:\/\/trade.colart.com\/fr\/product\/lefranc-bourgeois-rouleau-%c3%a0-peinture\/\">Read More&#8230;<span class=\"screen-reader-text\"> from Lefranc Bourgeois Rouleau \u00e0 Peinture<\/span><\/a><\/p>\n","protected":false},"featured_media":13468,"comment_status":"closed","ping_status":"closed","template":"","meta":{"_acf_changed":false},"product_brand":[],"product_cat":[2806],"product_tag":[],"class_list":{"0":"post-12833","1":"product","2":"type-product","3":"status-publish","4":"has-post-thumbnail","6":"product_cat-lefranc-bourgeois-enfants-10-ans-education-artistique-accessoires","8":"first","9":"instock","10":"shipping-taxable","11":"purchasable","12":"product-type-simple"},"acf":[],"_links":{"self":[{"href":"https:\/\/trade.colart.com\/fr\/wp-json\/wp\/v2\/product\/12833","targetHints":{"allow":["GET"]}}],"collection":[{"href":"https:\/\/trade.colart.com\/fr\/wp-json\/wp\/v2\/product"}],"about":[{"href":"https:\/\/trade.colart.com\/fr\/wp-json\/wp\/v2\/types\/product"}],"replies":[{"embeddable":true,"href":"https:\/\/trade.colart.com\/fr\/wp-json\/wp\/v2\/comments?post=12833"}],"wp:featuredmedia":[{"embeddable":true,"href":"https:\/\/trade.colart.com\/fr\/wp-json\/wp\/v2\/media\/13468"}],"wp:attachment":[{"href":"https:\/\/trade.colart.com\/fr\/wp-json\/wp\/v2\/media?parent=12833"}],"wp:term":[{"taxonomy":"product_brand","embeddable":true,"href":"https:\/\/trade.colart.com\/fr\/wp-json\/wp\/v2\/product_brand?post=12833"},{"taxonomy":"product_cat","embeddable":true,"href":"https:\/\/trade.colart.com\/fr\/wp-json\/wp\/v2\/product_cat?post=12833"},{"taxonomy":"product_tag","embeddable":true,"href":"https:\/\/trade.colart.com\/fr\/wp-json\/wp\/v2\/product_tag?post=12833"}],"curies":[{"name":"wp","href":"https:\/\/api.w.org\/{rel}","templated":true}]}}