{"id":12836,"date":"2026-03-12T09:09:31","date_gmt":"2026-03-12T09:09:31","guid":{"rendered":"https:\/\/trade.colart.com\/fr\/product\/lefranc-bourgeois-enfants-blister-2-baby-brosses\/"},"modified":"2026-04-17T12:47:20","modified_gmt":"2026-04-17T12:47:20","slug":"lefranc-bourgeois-enfants-pack-de-2-pinceaux-brosses-pour-b%c3%a9b%c3%a9","status":"publish","type":"product","link":"https:\/\/trade.colart.com\/fr\/product\/lefranc-bourgeois-enfants-pack-de-2-pinceaux-brosses-pour-b%c3%a9b%c3%a9\/","title":{"rendered":"Lefranc Bourgeois Enfants Pack de 2 Pinceaux Brosses pour B\u00e9b\u00e9"},"content":{"rendered":"<p>Donnez envie \u00e0 vos enfants de peindre avec notre Kid&#8217;s Baby Brush Set &#8211; 2. Deux pinceaux color\u00e9s con\u00e7us pour les enfants. Chaque pinceau est r\u00e9sistant, a une poign\u00e9e courte et ergonomique et convient \u00e0 l&#8217;acrylique, la gouache et l&#8217;aquarelle.<\/p>\n<p>Faciles \u00e0 laver et amusants \u00e0 utiliser, ces pinceaux sont un excellent moyen d&#8217;initier vos enfants aux joies de la peinture. Recommand\u00e9 pour les 2-4 ans.<\/p>\n","protected":false},"excerpt":{"rendered":"<p>Donnez envie \u00e0 vos enfants de peindre avec notre Kid&#8217;s Baby Brush Set &#8211; 2. Deux pinceaux color\u00e9s con\u00e7us pour les enfants. Chaque pinceau est r\u00e9sistant, a une poign\u00e9e courte et ergonomique et convient \u00e0 l&#8217;acrylique, la gouache et l&#8217;aquarelle.<\/p>\n<p>Faciles \u00e0 laver et amusants \u00e0 utiliser, ces pinceaux sont un excellent moyen d&#8217;initier vos enfants aux joies de la peinture. Recommand\u00e9 pour les 2-4 ans. <span class=\"more_dots\">&#8230;<\/span><\/p>\n<p><a class=\"btn btn-secondary understrap-read-more-link\" href=\"https:\/\/trade.colart.com\/fr\/product\/lefranc-bourgeois-enfants-pack-de-2-pinceaux-brosses-pour-b%c3%a9b%c3%a9\/\">Read More&#8230;<span class=\"screen-reader-text\"> from Lefranc Bourgeois Enfants Pack de 2 Pinceaux Brosses pour B\u00e9b\u00e9<\/span><\/a><\/p>\n","protected":false},"featured_media":13479,"comment_status":"closed","ping_status":"closed","template":"","meta":{"_acf_changed":false},"product_brand":[],"product_cat":[2448],"product_tag":[],"class_list":{"0":"post-12836","1":"product","2":"type-product","3":"status-publish","4":"has-post-thumbnail","6":"product_cat-lefranc-bourgeois-enfants-18m-decouverte-artistique-les-premieres-couleurs","8":"first","9":"instock","10":"shipping-taxable","11":"purchasable","12":"product-type-simple"},"acf":[],"_links":{"self":[{"href":"https:\/\/trade.colart.com\/fr\/wp-json\/wp\/v2\/product\/12836","targetHints":{"allow":["GET"]}}],"collection":[{"href":"https:\/\/trade.colart.com\/fr\/wp-json\/wp\/v2\/product"}],"about":[{"href":"https:\/\/trade.colart.com\/fr\/wp-json\/wp\/v2\/types\/product"}],"replies":[{"embeddable":true,"href":"https:\/\/trade.colart.com\/fr\/wp-json\/wp\/v2\/comments?post=12836"}],"wp:featuredmedia":[{"embeddable":true,"href":"https:\/\/trade.colart.com\/fr\/wp-json\/wp\/v2\/media\/13479"}],"wp:attachment":[{"href":"https:\/\/trade.colart.com\/fr\/wp-json\/wp\/v2\/media?parent=12836"}],"wp:term":[{"taxonomy":"product_brand","embeddable":true,"href":"https:\/\/trade.colart.com\/fr\/wp-json\/wp\/v2\/product_brand?post=12836"},{"taxonomy":"product_cat","embeddable":true,"href":"https:\/\/trade.colart.com\/fr\/wp-json\/wp\/v2\/product_cat?post=12836"},{"taxonomy":"product_tag","embeddable":true,"href":"https:\/\/trade.colart.com\/fr\/wp-json\/wp\/v2\/product_tag?post=12836"}],"curies":[{"name":"wp","href":"https:\/\/api.w.org\/{rel}","templated":true}]}}