{"id":12837,"date":"2026-03-12T16:55:08","date_gmt":"2026-03-12T16:55:08","guid":{"rendered":"https:\/\/trade.colart.com\/fr\/product\/lefranc-bourgeois-enfants-boite-gouache-aux-doigts-5x80ml-couleurs-classiques\/"},"modified":"2026-04-17T12:39:55","modified_gmt":"2026-04-17T12:39:55","slug":"lefranc-bourgeois-enfants-mes-premi%c3%a8res-gouaches-aux-doigts-lavable-couleurs-classiques","status":"publish","type":"product","link":"https:\/\/trade.colart.com\/fr\/product\/lefranc-bourgeois-enfants-mes-premi%c3%a8res-gouaches-aux-doigts-lavable-couleurs-classiques\/","title":{"rendered":"Lefranc Bourgeois Enfants Mes premi\u00e8res Gouaches aux Doigts Lavable Couleurs Classiques"},"content":{"rendered":"<p>Lib\u00e9rez la cr\u00e9ativit\u00e9 au bout de leurs doigts avec le kit Mes premi\u00e8res peintures au doigt. Ces cinq peintures au doigt de 80 ml, lavables, sont disponibles dans des couleurs classiques (jaune, rouge, bleu, vert et brun). Admirez vos petits artistes d\u00e9velopper leur conscience sensorielle. avec elles !<\/p>\n<p>Test\u00e9es dermatologiquement, elles sont douces pour la peau, avec un agent am\u00e9risant. Se lave \u00e0 l&#8217;eau. Lavable en machine \u00e0 40\u00b0C. Convient aux enfants de plus de 18 mois<\/p>\n","protected":false},"excerpt":{"rendered":"<p>Lib\u00e9rez la cr\u00e9ativit\u00e9 au bout de leurs doigts avec le kit Mes premi\u00e8res peintures au doigt. Ces cinq peintures au doigt de 80 ml, lavables, sont disponibles dans des couleurs classiques (jaune, rouge, bleu, vert et brun). Admirez vos petits artistes d\u00e9velopper leur conscience sensorielle. avec elles !<\/p>\n<p>Test\u00e9es dermatologiquement, elles sont douces pour la peau, avec un agent am\u00e9risant. Se lave \u00e0 l&#8217;eau. Lavable en machine \u00e0 40\u00b0C. Convient aux enfants de plus de 18 mois <span class=\"more_dots\">&#8230;<\/span><\/p>\n<p><a class=\"btn btn-secondary understrap-read-more-link\" href=\"https:\/\/trade.colart.com\/fr\/product\/lefranc-bourgeois-enfants-mes-premi%c3%a8res-gouaches-aux-doigts-lavable-couleurs-classiques\/\">Read More&#8230;<span class=\"screen-reader-text\"> from Lefranc Bourgeois Enfants Mes premi\u00e8res Gouaches aux Doigts Lavable Couleurs Classiques<\/span><\/a><\/p>\n","protected":false},"featured_media":13478,"comment_status":"closed","ping_status":"closed","template":"","meta":{"_acf_changed":false},"product_brand":[],"product_cat":[2452],"product_tag":[],"class_list":{"0":"post-12837","1":"product","2":"type-product","3":"status-publish","4":"has-post-thumbnail","6":"product_cat-lefranc-bourgeois-enfants-18m-decouverte-artistique-gouache-aux-doigts","8":"first","9":"instock","10":"shipping-taxable","11":"purchasable","12":"product-type-simple"},"acf":[],"_links":{"self":[{"href":"https:\/\/trade.colart.com\/fr\/wp-json\/wp\/v2\/product\/12837","targetHints":{"allow":["GET"]}}],"collection":[{"href":"https:\/\/trade.colart.com\/fr\/wp-json\/wp\/v2\/product"}],"about":[{"href":"https:\/\/trade.colart.com\/fr\/wp-json\/wp\/v2\/types\/product"}],"replies":[{"embeddable":true,"href":"https:\/\/trade.colart.com\/fr\/wp-json\/wp\/v2\/comments?post=12837"}],"wp:featuredmedia":[{"embeddable":true,"href":"https:\/\/trade.colart.com\/fr\/wp-json\/wp\/v2\/media\/13478"}],"wp:attachment":[{"href":"https:\/\/trade.colart.com\/fr\/wp-json\/wp\/v2\/media?parent=12837"}],"wp:term":[{"taxonomy":"product_brand","embeddable":true,"href":"https:\/\/trade.colart.com\/fr\/wp-json\/wp\/v2\/product_brand?post=12837"},{"taxonomy":"product_cat","embeddable":true,"href":"https:\/\/trade.colart.com\/fr\/wp-json\/wp\/v2\/product_cat?post=12837"},{"taxonomy":"product_tag","embeddable":true,"href":"https:\/\/trade.colart.com\/fr\/wp-json\/wp\/v2\/product_tag?post=12837"}],"curies":[{"name":"wp","href":"https:\/\/api.w.org\/{rel}","templated":true}]}}