{"id":12843,"date":"2026-03-12T16:53:51","date_gmt":"2026-03-12T16:53:51","guid":{"rendered":"https:\/\/trade.colart.com\/fr\/product\/lefranc-bourgeois-enfants-kid-creative-box\/"},"modified":"2026-04-14T08:01:28","modified_gmt":"2026-04-14T08:01:28","slug":"lefranc-bourgeois-enfants-bo%c3%aete-cr%c3%a9ative","status":"publish","type":"product","link":"https:\/\/trade.colart.com\/fr\/product\/lefranc-bourgeois-enfants-bo%c3%aete-cr%c3%a9ative\/","title":{"rendered":"Lefranc Bourgeois Enfants Bo\u00eete Cr\u00e9ative"},"content":{"rendered":"<p>Nourrissez l&#8217;imagination de votre petit artiste avec notre bo\u00eete cr\u00e9ative pour enfants. Cet ensemble exceptionnel de 31 pi\u00e8ces permet de vivre des aventures artistiques en dessin, peinture et sculpture.<\/p>\n<p>Le coffret comprend six crayons de couleur ergonomiques Baby Crayons, un paquet de p\u00e2te \u00e0 modeler, six gouaches brillantes, un pinceau facile \u00e0 manier, un crayon, un bloc de papier A5 ainsi que trois pots de m\u00e9lange et un pot d&#8217;eau de 30 ml pour garder les choses propres. Pour les 3 ans et plus<\/p>\n","protected":false},"excerpt":{"rendered":"<p>Nourrissez l&#8217;imagination de votre petit artiste avec notre bo\u00eete cr\u00e9ative pour enfants. Cet ensemble exceptionnel de 31 pi\u00e8ces permet de vivre des aventures artistiques en dessin, peinture et sculpture.<\/p>\n<p>Le coffret comprend six crayons de couleur ergonomiques Baby Crayons, un paquet de p\u00e2te \u00e0 modeler, six gouaches brillantes, un pinceau facile \u00e0 manier, un crayon, un bloc de papier A5 ainsi que trois pots de m\u00e9lange et un pot d&#8217;eau de 30 ml pour garder les choses propres. Pour les 3 ans et plus <span class=\"more_dots\">&#8230;<\/span><\/p>\n<p><a class=\"btn btn-secondary understrap-read-more-link\" href=\"https:\/\/trade.colart.com\/fr\/product\/lefranc-bourgeois-enfants-bo%c3%aete-cr%c3%a9ative\/\">Read More&#8230;<span class=\"screen-reader-text\"> from Lefranc Bourgeois Enfants Bo\u00eete Cr\u00e9ative<\/span><\/a><\/p>\n","protected":false},"featured_media":13500,"comment_status":"closed","ping_status":"closed","template":"","meta":{"_acf_changed":false},"product_brand":[],"product_cat":[2488],"product_tag":[],"class_list":{"0":"post-12843","1":"product","2":"type-product","3":"status-publish","4":"has-post-thumbnail","6":"product_cat-lefranc-bourgeois-enfants-3-ans-eveil-artistique-spoty","8":"first","9":"instock","10":"shipping-taxable","11":"purchasable","12":"product-type-simple"},"acf":[],"_links":{"self":[{"href":"https:\/\/trade.colart.com\/fr\/wp-json\/wp\/v2\/product\/12843","targetHints":{"allow":["GET"]}}],"collection":[{"href":"https:\/\/trade.colart.com\/fr\/wp-json\/wp\/v2\/product"}],"about":[{"href":"https:\/\/trade.colart.com\/fr\/wp-json\/wp\/v2\/types\/product"}],"replies":[{"embeddable":true,"href":"https:\/\/trade.colart.com\/fr\/wp-json\/wp\/v2\/comments?post=12843"}],"wp:featuredmedia":[{"embeddable":true,"href":"https:\/\/trade.colart.com\/fr\/wp-json\/wp\/v2\/media\/13500"}],"wp:attachment":[{"href":"https:\/\/trade.colart.com\/fr\/wp-json\/wp\/v2\/media?parent=12843"}],"wp:term":[{"taxonomy":"product_brand","embeddable":true,"href":"https:\/\/trade.colart.com\/fr\/wp-json\/wp\/v2\/product_brand?post=12843"},{"taxonomy":"product_cat","embeddable":true,"href":"https:\/\/trade.colart.com\/fr\/wp-json\/wp\/v2\/product_cat?post=12843"},{"taxonomy":"product_tag","embeddable":true,"href":"https:\/\/trade.colart.com\/fr\/wp-json\/wp\/v2\/product_tag?post=12843"}],"curies":[{"name":"wp","href":"https:\/\/api.w.org\/{rel}","templated":true}]}}