{"id":12845,"date":"2026-01-05T20:29:29","date_gmt":"2026-01-05T20:29:29","guid":{"rendered":"https:\/\/trade.colart.com\/fr\/product\/lefranc-bourgeois-enfants-boite-magic-brush-x6\/"},"modified":"2026-04-10T10:07:56","modified_gmt":"2026-04-10T10:07:56","slug":"lefranc-bourgeois-enfants-bo%c3%aete-de-6-stylos-pinceaux","status":"publish","type":"product","link":"https:\/\/trade.colart.com\/fr\/product\/lefranc-bourgeois-enfants-bo%c3%aete-de-6-stylos-pinceaux\/","title":{"rendered":"Lefranc Bourgeois Enfants Bo\u00eete de 6 Stylos Pinceaux"},"content":{"rendered":"<p>Laissez libre cours \u00e0 leur cr\u00e9ativit\u00e9 avec nos sets de pinceaux magiques pour enfants. Les Pinceaux magiques sont remplis de gouache dilu\u00e9e et brillante, pr\u00eate \u00e0 peindre. Con\u00e7u pour les petites mains, chaque pinceau est dot\u00e9 d&#8217;une pointe lisse qui permet de couvrir les surfaces et d&#8217;une grande poign\u00e9e ergonomique.<\/p>\n<p>Pas besoin d&#8217;eau ou de pr\u00e9paration, il suffit de tourner l&#8217;extr\u00e9mit\u00e9 pour contr\u00f4ler le d\u00e9bit. Lorsque vous avez termin\u00e9, serrez le bouchon anti-d\u00e9bordement. Pour les 4 ans et plus.<\/p>\n","protected":false},"excerpt":{"rendered":"<p>Laissez libre cours \u00e0 leur cr\u00e9ativit\u00e9 avec nos sets de pinceaux magiques pour enfants. Les Pinceaux magiques sont remplis de gouache dilu\u00e9e et brillante, pr\u00eate \u00e0 peindre. Con\u00e7u pour les petites mains, chaque pinceau est dot\u00e9 d&#8217;une pointe lisse qui permet de couvrir les surfaces et d&#8217;une grande poign\u00e9e ergonomique.<\/p>\n<p>Pas besoin d&#8217;eau ou de pr\u00e9paration, il suffit de tourner l&#8217;extr\u00e9mit\u00e9 pour contr\u00f4ler le d\u00e9bit. Lorsque vous avez termin\u00e9, serrez le bouchon anti-d\u00e9bordement. Pour les 4 ans et plus. <span class=\"more_dots\">&#8230;<\/span><\/p>\n<p><a class=\"btn btn-secondary understrap-read-more-link\" href=\"https:\/\/trade.colart.com\/fr\/product\/lefranc-bourgeois-enfants-bo%c3%aete-de-6-stylos-pinceaux\/\">Read More&#8230;<span class=\"screen-reader-text\"> from Lefranc Bourgeois Enfants Bo\u00eete de 6 Stylos Pinceaux<\/span><\/a><\/p>\n","protected":false},"featured_media":13499,"comment_status":"closed","ping_status":"closed","template":"","meta":{"_acf_changed":false},"product_brand":[],"product_cat":[2780],"product_tag":[],"class_list":{"0":"post-12845","1":"product","2":"type-product","3":"status-publish","4":"has-post-thumbnail","6":"product_cat-lefranc-bourgeois-enfants-6-ans-developpement-artistique-stylos-pinceaux-eponges-de-peinture","8":"first","9":"instock","10":"shipping-taxable","11":"purchasable","12":"product-type-simple"},"acf":[],"_links":{"self":[{"href":"https:\/\/trade.colart.com\/fr\/wp-json\/wp\/v2\/product\/12845","targetHints":{"allow":["GET"]}}],"collection":[{"href":"https:\/\/trade.colart.com\/fr\/wp-json\/wp\/v2\/product"}],"about":[{"href":"https:\/\/trade.colart.com\/fr\/wp-json\/wp\/v2\/types\/product"}],"replies":[{"embeddable":true,"href":"https:\/\/trade.colart.com\/fr\/wp-json\/wp\/v2\/comments?post=12845"}],"wp:featuredmedia":[{"embeddable":true,"href":"https:\/\/trade.colart.com\/fr\/wp-json\/wp\/v2\/media\/13499"}],"wp:attachment":[{"href":"https:\/\/trade.colart.com\/fr\/wp-json\/wp\/v2\/media?parent=12845"}],"wp:term":[{"taxonomy":"product_brand","embeddable":true,"href":"https:\/\/trade.colart.com\/fr\/wp-json\/wp\/v2\/product_brand?post=12845"},{"taxonomy":"product_cat","embeddable":true,"href":"https:\/\/trade.colart.com\/fr\/wp-json\/wp\/v2\/product_cat?post=12845"},{"taxonomy":"product_tag","embeddable":true,"href":"https:\/\/trade.colart.com\/fr\/wp-json\/wp\/v2\/product_tag?post=12845"}],"curies":[{"name":"wp","href":"https:\/\/api.w.org\/{rel}","templated":true}]}}