{"id":12846,"date":"2026-03-12T12:13:57","date_gmt":"2026-03-12T12:13:57","guid":{"rendered":"https:\/\/trade.colart.com\/fr\/product\/lefranc-bourgeois-enfants-modeling-sticks-p-set-of-12-assort\/"},"modified":"2026-04-16T19:49:25","modified_gmt":"2026-04-16T19:49:25","slug":"lefranc-bourgeois-enfants-set-de-12-b%c3%a2tons-de-p%c3%a2te-%c3%a0-modeler","status":"publish","type":"product","link":"https:\/\/trade.colart.com\/fr\/product\/lefranc-bourgeois-enfants-set-de-12-b%c3%a2tons-de-p%c3%a2te-%c3%a0-modeler\/","title":{"rendered":"Lefranc Bourgeois Enfants Set de 12 B\u00e2tons de P\u00e2te \u00e0 Modeler"},"content":{"rendered":"<p>D\u00e9couvrez la sculpture pour les enfants avec nos b\u00e2tonnets de p\u00e2te \u00e0 modeler pour enfants. 12 b\u00e2tonnets de couleur vive de p\u00e2te \u00e0 modeler de haute qualit\u00e9 pour construire des sculptures, des figurines imaginatives et des mod\u00e8les 3D.<\/p>\n<p>Mall\u00e9ables et faciles \u00e0 m\u00e9langer, nos b\u00e2tons de p\u00e2te \u00e0 modeler ne se tachent pas, sont lavables et conformes \u00e0 la norme EN71-3. Id\u00e9al \u00e0 la maison et pour les projets scolaires. Convient aux enfants de 3 ans et plus<\/p>\n","protected":false},"excerpt":{"rendered":"<p>D\u00e9couvrez la sculpture pour les enfants avec nos b\u00e2tonnets de p\u00e2te \u00e0 modeler pour enfants. 12 b\u00e2tonnets de couleur vive de p\u00e2te \u00e0 modeler de haute qualit\u00e9 pour construire des sculptures, des figurines imaginatives et des mod\u00e8les 3D.<\/p>\n<p>Mall\u00e9ables et faciles \u00e0 m\u00e9langer, nos b\u00e2tons de p\u00e2te \u00e0 modeler ne se tachent pas, sont lavables et conformes \u00e0 la norme EN71-3. Id\u00e9al \u00e0 la maison et pour les projets scolaires. Convient aux enfants de 3 ans et plus <span class=\"more_dots\">&#8230;<\/span><\/p>\n<p><a class=\"btn btn-secondary understrap-read-more-link\" href=\"https:\/\/trade.colart.com\/fr\/product\/lefranc-bourgeois-enfants-set-de-12-b%c3%a2tons-de-p%c3%a2te-%c3%a0-modeler\/\">Read More&#8230;<span class=\"screen-reader-text\"> from Lefranc Bourgeois Enfants Set de 12 B\u00e2tons de P\u00e2te \u00e0 Modeler<\/span><\/a><\/p>\n","protected":false},"featured_media":13502,"comment_status":"closed","ping_status":"closed","template":"","meta":{"_acf_changed":false},"product_brand":[],"product_cat":[2806],"product_tag":[],"class_list":{"0":"post-12846","1":"product","2":"type-product","3":"status-publish","4":"has-post-thumbnail","6":"product_cat-lefranc-bourgeois-enfants-10-ans-education-artistique-accessoires","8":"first","9":"instock","10":"shipping-taxable","11":"purchasable","12":"product-type-simple"},"acf":[],"_links":{"self":[{"href":"https:\/\/trade.colart.com\/fr\/wp-json\/wp\/v2\/product\/12846","targetHints":{"allow":["GET"]}}],"collection":[{"href":"https:\/\/trade.colart.com\/fr\/wp-json\/wp\/v2\/product"}],"about":[{"href":"https:\/\/trade.colart.com\/fr\/wp-json\/wp\/v2\/types\/product"}],"replies":[{"embeddable":true,"href":"https:\/\/trade.colart.com\/fr\/wp-json\/wp\/v2\/comments?post=12846"}],"wp:featuredmedia":[{"embeddable":true,"href":"https:\/\/trade.colart.com\/fr\/wp-json\/wp\/v2\/media\/13502"}],"wp:attachment":[{"href":"https:\/\/trade.colart.com\/fr\/wp-json\/wp\/v2\/media?parent=12846"}],"wp:term":[{"taxonomy":"product_brand","embeddable":true,"href":"https:\/\/trade.colart.com\/fr\/wp-json\/wp\/v2\/product_brand?post=12846"},{"taxonomy":"product_cat","embeddable":true,"href":"https:\/\/trade.colart.com\/fr\/wp-json\/wp\/v2\/product_cat?post=12846"},{"taxonomy":"product_tag","embeddable":true,"href":"https:\/\/trade.colart.com\/fr\/wp-json\/wp\/v2\/product_tag?post=12846"}],"curies":[{"name":"wp","href":"https:\/\/api.w.org\/{rel}","templated":true}]}}