{"id":12852,"date":"2026-03-12T09:14:33","date_gmt":"2026-03-12T09:14:33","guid":{"rendered":"https:\/\/trade.colart.com\/fr\/product\/lefranc-bourgeois-acrylique-glossy-vitamine-assortiment-6x500ml\/"},"modified":"2026-03-17T12:27:05","modified_gmt":"2026-03-17T12:27:05","slug":"lefranc-bourgeois-enfants-assortiment-dacrylique-brillante-6-couleurs","status":"publish","type":"product","link":"https:\/\/trade.colart.com\/fr\/product\/lefranc-bourgeois-enfants-assortiment-dacrylique-brillante-6-couleurs\/","title":{"rendered":"Lefranc Bourgeois Enfants Assortiment d&#8217;Acrylique Brillante 6 Couleurs"},"content":{"rendered":"<p>Cr\u00e9ez des \u0153uvres d&#8217;art fra\u00eeches et brillantes avec notre set d&#8217;acryliques brillantes pour enfants &#8211; Collection fra\u00eeche. 6 flacons de 500 ml d&#8217;acryliques brillants dans des teintes attrayantes (jaune citron, p\u00eache, rose bonbon, turquoise, vert citron et chocolat). S\u00e9chage rapide et permanent, \u00e0 utiliser directement \u00e0 partir de la bouteille.<\/p>\n<p>Adapt\u00e9es \u00e0 presque toutes les surfaces, les acryliques brillantes sont id\u00e9ales pour d\u00e9corer des objets et peindre. Lavable en machine \u00e0 40\u00b0C.<\/p>\n","protected":false},"excerpt":{"rendered":"<p>Cr\u00e9ez des \u0153uvres d&#8217;art fra\u00eeches et brillantes avec notre set d&#8217;acryliques brillantes pour enfants &#8211; Collection fra\u00eeche. 6 flacons de 500 ml d&#8217;acryliques brillants dans des teintes attrayantes (jaune citron, p\u00eache, rose bonbon, turquoise, vert citron et chocolat). S\u00e9chage rapide et permanent, \u00e0 utiliser directement \u00e0 partir de la bouteille.<\/p>\n<p>Adapt\u00e9es \u00e0 presque toutes les surfaces, les acryliques brillantes sont id\u00e9ales pour d\u00e9corer des objets et peindre. Lavable en machine \u00e0 40\u00b0C. <span class=\"more_dots\">&#8230;<\/span><\/p>\n<p><a class=\"btn btn-secondary understrap-read-more-link\" href=\"https:\/\/trade.colart.com\/fr\/product\/lefranc-bourgeois-enfants-assortiment-dacrylique-brillante-6-couleurs\/\">Read More&#8230;<span class=\"screen-reader-text\"> from Lefranc Bourgeois Enfants Assortiment d&#8217;Acrylique Brillante 6 Couleurs<\/span><\/a><\/p>\n","protected":false},"featured_media":13511,"comment_status":"closed","ping_status":"closed","template":"","meta":{"_acf_changed":false},"product_brand":[],"product_cat":[2787],"product_tag":[],"class_list":{"0":"post-12852","1":"product","2":"type-product","3":"status-publish","4":"has-post-thumbnail","6":"product_cat-lefranc-bourgeois-enfants-10-ans-education-artistique-acrylique-glossy","8":"first","9":"outofstock","10":"shipping-taxable","11":"purchasable","12":"product-type-simple"},"acf":[],"_links":{"self":[{"href":"https:\/\/trade.colart.com\/fr\/wp-json\/wp\/v2\/product\/12852","targetHints":{"allow":["GET"]}}],"collection":[{"href":"https:\/\/trade.colart.com\/fr\/wp-json\/wp\/v2\/product"}],"about":[{"href":"https:\/\/trade.colart.com\/fr\/wp-json\/wp\/v2\/types\/product"}],"replies":[{"embeddable":true,"href":"https:\/\/trade.colart.com\/fr\/wp-json\/wp\/v2\/comments?post=12852"}],"wp:featuredmedia":[{"embeddable":true,"href":"https:\/\/trade.colart.com\/fr\/wp-json\/wp\/v2\/media\/13511"}],"wp:attachment":[{"href":"https:\/\/trade.colart.com\/fr\/wp-json\/wp\/v2\/media?parent=12852"}],"wp:term":[{"taxonomy":"product_brand","embeddable":true,"href":"https:\/\/trade.colart.com\/fr\/wp-json\/wp\/v2\/product_brand?post=12852"},{"taxonomy":"product_cat","embeddable":true,"href":"https:\/\/trade.colart.com\/fr\/wp-json\/wp\/v2\/product_cat?post=12852"},{"taxonomy":"product_tag","embeddable":true,"href":"https:\/\/trade.colart.com\/fr\/wp-json\/wp\/v2\/product_tag?post=12852"}],"curies":[{"name":"wp","href":"https:\/\/api.w.org\/{rel}","templated":true}]}}