{"id":12853,"date":"2026-03-12T09:17:32","date_gmt":"2026-03-12T09:17:32","guid":{"rendered":"https:\/\/trade.colart.com\/fr\/product\/lefranc-bourgeois-acrylique-glossy-assortiment-6x500ml\/"},"modified":"2026-04-15T09:24:20","modified_gmt":"2026-04-15T09:24:20","slug":"lefranc-bourgeois-enfants-assortiment-dacrylique-brillante-6-couleurs-2","status":"publish","type":"product","link":"https:\/\/trade.colart.com\/fr\/product\/lefranc-bourgeois-enfants-assortiment-dacrylique-brillante-6-couleurs-2\/","title":{"rendered":"Lefranc Bourgeois Enfants Assortiment d&#8217;Acrylique Brillante 6 Couleurs"},"content":{"rendered":"<p>D\u00e9couvrez toutes les nuances avec notre kit acrylique brillant pour enfants &#8211; Collection primaire. 6 flacons de 500 ml d&#8217;acrylique brillante dans les couleurs primaires essentielles (rouge, jaune, bleu, noir et 2 blancs). S\u00e9chage rapide et permanent, \u00e0 utiliser directement \u00e0 partir de la bouteille.<\/p>\n<p>Convient \u00e0 presque toutes les surfaces, l&#8217;acrylique brillant est id\u00e9al pour d\u00e9corer des objets et peindre. Lavable en machine \u00e0 40\u00b0C. Id\u00e9al pour la maison et l&#8217;\u00e9cole.<\/p>\n","protected":false},"excerpt":{"rendered":"<p>D\u00e9couvrez toutes les nuances avec notre kit acrylique brillant pour enfants &#8211; Collection primaire. 6 flacons de 500 ml d&#8217;acrylique brillante dans les couleurs primaires essentielles (rouge, jaune, bleu, noir et 2 blancs). S\u00e9chage rapide et permanent, \u00e0 utiliser directement \u00e0 partir de la bouteille.<\/p>\n<p>Convient \u00e0 presque toutes les surfaces, l&#8217;acrylique brillant est id\u00e9al pour d\u00e9corer des objets et peindre. Lavable en machine \u00e0 40\u00b0C. Id\u00e9al pour la maison et l&#8217;\u00e9cole. <span class=\"more_dots\">&#8230;<\/span><\/p>\n<p><a class=\"btn btn-secondary understrap-read-more-link\" href=\"https:\/\/trade.colart.com\/fr\/product\/lefranc-bourgeois-enfants-assortiment-dacrylique-brillante-6-couleurs-2\/\">Read More&#8230;<span class=\"screen-reader-text\"> from Lefranc Bourgeois Enfants Assortiment d&#8217;Acrylique Brillante 6 Couleurs<\/span><\/a><\/p>\n","protected":false},"featured_media":13513,"comment_status":"closed","ping_status":"closed","template":"","meta":{"_acf_changed":false},"product_brand":[],"product_cat":[2787],"product_tag":[],"class_list":{"0":"post-12853","1":"product","2":"type-product","3":"status-publish","4":"has-post-thumbnail","6":"product_cat-lefranc-bourgeois-enfants-10-ans-education-artistique-acrylique-glossy","8":"first","9":"instock","10":"shipping-taxable","11":"purchasable","12":"product-type-simple"},"acf":[],"_links":{"self":[{"href":"https:\/\/trade.colart.com\/fr\/wp-json\/wp\/v2\/product\/12853","targetHints":{"allow":["GET"]}}],"collection":[{"href":"https:\/\/trade.colart.com\/fr\/wp-json\/wp\/v2\/product"}],"about":[{"href":"https:\/\/trade.colart.com\/fr\/wp-json\/wp\/v2\/types\/product"}],"replies":[{"embeddable":true,"href":"https:\/\/trade.colart.com\/fr\/wp-json\/wp\/v2\/comments?post=12853"}],"wp:featuredmedia":[{"embeddable":true,"href":"https:\/\/trade.colart.com\/fr\/wp-json\/wp\/v2\/media\/13513"}],"wp:attachment":[{"href":"https:\/\/trade.colart.com\/fr\/wp-json\/wp\/v2\/media?parent=12853"}],"wp:term":[{"taxonomy":"product_brand","embeddable":true,"href":"https:\/\/trade.colart.com\/fr\/wp-json\/wp\/v2\/product_brand?post=12853"},{"taxonomy":"product_cat","embeddable":true,"href":"https:\/\/trade.colart.com\/fr\/wp-json\/wp\/v2\/product_cat?post=12853"},{"taxonomy":"product_tag","embeddable":true,"href":"https:\/\/trade.colart.com\/fr\/wp-json\/wp\/v2\/product_tag?post=12853"}],"curies":[{"name":"wp","href":"https:\/\/api.w.org\/{rel}","templated":true}]}}