{"id":12854,"date":"2026-03-12T09:28:37","date_gmt":"2026-03-12T09:28:37","guid":{"rendered":"https:\/\/trade.colart.com\/fr\/product\/lefranc-bourgeois-assortiment-acrylique-essentiels-assortiment-10x500ml\/"},"modified":"2026-04-16T14:50:20","modified_gmt":"2026-04-16T14:50:20","slug":"lefranc-bourgeois-enfants-assortiment-dacrylique-brillante-10-couleurs-essentielles","status":"publish","type":"product","link":"https:\/\/trade.colart.com\/fr\/product\/lefranc-bourgeois-enfants-assortiment-dacrylique-brillante-10-couleurs-essentielles\/","title":{"rendered":"Lefranc Bourgeois Enfants Assortiment d&#8217;Acrylique Brillante 10 Couleurs Essentielles"},"content":{"rendered":"<p>D\u00e9couvrez des couleurs \u00e9clatantes avec notre kit de peinture acrylique assorti pour enfants. 10 bouteilles de 500 ml de peintures acryliques essentielles \u00e0 base d&#8217;eau. Ce set contient deux tubes de chaque couleur primaire. Fabriqu\u00e9es avec des pigments de haute qualit\u00e9, peignez sur presque toutes les surfaces pour obtenir une finition satin\u00e9e permanente.<\/p>\n<p>Id\u00e9al pour m\u00e9langer les couleurs et d\u00e9corer des objets, \u00e0 la maison ou \u00e0 l&#8217;\u00e9cole. Lavable sur la peau avec du savon. Recommand\u00e9 pour les 4 ans et plus.<\/p>\n","protected":false},"excerpt":{"rendered":"<p>D\u00e9couvrez des couleurs \u00e9clatantes avec notre kit de peinture acrylique assorti pour enfants. 10 bouteilles de 500 ml de peintures acryliques essentielles \u00e0 base d&#8217;eau. Ce set contient deux tubes de chaque couleur primaire. Fabriqu\u00e9es avec des pigments de haute qualit\u00e9, peignez sur presque toutes les surfaces pour obtenir une finition satin\u00e9e permanente.<\/p>\n<p>Id\u00e9al pour m\u00e9langer les couleurs et d\u00e9corer des objets, \u00e0 la maison ou \u00e0 l&#8217;\u00e9cole. Lavable sur la peau avec du savon. Recommand\u00e9 pour les 4 ans et plus. <span class=\"more_dots\">&#8230;<\/span><\/p>\n<p><a class=\"btn btn-secondary understrap-read-more-link\" href=\"https:\/\/trade.colart.com\/fr\/product\/lefranc-bourgeois-enfants-assortiment-dacrylique-brillante-10-couleurs-essentielles\/\">Read More&#8230;<span class=\"screen-reader-text\"> from Lefranc Bourgeois Enfants Assortiment d&#8217;Acrylique Brillante 10 Couleurs Essentielles<\/span><\/a><\/p>\n","protected":false},"featured_media":22981,"comment_status":"closed","ping_status":"closed","template":"","meta":{"_acf_changed":false},"product_brand":[],"product_cat":[2791],"product_tag":[],"class_list":{"0":"post-12854","1":"product","2":"type-product","3":"status-publish","4":"has-post-thumbnail","6":"product_cat-lefranc-bourgeois-enfants-10-ans-education-artistique-acrylique-essentiels","8":"first","9":"instock","10":"shipping-taxable","11":"purchasable","12":"product-type-simple"},"acf":[],"_links":{"self":[{"href":"https:\/\/trade.colart.com\/fr\/wp-json\/wp\/v2\/product\/12854","targetHints":{"allow":["GET"]}}],"collection":[{"href":"https:\/\/trade.colart.com\/fr\/wp-json\/wp\/v2\/product"}],"about":[{"href":"https:\/\/trade.colart.com\/fr\/wp-json\/wp\/v2\/types\/product"}],"replies":[{"embeddable":true,"href":"https:\/\/trade.colart.com\/fr\/wp-json\/wp\/v2\/comments?post=12854"}],"wp:featuredmedia":[{"embeddable":true,"href":"https:\/\/trade.colart.com\/fr\/wp-json\/wp\/v2\/media\/22981"}],"wp:attachment":[{"href":"https:\/\/trade.colart.com\/fr\/wp-json\/wp\/v2\/media?parent=12854"}],"wp:term":[{"taxonomy":"product_brand","embeddable":true,"href":"https:\/\/trade.colart.com\/fr\/wp-json\/wp\/v2\/product_brand?post=12854"},{"taxonomy":"product_cat","embeddable":true,"href":"https:\/\/trade.colart.com\/fr\/wp-json\/wp\/v2\/product_cat?post=12854"},{"taxonomy":"product_tag","embeddable":true,"href":"https:\/\/trade.colart.com\/fr\/wp-json\/wp\/v2\/product_tag?post=12854"}],"curies":[{"name":"wp","href":"https:\/\/api.w.org\/{rel}","templated":true}]}}