{"id":12855,"date":"2026-03-12T16:54:16","date_gmt":"2026-03-12T16:54:16","guid":{"rendered":"https:\/\/trade.colart.com\/fr\/product\/lefranc-bourgeois-acrylique-rail-de-12-piluliers-de-5ml\/"},"modified":"2026-03-12T16:54:18","modified_gmt":"2026-03-12T16:54:18","slug":"lefranc-bourgeois-enfants-assortiment-de-12-pilulier-pour-peinture-acrylique","status":"publish","type":"product","link":"https:\/\/trade.colart.com\/fr\/product\/lefranc-bourgeois-enfants-assortiment-de-12-pilulier-pour-peinture-acrylique\/","title":{"rendered":"Lefranc Bourgeois Enfants Assortiment de 12 Pilulier pour Peinture Acrylique"},"content":{"rendered":"<p>Cr\u00e9ez des d\u00e9cors avec des couleurs vives \u00e0 base d&#8217;eau gr\u00e2ce \u00e0 notre kit acrylique pour enfants comprenant 12 pots de 5 ml d&#8217;acrylique pr\u00eate \u00e0 l&#8217;emploi et un pinceau rond \u00e0 poils de poney. Des couleurs vives et versatiles, \u00e0 utiliser sur presque toutes les surfaces planes, tels que le papier, le carton et les sculptures en argile.<\/p>\n<p>S\u00e9chant rapidement et offrant une finition brillante, elles sont pr\u00e9sent\u00e9es dans des pots refermables. Lavables \u00e0 40\u00b0C, elles sont faites pour les enfants. Recommand\u00e9 pour les 4 ans et plus<\/p>\n","protected":false},"excerpt":{"rendered":"<p>Cr\u00e9ez des d\u00e9cors avec des couleurs vives \u00e0 base d&#8217;eau gr\u00e2ce \u00e0 notre kit acrylique pour enfants comprenant 12 pots de 5 ml d&#8217;acrylique pr\u00eate \u00e0 l&#8217;emploi et un pinceau rond \u00e0 poils de poney. Des couleurs vives et versatiles, \u00e0 utiliser sur presque toutes les surfaces planes, tels que le papier, le carton et les sculptures en argile.<\/p>\n<p>S\u00e9chant rapidement et offrant une finition brillante, elles sont pr\u00e9sent\u00e9es dans des pots refermables. Lavables \u00e0 40\u00b0C, elles sont faites pour les enfants. Recommand\u00e9 pour les 4 ans et plus <span class=\"more_dots\">&#8230;<\/span><\/p>\n<p><a class=\"btn btn-secondary understrap-read-more-link\" href=\"https:\/\/trade.colart.com\/fr\/product\/lefranc-bourgeois-enfants-assortiment-de-12-pilulier-pour-peinture-acrylique\/\">Read More&#8230;<span class=\"screen-reader-text\"> from Lefranc Bourgeois Enfants Assortiment de 12 Pilulier pour Peinture Acrylique<\/span><\/a><\/p>\n","protected":false},"featured_media":13516,"comment_status":"closed","ping_status":"closed","template":"","meta":{"_acf_changed":false},"product_brand":[],"product_cat":[2782],"product_tag":[],"class_list":{"0":"post-12855","1":"product","2":"type-product","3":"status-publish","4":"has-post-thumbnail","6":"product_cat-lefranc-bourgeois-enfants-6-ans-developpement-artistique-peinture-acrylique","8":"first","9":"outofstock","10":"shipping-taxable","11":"purchasable","12":"product-type-simple"},"acf":[],"_links":{"self":[{"href":"https:\/\/trade.colart.com\/fr\/wp-json\/wp\/v2\/product\/12855","targetHints":{"allow":["GET"]}}],"collection":[{"href":"https:\/\/trade.colart.com\/fr\/wp-json\/wp\/v2\/product"}],"about":[{"href":"https:\/\/trade.colart.com\/fr\/wp-json\/wp\/v2\/types\/product"}],"replies":[{"embeddable":true,"href":"https:\/\/trade.colart.com\/fr\/wp-json\/wp\/v2\/comments?post=12855"}],"wp:featuredmedia":[{"embeddable":true,"href":"https:\/\/trade.colart.com\/fr\/wp-json\/wp\/v2\/media\/13516"}],"wp:attachment":[{"href":"https:\/\/trade.colart.com\/fr\/wp-json\/wp\/v2\/media?parent=12855"}],"wp:term":[{"taxonomy":"product_brand","embeddable":true,"href":"https:\/\/trade.colart.com\/fr\/wp-json\/wp\/v2\/product_brand?post=12855"},{"taxonomy":"product_cat","embeddable":true,"href":"https:\/\/trade.colart.com\/fr\/wp-json\/wp\/v2\/product_cat?post=12855"},{"taxonomy":"product_tag","embeddable":true,"href":"https:\/\/trade.colart.com\/fr\/wp-json\/wp\/v2\/product_tag?post=12855"}],"curies":[{"name":"wp","href":"https:\/\/api.w.org\/{rel}","templated":true}]}}