{"id":12856,"date":"2026-03-12T09:25:31","date_gmt":"2026-03-12T09:25:31","guid":{"rendered":"https:\/\/trade.colart.com\/fr\/product\/lefranc-bourgeois-enfants-gouache-liquide-essentiel-assortiment-8x1l\/"},"modified":"2026-04-14T13:56:37","modified_gmt":"2026-04-14T13:56:37","slug":"lefranc-bourgeois-enfants-assortiment-de-gouache-8-couleurs-essentielles","status":"publish","type":"product","link":"https:\/\/trade.colart.com\/fr\/product\/lefranc-bourgeois-enfants-assortiment-de-gouache-8-couleurs-essentielles\/","title":{"rendered":"Lefranc Bourgeois Enfants Assortiment de Gouache 8 Couleurs Essentielles"},"content":{"rendered":"<p>D\u00e9corez des maquettes et peignez des tableaux avec notre kit de peinture pour affiches pour enfants. Flacons de 8x1L de gouache \u00e0 base d&#8217;eau, brillante et bien couvrante, pour la maison et l&#8217;\u00e9cole. Id\u00e9al pour le papier, le carton, le bois et le verre, utilisez-les pour ajouter de la couleur \u00e0 vos projets artistiques.<\/p>\n<p>Fabriqu\u00e9es avec des pigments de haute qualit\u00e9, elles sont faciles \u00e0 m\u00e9langer et s\u00e8chent avec une finition mate et velout\u00e9e. Lavable en machine \u00e0 40\u00b0C. Recommand\u00e9 pour les 4 ans et plus.<\/p>\n","protected":false},"excerpt":{"rendered":"<p>D\u00e9corez des maquettes et peignez des tableaux avec notre kit de peinture pour affiches pour enfants. Flacons de 8x1L de gouache \u00e0 base d&#8217;eau, brillante et bien couvrante, pour la maison et l&#8217;\u00e9cole. Id\u00e9al pour le papier, le carton, le bois et le verre, utilisez-les pour ajouter de la couleur \u00e0 vos projets artistiques.<\/p>\n<p>Fabriqu\u00e9es avec des pigments de haute qualit\u00e9, elles sont faciles \u00e0 m\u00e9langer et s\u00e8chent avec une finition mate et velout\u00e9e. Lavable en machine \u00e0 40\u00b0C. Recommand\u00e9 pour les 4 ans et plus. <span class=\"more_dots\">&#8230;<\/span><\/p>\n<p><a class=\"btn btn-secondary understrap-read-more-link\" href=\"https:\/\/trade.colart.com\/fr\/product\/lefranc-bourgeois-enfants-assortiment-de-gouache-8-couleurs-essentielles\/\">Read More&#8230;<span class=\"screen-reader-text\"> from Lefranc Bourgeois Enfants Assortiment de Gouache 8 Couleurs Essentielles<\/span><\/a><\/p>\n","protected":false},"featured_media":0,"comment_status":"closed","ping_status":"closed","template":"","meta":{"_acf_changed":false},"product_brand":[],"product_cat":[2788],"product_tag":[],"class_list":{"0":"post-12856","1":"product","2":"type-product","3":"status-publish","5":"product_cat-lefranc-bourgeois-enfants-10-ans-education-artistique-gouache-liquide-essentiels","7":"first","8":"instock","9":"shipping-taxable","10":"purchasable","11":"product-type-simple"},"acf":[],"_links":{"self":[{"href":"https:\/\/trade.colart.com\/fr\/wp-json\/wp\/v2\/product\/12856","targetHints":{"allow":["GET"]}}],"collection":[{"href":"https:\/\/trade.colart.com\/fr\/wp-json\/wp\/v2\/product"}],"about":[{"href":"https:\/\/trade.colart.com\/fr\/wp-json\/wp\/v2\/types\/product"}],"replies":[{"embeddable":true,"href":"https:\/\/trade.colart.com\/fr\/wp-json\/wp\/v2\/comments?post=12856"}],"wp:attachment":[{"href":"https:\/\/trade.colart.com\/fr\/wp-json\/wp\/v2\/media?parent=12856"}],"wp:term":[{"taxonomy":"product_brand","embeddable":true,"href":"https:\/\/trade.colart.com\/fr\/wp-json\/wp\/v2\/product_brand?post=12856"},{"taxonomy":"product_cat","embeddable":true,"href":"https:\/\/trade.colart.com\/fr\/wp-json\/wp\/v2\/product_cat?post=12856"},{"taxonomy":"product_tag","embeddable":true,"href":"https:\/\/trade.colart.com\/fr\/wp-json\/wp\/v2\/product_tag?post=12856"}],"curies":[{"name":"wp","href":"https:\/\/api.w.org\/{rel}","templated":true}]}}