{"id":12857,"date":"2026-03-12T09:23:11","date_gmt":"2026-03-12T09:23:11","guid":{"rendered":"https:\/\/trade.colart.com\/fr\/product\/lefranc-bourgeois-enfants-gouache-liquide-assortiment-4x500ml-couleurs-fluorescentes\/"},"modified":"2026-04-10T14:24:37","modified_gmt":"2026-04-10T14:24:37","slug":"lefranc-bourgeois-enfants-assortiment-de-gouache-4-couleurs-fluorescentes","status":"publish","type":"product","link":"https:\/\/trade.colart.com\/fr\/product\/lefranc-bourgeois-enfants-assortiment-de-gouache-4-couleurs-fluorescentes\/","title":{"rendered":"Lefranc Bourgeois Enfants Assortiment de Gouache 4 Couleurs Fluorescentes"},"content":{"rendered":"<p>Peignez des motifs \u00e9blouissants avec notre set de gouache Redimix pour enfants &#8211; Fluorescent. 4 bouteilles de 500 ml de Redimix dans des teintes fluorescentes (jaune, bleu, vert et rose). Avec des couleurs vives et une finition semi-opaque, utilisez Redimix directement \u00e0 partir de la bouteille.<\/p>\n<p>Id\u00e9al pour l&#8217;\u00e9cole et la maison, Redimix peut \u00eatre utilis\u00e9 sur de nombreuses surfaces, notamment le papier, le carton et la p\u00e2te \u00e0 sel. Lavable en machine \u00e0 40\u00b0C.<\/p>\n","protected":false},"excerpt":{"rendered":"<p>Peignez des motifs \u00e9blouissants avec notre set de gouache Redimix pour enfants &#8211; Fluorescent. 4 bouteilles de 500 ml de Redimix dans des teintes fluorescentes (jaune, bleu, vert et rose). Avec des couleurs vives et une finition semi-opaque, utilisez Redimix directement \u00e0 partir de la bouteille.<\/p>\n<p>Id\u00e9al pour l&#8217;\u00e9cole et la maison, Redimix peut \u00eatre utilis\u00e9 sur de nombreuses surfaces, notamment le papier, le carton et la p\u00e2te \u00e0 sel. Lavable en machine \u00e0 40\u00b0C. <span class=\"more_dots\">&#8230;<\/span><\/p>\n<p><a class=\"btn btn-secondary understrap-read-more-link\" href=\"https:\/\/trade.colart.com\/fr\/product\/lefranc-bourgeois-enfants-assortiment-de-gouache-4-couleurs-fluorescentes\/\">Read More&#8230;<span class=\"screen-reader-text\"> from Lefranc Bourgeois Enfants Assortiment de Gouache 4 Couleurs Fluorescentes<\/span><\/a><\/p>\n","protected":false},"featured_media":0,"comment_status":"closed","ping_status":"closed","template":"","meta":{"_acf_changed":false},"product_brand":[],"product_cat":[2785],"product_tag":[],"class_list":{"0":"post-12857","1":"product","2":"type-product","3":"status-publish","5":"product_cat-lefranc-bourgeois-enfants-10-ans-education-artistique-gouache-liquide-redimix","7":"first","8":"instock","9":"shipping-taxable","10":"purchasable","11":"product-type-simple"},"acf":[],"_links":{"self":[{"href":"https:\/\/trade.colart.com\/fr\/wp-json\/wp\/v2\/product\/12857","targetHints":{"allow":["GET"]}}],"collection":[{"href":"https:\/\/trade.colart.com\/fr\/wp-json\/wp\/v2\/product"}],"about":[{"href":"https:\/\/trade.colart.com\/fr\/wp-json\/wp\/v2\/types\/product"}],"replies":[{"embeddable":true,"href":"https:\/\/trade.colart.com\/fr\/wp-json\/wp\/v2\/comments?post=12857"}],"wp:attachment":[{"href":"https:\/\/trade.colart.com\/fr\/wp-json\/wp\/v2\/media?parent=12857"}],"wp:term":[{"taxonomy":"product_brand","embeddable":true,"href":"https:\/\/trade.colart.com\/fr\/wp-json\/wp\/v2\/product_brand?post=12857"},{"taxonomy":"product_cat","embeddable":true,"href":"https:\/\/trade.colart.com\/fr\/wp-json\/wp\/v2\/product_cat?post=12857"},{"taxonomy":"product_tag","embeddable":true,"href":"https:\/\/trade.colart.com\/fr\/wp-json\/wp\/v2\/product_tag?post=12857"}],"curies":[{"name":"wp","href":"https:\/\/api.w.org\/{rel}","templated":true}]}}