{"id":12858,"date":"2026-03-12T09:20:45","date_gmt":"2026-03-12T09:20:45","guid":{"rendered":"https:\/\/trade.colart.com\/fr\/product\/lefranc-bourgeois-enfants-gouache-liquide-assortiment-8x1l-couleurs-primaires\/"},"modified":"2026-04-02T07:57:43","modified_gmt":"2026-04-02T07:57:43","slug":"lefranc-bourgeois-enfants-assortiment-de-8-tubes-de-gouache-2","status":"publish","type":"product","link":"https:\/\/trade.colart.com\/fr\/product\/lefranc-bourgeois-enfants-assortiment-de-8-tubes-de-gouache-2\/","title":{"rendered":"Lefranc Bourgeois Enfants Assortiment de 8 Tubes de Gouache"},"content":{"rendered":"<p>Explorez de nouvelles teintes avec notre set de gouache Redimix &#8211; Couleurs primaires. 8 bouteilles de 1 litre de gouache Redimix dans des couleurs \u00e0 m\u00e9langer (jaune primaire, orange, rouge primaire, outremer, vert vif, terre de Sienne br\u00fbl\u00e9e, noir et 2 blancs).<\/p>\n<p>Brillante et semi-opaque une fois s\u00e8che, la gouache Redimix s&#8217;utilise directement de la bouteille sur presque toutes les surfaces. Lavable en machine \u00e0 40\u00b0C. Id\u00e9al pour la cr\u00e9ation artistique \u00e0 l&#8217;\u00e9cole et \u00e0 la maison.<\/p>\n","protected":false},"excerpt":{"rendered":"<p>Explorez de nouvelles teintes avec notre set de gouache Redimix &#8211; Couleurs primaires. 8 bouteilles de 1 litre de gouache Redimix dans des couleurs \u00e0 m\u00e9langer (jaune primaire, orange, rouge primaire, outremer, vert vif, terre de Sienne br\u00fbl\u00e9e, noir et 2 blancs).<\/p>\n<p>Brillante et semi-opaque une fois s\u00e8che, la gouache Redimix s&#8217;utilise directement de la bouteille sur presque toutes les surfaces. Lavable en machine \u00e0 40\u00b0C. Id\u00e9al pour la cr\u00e9ation artistique \u00e0 l&#8217;\u00e9cole et \u00e0 la maison. <span class=\"more_dots\">&#8230;<\/span><\/p>\n<p><a class=\"btn btn-secondary understrap-read-more-link\" href=\"https:\/\/trade.colart.com\/fr\/product\/lefranc-bourgeois-enfants-assortiment-de-8-tubes-de-gouache-2\/\">Read More&#8230;<span class=\"screen-reader-text\"> from Lefranc Bourgeois Enfants Assortiment de 8 Tubes de Gouache<\/span><\/a><\/p>\n","protected":false},"featured_media":13518,"comment_status":"closed","ping_status":"closed","template":"","meta":{"_acf_changed":false},"product_brand":[],"product_cat":[2785],"product_tag":[],"class_list":{"0":"post-12858","1":"product","2":"type-product","3":"status-publish","4":"has-post-thumbnail","6":"product_cat-lefranc-bourgeois-enfants-10-ans-education-artistique-gouache-liquide-redimix","8":"first","9":"instock","10":"shipping-taxable","11":"purchasable","12":"product-type-simple"},"acf":[],"_links":{"self":[{"href":"https:\/\/trade.colart.com\/fr\/wp-json\/wp\/v2\/product\/12858","targetHints":{"allow":["GET"]}}],"collection":[{"href":"https:\/\/trade.colart.com\/fr\/wp-json\/wp\/v2\/product"}],"about":[{"href":"https:\/\/trade.colart.com\/fr\/wp-json\/wp\/v2\/types\/product"}],"replies":[{"embeddable":true,"href":"https:\/\/trade.colart.com\/fr\/wp-json\/wp\/v2\/comments?post=12858"}],"wp:featuredmedia":[{"embeddable":true,"href":"https:\/\/trade.colart.com\/fr\/wp-json\/wp\/v2\/media\/13518"}],"wp:attachment":[{"href":"https:\/\/trade.colart.com\/fr\/wp-json\/wp\/v2\/media?parent=12858"}],"wp:term":[{"taxonomy":"product_brand","embeddable":true,"href":"https:\/\/trade.colart.com\/fr\/wp-json\/wp\/v2\/product_brand?post=12858"},{"taxonomy":"product_cat","embeddable":true,"href":"https:\/\/trade.colart.com\/fr\/wp-json\/wp\/v2\/product_cat?post=12858"},{"taxonomy":"product_tag","embeddable":true,"href":"https:\/\/trade.colart.com\/fr\/wp-json\/wp\/v2\/product_tag?post=12858"}],"curies":[{"name":"wp","href":"https:\/\/api.w.org\/{rel}","templated":true}]}}