{"id":12859,"date":"2026-03-12T09:24:28","date_gmt":"2026-03-12T09:24:28","guid":{"rendered":"https:\/\/trade.colart.com\/fr\/product\/lefranc-bourgeois-enfants-gouache-liquide-assortiment-8x1l-couleurs-vitamines\/"},"modified":"2026-03-26T07:33:56","modified_gmt":"2026-03-26T07:33:56","slug":"lefranc-bourgeois-enfants-assortiment-de-8-tubes-de-gouache","status":"publish","type":"product","link":"https:\/\/trade.colart.com\/fr\/product\/lefranc-bourgeois-enfants-assortiment-de-8-tubes-de-gouache\/","title":{"rendered":"Lefranc Bourgeois Enfants Assortiment de 8 Tubes de Gouache"},"content":{"rendered":"<p>Capturez la beaut\u00e9 de la nature avec notre set de gouache Redimix &#8211; Couleurs naturelles. 8 bouteilles de 1 litre de gouache Redimix dans des teintes naturelles (jaune d&#8217;or, vermillon, carmin, rose tyrien, violet, bleu primaire, bleu turquoise et vert clair).<\/p>\n<p>Brillante et semi-opaque une fois s\u00e8che, la gouache Redimix peut \u00eatre utilis\u00e9e directement de la bouteille sur presque toutes les surfaces. Lavable en machine \u00e0 40\u00b0C. Id\u00e9al pour la cr\u00e9ation artistique \u00e0 l&#8217;\u00e9cole et \u00e0 la maison.<\/p>\n","protected":false},"excerpt":{"rendered":"<p>Capturez la beaut\u00e9 de la nature avec notre set de gouache Redimix &#8211; Couleurs naturelles. 8 bouteilles de 1 litre de gouache Redimix dans des teintes naturelles (jaune d&#8217;or, vermillon, carmin, rose tyrien, violet, bleu primaire, bleu turquoise et vert clair).<\/p>\n<p>Brillante et semi-opaque une fois s\u00e8che, la gouache Redimix peut \u00eatre utilis\u00e9e directement de la bouteille sur presque toutes les surfaces. Lavable en machine \u00e0 40\u00b0C. Id\u00e9al pour la cr\u00e9ation artistique \u00e0 l&#8217;\u00e9cole et \u00e0 la maison. <span class=\"more_dots\">&#8230;<\/span><\/p>\n<p><a class=\"btn btn-secondary understrap-read-more-link\" href=\"https:\/\/trade.colart.com\/fr\/product\/lefranc-bourgeois-enfants-assortiment-de-8-tubes-de-gouache\/\">Read More&#8230;<span class=\"screen-reader-text\"> from Lefranc Bourgeois Enfants Assortiment de 8 Tubes de Gouache<\/span><\/a><\/p>\n","protected":false},"featured_media":0,"comment_status":"closed","ping_status":"closed","template":"","meta":{"_acf_changed":false},"product_brand":[],"product_cat":[2785],"product_tag":[],"class_list":{"0":"post-12859","1":"product","2":"type-product","3":"status-publish","5":"product_cat-lefranc-bourgeois-enfants-10-ans-education-artistique-gouache-liquide-redimix","7":"first","8":"outofstock","9":"shipping-taxable","10":"purchasable","11":"product-type-simple"},"acf":[],"_links":{"self":[{"href":"https:\/\/trade.colart.com\/fr\/wp-json\/wp\/v2\/product\/12859","targetHints":{"allow":["GET"]}}],"collection":[{"href":"https:\/\/trade.colart.com\/fr\/wp-json\/wp\/v2\/product"}],"about":[{"href":"https:\/\/trade.colart.com\/fr\/wp-json\/wp\/v2\/types\/product"}],"replies":[{"embeddable":true,"href":"https:\/\/trade.colart.com\/fr\/wp-json\/wp\/v2\/comments?post=12859"}],"wp:attachment":[{"href":"https:\/\/trade.colart.com\/fr\/wp-json\/wp\/v2\/media?parent=12859"}],"wp:term":[{"taxonomy":"product_brand","embeddable":true,"href":"https:\/\/trade.colart.com\/fr\/wp-json\/wp\/v2\/product_brand?post=12859"},{"taxonomy":"product_cat","embeddable":true,"href":"https:\/\/trade.colart.com\/fr\/wp-json\/wp\/v2\/product_cat?post=12859"},{"taxonomy":"product_tag","embeddable":true,"href":"https:\/\/trade.colart.com\/fr\/wp-json\/wp\/v2\/product_tag?post=12859"}],"curies":[{"name":"wp","href":"https:\/\/api.w.org\/{rel}","templated":true}]}}