{"id":12860,"date":"2026-03-12T09:28:28","date_gmt":"2026-03-12T09:28:28","guid":{"rendered":"https:\/\/trade.colart.com\/fr\/product\/lefranc-bourgeois-enfants-gouache-pailletee-10x75ml\/"},"modified":"2026-04-09T15:14:12","modified_gmt":"2026-04-09T15:14:12","slug":"lefranc-bourgeois-enfants-assortiment-de-10-gouaches-paillet%c3%a9es","status":"publish","type":"product","link":"https:\/\/trade.colart.com\/fr\/product\/lefranc-bourgeois-enfants-assortiment-de-10-gouaches-paillet%c3%a9es\/","title":{"rendered":"Lefranc Bourgeois Enfants Assortiment de 10 Gouaches Paillet\u00e9es"},"content":{"rendered":"<p>Faites scintiller leurs traits avec notre set de gel et de peinture paillet\u00e9s pour enfants. Ce set de peinture pour enfants comprend dix teintes scintillantes, avec 4 gouaches paillet\u00e9es translucides et 6 gels paillet\u00e9s transparents.<\/p>\n<p>M\u00e9langeables et pr\u00eates \u00e0 l&#8217;emploi, nos peintures sont lavables en machine \u00e0 40\u00b0C. Parfaites pour explorer la lumi\u00e8re et les reflets, tout en \u00e9gayant les projets cr\u00e9atifs \u00e0 l&#8217;\u00e9cole et \u00e0 la maison. Recommand\u00e9 pour les 4 ans et plus<\/p>\n","protected":false},"excerpt":{"rendered":"<p>Faites scintiller leurs traits avec notre set de gel et de peinture paillet\u00e9s pour enfants. Ce set de peinture pour enfants comprend dix teintes scintillantes, avec 4 gouaches paillet\u00e9es translucides et 6 gels paillet\u00e9s transparents.<\/p>\n<p>M\u00e9langeables et pr\u00eates \u00e0 l&#8217;emploi, nos peintures sont lavables en machine \u00e0 40\u00b0C. Parfaites pour explorer la lumi\u00e8re et les reflets, tout en \u00e9gayant les projets cr\u00e9atifs \u00e0 l&#8217;\u00e9cole et \u00e0 la maison. Recommand\u00e9 pour les 4 ans et plus <span class=\"more_dots\">&#8230;<\/span><\/p>\n<p><a class=\"btn btn-secondary understrap-read-more-link\" href=\"https:\/\/trade.colart.com\/fr\/product\/lefranc-bourgeois-enfants-assortiment-de-10-gouaches-paillet%c3%a9es\/\">Read More&#8230;<span class=\"screen-reader-text\"> from Lefranc Bourgeois Enfants Assortiment de 10 Gouaches Paillet\u00e9es<\/span><\/a><\/p>\n","protected":false},"featured_media":58904,"comment_status":"closed","ping_status":"closed","template":"","meta":{"_acf_changed":false},"product_brand":[],"product_cat":[2767],"product_tag":[],"class_list":{"0":"post-12860","1":"product","2":"type-product","3":"status-publish","4":"has-post-thumbnail","6":"product_cat-lefranc-bourgeois-enfants-4-ans-eveil-artistique-couleurs-pailletees","8":"first","9":"instock","10":"shipping-taxable","11":"purchasable","12":"product-type-simple"},"acf":[],"_links":{"self":[{"href":"https:\/\/trade.colart.com\/fr\/wp-json\/wp\/v2\/product\/12860","targetHints":{"allow":["GET"]}}],"collection":[{"href":"https:\/\/trade.colart.com\/fr\/wp-json\/wp\/v2\/product"}],"about":[{"href":"https:\/\/trade.colart.com\/fr\/wp-json\/wp\/v2\/types\/product"}],"replies":[{"embeddable":true,"href":"https:\/\/trade.colart.com\/fr\/wp-json\/wp\/v2\/comments?post=12860"}],"wp:featuredmedia":[{"embeddable":true,"href":"https:\/\/trade.colart.com\/fr\/wp-json\/wp\/v2\/media\/58904"}],"wp:attachment":[{"href":"https:\/\/trade.colart.com\/fr\/wp-json\/wp\/v2\/media?parent=12860"}],"wp:term":[{"taxonomy":"product_brand","embeddable":true,"href":"https:\/\/trade.colart.com\/fr\/wp-json\/wp\/v2\/product_brand?post=12860"},{"taxonomy":"product_cat","embeddable":true,"href":"https:\/\/trade.colart.com\/fr\/wp-json\/wp\/v2\/product_cat?post=12860"},{"taxonomy":"product_tag","embeddable":true,"href":"https:\/\/trade.colart.com\/fr\/wp-json\/wp\/v2\/product_tag?post=12860"}],"curies":[{"name":"wp","href":"https:\/\/api.w.org\/{rel}","templated":true}]}}