{"id":12861,"date":"2026-03-12T16:53:41","date_gmt":"2026-03-12T16:53:41","guid":{"rendered":"https:\/\/trade.colart.com\/fr\/product\/lefranc-bourgeois-enfants-boite-gouache-12-pastilles-28mm-accessoires\/"},"modified":"2026-04-08T17:28:18","modified_gmt":"2026-04-08T17:28:18","slug":"lefranc-bourgeois-enfants-bo%c3%aete-de-12-pastille-de-gouache-et-accessoires","status":"publish","type":"product","link":"https:\/\/trade.colart.com\/fr\/product\/lefranc-bourgeois-enfants-bo%c3%aete-de-12-pastille-de-gouache-et-accessoires\/","title":{"rendered":"Lefranc Bourgeois Enfants Bo\u00eete de 12 Pastille de Gouache et Accessoires"},"content":{"rendered":"<p>Superposez les couleurs avec nos disques de gouache pour enfants. 12 pots de gouache solubles dans l&#8217;eau et un pinceau rond, dans une mallette en plastique portable qui sert \u00e9galement de palette. Fabriqu\u00e9es avec des pigments de haute qualit\u00e9, ces couleurs claires s\u00e8chent avec une finition semi-opaque. <\/p>\n<p>Id\u00e9ales pour colorier des dessins et m\u00e9langer de nouvelles teintes, ces peintures sont non nocives et lavables en machine \u00e0 40\u00b0C. Recommand\u00e9 pour les 4 ans et plus<\/p>\n","protected":false},"excerpt":{"rendered":"<p>Superposez les couleurs avec nos disques de gouache pour enfants. 12 pots de gouache solubles dans l&#8217;eau et un pinceau rond, dans une mallette en plastique portable qui sert \u00e9galement de palette. Fabriqu\u00e9es avec des pigments de haute qualit\u00e9, ces couleurs claires s\u00e8chent avec une finition semi-opaque. <\/p>\n<p>Id\u00e9ales pour colorier des dessins et m\u00e9langer de nouvelles teintes, ces peintures sont non nocives et lavables en machine \u00e0 40\u00b0C. Recommand\u00e9 pour les 4 ans et plus <span class=\"more_dots\">&#8230;<\/span><\/p>\n<p><a class=\"btn btn-secondary understrap-read-more-link\" href=\"https:\/\/trade.colart.com\/fr\/product\/lefranc-bourgeois-enfants-bo%c3%aete-de-12-pastille-de-gouache-et-accessoires\/\">Read More&#8230;<span class=\"screen-reader-text\"> from Lefranc Bourgeois Enfants Bo\u00eete de 12 Pastille de Gouache et Accessoires<\/span><\/a><\/p>\n","protected":false},"featured_media":13526,"comment_status":"closed","ping_status":"closed","template":"","meta":{"_acf_changed":false},"product_brand":[],"product_cat":[2523],"product_tag":[],"class_list":{"0":"post-12861","1":"product","2":"type-product","3":"status-publish","4":"has-post-thumbnail","6":"product_cat-lefranc-bourgeois-enfants-4-ans-eveil-artistique-pastilles-tabliers","8":"first","9":"instock","10":"shipping-taxable","11":"purchasable","12":"product-type-simple"},"acf":[],"_links":{"self":[{"href":"https:\/\/trade.colart.com\/fr\/wp-json\/wp\/v2\/product\/12861","targetHints":{"allow":["GET"]}}],"collection":[{"href":"https:\/\/trade.colart.com\/fr\/wp-json\/wp\/v2\/product"}],"about":[{"href":"https:\/\/trade.colart.com\/fr\/wp-json\/wp\/v2\/types\/product"}],"replies":[{"embeddable":true,"href":"https:\/\/trade.colart.com\/fr\/wp-json\/wp\/v2\/comments?post=12861"}],"wp:featuredmedia":[{"embeddable":true,"href":"https:\/\/trade.colart.com\/fr\/wp-json\/wp\/v2\/media\/13526"}],"wp:attachment":[{"href":"https:\/\/trade.colart.com\/fr\/wp-json\/wp\/v2\/media?parent=12861"}],"wp:term":[{"taxonomy":"product_brand","embeddable":true,"href":"https:\/\/trade.colart.com\/fr\/wp-json\/wp\/v2\/product_brand?post=12861"},{"taxonomy":"product_cat","embeddable":true,"href":"https:\/\/trade.colart.com\/fr\/wp-json\/wp\/v2\/product_cat?post=12861"},{"taxonomy":"product_tag","embeddable":true,"href":"https:\/\/trade.colart.com\/fr\/wp-json\/wp\/v2\/product_tag?post=12861"}],"curies":[{"name":"wp","href":"https:\/\/api.w.org\/{rel}","templated":true}]}}