{"id":12862,"date":"2026-01-02T04:19:39","date_gmt":"2026-01-02T04:19:39","guid":{"rendered":"https:\/\/trade.colart.com\/fr\/product\/lefranc-bourgeois-enfants-magic-sticks-kit\/"},"modified":"2026-04-13T12:21:05","modified_gmt":"2026-04-13T12:21:05","slug":"lefranc-bourgeois-enfants-kit-magic-sticks","status":"publish","type":"product","link":"https:\/\/trade.colart.com\/fr\/product\/lefranc-bourgeois-enfants-kit-magic-sticks\/","title":{"rendered":"Lefranc Bourgeois Enfants Kit Magic Sticks"},"content":{"rendered":"<p>Ajoutez de l&#8217;eau pour lib\u00e9rer la couleur avec nos Kids Magic Sticks. 8 b\u00e2tonnets \u00e0 bout \u00e9ponge avec un centre de g\u00e2teau aquarelle qui d\u00e9borde de couleur. Lumineux, amusants et faciles \u00e0 utiliser, humidifiez l&#8217;\u00e9ponge et commencez \u00e0 peindre. Id\u00e9al pour colorier des dessins et des motifs.<\/p>\n<p>Con\u00e7us de mani\u00e8re intelligente, les Magic Sticks sont une alternative plus propre \u00e0 la peinture traditionnelle. Lavable en machine \u00e0 40\u00b0C. Convient aux enfants de 3 ans et plus<\/p>\n","protected":false},"excerpt":{"rendered":"<p>Ajoutez de l&#8217;eau pour lib\u00e9rer la couleur avec nos Kids Magic Sticks. 8 b\u00e2tonnets \u00e0 bout \u00e9ponge avec un centre de g\u00e2teau aquarelle qui d\u00e9borde de couleur. Lumineux, amusants et faciles \u00e0 utiliser, humidifiez l&#8217;\u00e9ponge et commencez \u00e0 peindre. Id\u00e9al pour colorier des dessins et des motifs.<\/p>\n<p>Con\u00e7us de mani\u00e8re intelligente, les Magic Sticks sont une alternative plus propre \u00e0 la peinture traditionnelle. Lavable en machine \u00e0 40\u00b0C. Convient aux enfants de 3 ans et plus <span class=\"more_dots\">&#8230;<\/span><\/p>\n<p><a class=\"btn btn-secondary understrap-read-more-link\" href=\"https:\/\/trade.colart.com\/fr\/product\/lefranc-bourgeois-enfants-kit-magic-sticks\/\">Read More&#8230;<span class=\"screen-reader-text\"> from Lefranc Bourgeois Enfants Kit Magic Sticks<\/span><\/a><\/p>\n","protected":false},"featured_media":13523,"comment_status":"closed","ping_status":"closed","template":"","meta":{"_acf_changed":false},"product_brand":[],"product_cat":[2780],"product_tag":[],"class_list":{"0":"post-12862","1":"product","2":"type-product","3":"status-publish","4":"has-post-thumbnail","6":"product_cat-lefranc-bourgeois-enfants-6-ans-developpement-artistique-stylos-pinceaux-eponges-de-peinture","8":"first","9":"instock","10":"shipping-taxable","11":"purchasable","12":"product-type-simple"},"acf":[],"_links":{"self":[{"href":"https:\/\/trade.colart.com\/fr\/wp-json\/wp\/v2\/product\/12862","targetHints":{"allow":["GET"]}}],"collection":[{"href":"https:\/\/trade.colart.com\/fr\/wp-json\/wp\/v2\/product"}],"about":[{"href":"https:\/\/trade.colart.com\/fr\/wp-json\/wp\/v2\/types\/product"}],"replies":[{"embeddable":true,"href":"https:\/\/trade.colart.com\/fr\/wp-json\/wp\/v2\/comments?post=12862"}],"wp:featuredmedia":[{"embeddable":true,"href":"https:\/\/trade.colart.com\/fr\/wp-json\/wp\/v2\/media\/13523"}],"wp:attachment":[{"href":"https:\/\/trade.colart.com\/fr\/wp-json\/wp\/v2\/media?parent=12862"}],"wp:term":[{"taxonomy":"product_brand","embeddable":true,"href":"https:\/\/trade.colart.com\/fr\/wp-json\/wp\/v2\/product_brand?post=12862"},{"taxonomy":"product_cat","embeddable":true,"href":"https:\/\/trade.colart.com\/fr\/wp-json\/wp\/v2\/product_cat?post=12862"},{"taxonomy":"product_tag","embeddable":true,"href":"https:\/\/trade.colart.com\/fr\/wp-json\/wp\/v2\/product_tag?post=12862"}],"curies":[{"name":"wp","href":"https:\/\/api.w.org\/{rel}","templated":true}]}}