{"id":12865,"date":"2026-03-12T09:10:20","date_gmt":"2026-03-12T09:10:20","guid":{"rendered":"https:\/\/trade.colart.com\/fr\/product\/lefranc-bourgeois-enfants-assortiment-12-pastels-tendres\/"},"modified":"2026-04-15T09:25:11","modified_gmt":"2026-04-15T09:25:11","slug":"lefranc-bourgeois-enfants-assortiment-de-12-pastels-tendres","status":"publish","type":"product","link":"https:\/\/trade.colart.com\/fr\/product\/lefranc-bourgeois-enfants-assortiment-de-12-pastels-tendres\/","title":{"rendered":"Lefranc Bourgeois Enfants Assortiment de 12 Pastels Tendres"},"content":{"rendered":"<p>Faites des esquisses avec des finitions aquarelles en utilisant notre set de pastels tendres pour enfants. 12 pastels pour aquarelle de couleurs assorties, parfaits pour dessiner et barbouiller le papier avec les doigts. Solubles dans l&#8217;eau et con\u00e7us pour les effets, ajoutez de l&#8217;eau pour cr\u00e9er des lavis.<\/p>\n<p>Dot\u00e9s de pigments de qualit\u00e9 sup\u00e9rieure, ces pastels doux sont lisses et faciles \u00e0 appliquer. Id\u00e9al pour la cr\u00e9ation artistique \u00e0 la maison et \u00e0 l&#8217;\u00e9cole. Recommand\u00e9 pour les 6 ans et plus.<\/p>\n","protected":false},"excerpt":{"rendered":"<p>Faites des esquisses avec des finitions aquarelles en utilisant notre set de pastels tendres pour enfants. 12 pastels pour aquarelle de couleurs assorties, parfaits pour dessiner et barbouiller le papier avec les doigts. Solubles dans l&#8217;eau et con\u00e7us pour les effets, ajoutez de l&#8217;eau pour cr\u00e9er des lavis.<\/p>\n<p>Dot\u00e9s de pigments de qualit\u00e9 sup\u00e9rieure, ces pastels doux sont lisses et faciles \u00e0 appliquer. Id\u00e9al pour la cr\u00e9ation artistique \u00e0 la maison et \u00e0 l&#8217;\u00e9cole. Recommand\u00e9 pour les 6 ans et plus. <span class=\"more_dots\">&#8230;<\/span><\/p>\n<p><a class=\"btn btn-secondary understrap-read-more-link\" href=\"https:\/\/trade.colart.com\/fr\/product\/lefranc-bourgeois-enfants-assortiment-de-12-pastels-tendres\/\">Read More&#8230;<span class=\"screen-reader-text\"> from Lefranc Bourgeois Enfants Assortiment de 12 Pastels Tendres<\/span><\/a><\/p>\n","protected":false},"featured_media":13535,"comment_status":"closed","ping_status":"closed","template":"","meta":{"_acf_changed":false},"product_brand":[],"product_cat":[2778],"product_tag":[],"class_list":{"0":"post-12865","1":"product","2":"type-product","3":"status-publish","4":"has-post-thumbnail","6":"product_cat-lefranc-bourgeois-enfants-6-ans-developpement-artistique-pastels-crayons-cire","8":"first","9":"instock","10":"shipping-taxable","11":"purchasable","12":"product-type-simple"},"acf":[],"_links":{"self":[{"href":"https:\/\/trade.colart.com\/fr\/wp-json\/wp\/v2\/product\/12865","targetHints":{"allow":["GET"]}}],"collection":[{"href":"https:\/\/trade.colart.com\/fr\/wp-json\/wp\/v2\/product"}],"about":[{"href":"https:\/\/trade.colart.com\/fr\/wp-json\/wp\/v2\/types\/product"}],"replies":[{"embeddable":true,"href":"https:\/\/trade.colart.com\/fr\/wp-json\/wp\/v2\/comments?post=12865"}],"wp:featuredmedia":[{"embeddable":true,"href":"https:\/\/trade.colart.com\/fr\/wp-json\/wp\/v2\/media\/13535"}],"wp:attachment":[{"href":"https:\/\/trade.colart.com\/fr\/wp-json\/wp\/v2\/media?parent=12865"}],"wp:term":[{"taxonomy":"product_brand","embeddable":true,"href":"https:\/\/trade.colart.com\/fr\/wp-json\/wp\/v2\/product_brand?post=12865"},{"taxonomy":"product_cat","embeddable":true,"href":"https:\/\/trade.colart.com\/fr\/wp-json\/wp\/v2\/product_cat?post=12865"},{"taxonomy":"product_tag","embeddable":true,"href":"https:\/\/trade.colart.com\/fr\/wp-json\/wp\/v2\/product_tag?post=12865"}],"curies":[{"name":"wp","href":"https:\/\/api.w.org\/{rel}","templated":true}]}}