{"id":12868,"date":"2026-03-12T16:53:02","date_gmt":"2026-03-12T16:53:02","guid":{"rendered":"https:\/\/trade.colart.com\/fr\/product\/lefranc-bourgeois-enfants-assortiment-spoty-5x70ml\/"},"modified":"2026-04-17T12:37:40","modified_gmt":"2026-04-17T12:37:40","slug":"lefranc-bourgeois-enfants-assortiment-de-5-applicateurs-de-gouache-spoty","status":"publish","type":"product","link":"https:\/\/trade.colart.com\/fr\/product\/lefranc-bourgeois-enfants-assortiment-de-5-applicateurs-de-gouache-spoty\/","title":{"rendered":"Lefranc Bourgeois Enfants Assortiment de 5 Applicateurs de Gouache Spoty"},"content":{"rendered":"<p>D\u00e9couvrez la peinture sans d\u00e9bordement avec nos sets d&#8217;applicateurs de gouache pour enfants Spoty Paint. Chaque kit contient une s\u00e9lection ludique de feutres Spoty Paint, avec de la gouache lumineuse. Leurs embouts en mousse sont sp\u00e9cialement \u00e9tudi\u00e9s pour les tout petits. <\/p>\n<p>Parfaits pour les tampons et les m\u00e9langes, ils sont pr\u00eats \u00e0 l&#8217;emploi. R\u00e9sistants aux d\u00e9versements, faciles \u00e0 nettoyer et lavables en machine \u00e0 40\u00b0C, ils mettent de la couleur dans les activit\u00e9s d&#8217;apprentissage ! Pour les 3 ans et plus.<\/p>\n","protected":false},"excerpt":{"rendered":"<p>D\u00e9couvrez la peinture sans d\u00e9bordement avec nos sets d&#8217;applicateurs de gouache pour enfants Spoty Paint. Chaque kit contient une s\u00e9lection ludique de feutres Spoty Paint, avec de la gouache lumineuse. Leurs embouts en mousse sont sp\u00e9cialement \u00e9tudi\u00e9s pour les tout petits. <\/p>\n<p>Parfaits pour les tampons et les m\u00e9langes, ils sont pr\u00eats \u00e0 l&#8217;emploi. R\u00e9sistants aux d\u00e9versements, faciles \u00e0 nettoyer et lavables en machine \u00e0 40\u00b0C, ils mettent de la couleur dans les activit\u00e9s d&#8217;apprentissage ! Pour les 3 ans et plus. <span class=\"more_dots\">&#8230;<\/span><\/p>\n<p><a class=\"btn btn-secondary understrap-read-more-link\" href=\"https:\/\/trade.colart.com\/fr\/product\/lefranc-bourgeois-enfants-assortiment-de-5-applicateurs-de-gouache-spoty\/\">Read More&#8230;<span class=\"screen-reader-text\"> from Lefranc Bourgeois Enfants Assortiment de 5 Applicateurs de Gouache Spoty<\/span><\/a><\/p>\n","protected":false},"featured_media":13547,"comment_status":"closed","ping_status":"closed","template":"","meta":{"_acf_changed":false},"product_brand":[],"product_cat":[2488],"product_tag":[],"class_list":{"0":"post-12868","1":"product","2":"type-product","3":"status-publish","4":"has-post-thumbnail","6":"product_cat-lefranc-bourgeois-enfants-3-ans-eveil-artistique-spoty","8":"first","9":"instock","10":"shipping-taxable","11":"purchasable","12":"product-type-simple"},"acf":[],"_links":{"self":[{"href":"https:\/\/trade.colart.com\/fr\/wp-json\/wp\/v2\/product\/12868","targetHints":{"allow":["GET"]}}],"collection":[{"href":"https:\/\/trade.colart.com\/fr\/wp-json\/wp\/v2\/product"}],"about":[{"href":"https:\/\/trade.colart.com\/fr\/wp-json\/wp\/v2\/types\/product"}],"replies":[{"embeddable":true,"href":"https:\/\/trade.colart.com\/fr\/wp-json\/wp\/v2\/comments?post=12868"}],"wp:featuredmedia":[{"embeddable":true,"href":"https:\/\/trade.colart.com\/fr\/wp-json\/wp\/v2\/media\/13547"}],"wp:attachment":[{"href":"https:\/\/trade.colart.com\/fr\/wp-json\/wp\/v2\/media?parent=12868"}],"wp:term":[{"taxonomy":"product_brand","embeddable":true,"href":"https:\/\/trade.colart.com\/fr\/wp-json\/wp\/v2\/product_brand?post=12868"},{"taxonomy":"product_cat","embeddable":true,"href":"https:\/\/trade.colart.com\/fr\/wp-json\/wp\/v2\/product_cat?post=12868"},{"taxonomy":"product_tag","embeddable":true,"href":"https:\/\/trade.colart.com\/fr\/wp-json\/wp\/v2\/product_tag?post=12868"}],"curies":[{"name":"wp","href":"https:\/\/api.w.org\/{rel}","templated":true}]}}