{"id":12870,"date":"2026-03-12T09:24:36","date_gmt":"2026-03-12T09:24:36","guid":{"rendered":"https:\/\/trade.colart.com\/fr\/product\/lefranc-bourgeois-enfants-gouache-lavable-assortiment-12x500ml\/"},"modified":"2026-04-02T07:57:45","modified_gmt":"2026-04-02T07:57:45","slug":"lefranc-bourgeois-enfants-assortiment-de-gouache-lavable","status":"publish","type":"product","link":"https:\/\/trade.colart.com\/fr\/product\/lefranc-bourgeois-enfants-assortiment-de-gouache-lavable\/","title":{"rendered":"Lefranc Bourgeois Enfants Assortiment de Gouache Lavable"},"content":{"rendered":"<p>Peignez en toute confiance avec notre set de gouache lavable pour enfants. 12 flacons de gouache de 500 ml aux couleurs vives et ultra-lavables, con\u00e7us pour la peinture au doigt et au pinceau.<\/p>\n<p>Cette gouache est fabriqu\u00e9e \u00e0 partir de pigments approuv\u00e9s pour les cosm\u00e9tiques afin de minimiser les r\u00e9actions allergiques. Lavable en machine \u00e0 partir de 30\u00b0C et contenant un agent d&#8217;amertume, c&#8217;est un moyen s\u00fbr et amusant de d\u00e9couvrir la peinture \u00e0 la maison et \u00e0 l&#8217;\u00e9cole.<\/p>\n","protected":false},"excerpt":{"rendered":"<p>Peignez en toute confiance avec notre set de gouache lavable pour enfants. 12 flacons de gouache de 500 ml aux couleurs vives et ultra-lavables, con\u00e7us pour la peinture au doigt et au pinceau.<\/p>\n<p>Cette gouache est fabriqu\u00e9e \u00e0 partir de pigments approuv\u00e9s pour les cosm\u00e9tiques afin de minimiser les r\u00e9actions allergiques. Lavable en machine \u00e0 partir de 30\u00b0C et contenant un agent d&#8217;amertume, c&#8217;est un moyen s\u00fbr et amusant de d\u00e9couvrir la peinture \u00e0 la maison et \u00e0 l&#8217;\u00e9cole. <span class=\"more_dots\">&#8230;<\/span><\/p>\n<p><a class=\"btn btn-secondary understrap-read-more-link\" href=\"https:\/\/trade.colart.com\/fr\/product\/lefranc-bourgeois-enfants-assortiment-de-gouache-lavable\/\">Read More&#8230;<span class=\"screen-reader-text\"> from Lefranc Bourgeois Enfants Assortiment de Gouache Lavable<\/span><\/a><\/p>\n","protected":false},"featured_media":13549,"comment_status":"closed","ping_status":"closed","template":"","meta":{"_acf_changed":false},"product_brand":[],"product_cat":[2452],"product_tag":[],"class_list":{"0":"post-12870","1":"product","2":"type-product","3":"status-publish","4":"has-post-thumbnail","6":"product_cat-lefranc-bourgeois-enfants-18m-decouverte-artistique-gouache-aux-doigts","8":"first","9":"instock","10":"shipping-taxable","11":"purchasable","12":"product-type-simple"},"acf":[],"_links":{"self":[{"href":"https:\/\/trade.colart.com\/fr\/wp-json\/wp\/v2\/product\/12870","targetHints":{"allow":["GET"]}}],"collection":[{"href":"https:\/\/trade.colart.com\/fr\/wp-json\/wp\/v2\/product"}],"about":[{"href":"https:\/\/trade.colart.com\/fr\/wp-json\/wp\/v2\/types\/product"}],"replies":[{"embeddable":true,"href":"https:\/\/trade.colart.com\/fr\/wp-json\/wp\/v2\/comments?post=12870"}],"wp:featuredmedia":[{"embeddable":true,"href":"https:\/\/trade.colart.com\/fr\/wp-json\/wp\/v2\/media\/13549"}],"wp:attachment":[{"href":"https:\/\/trade.colart.com\/fr\/wp-json\/wp\/v2\/media?parent=12870"}],"wp:term":[{"taxonomy":"product_brand","embeddable":true,"href":"https:\/\/trade.colart.com\/fr\/wp-json\/wp\/v2\/product_brand?post=12870"},{"taxonomy":"product_cat","embeddable":true,"href":"https:\/\/trade.colart.com\/fr\/wp-json\/wp\/v2\/product_cat?post=12870"},{"taxonomy":"product_tag","embeddable":true,"href":"https:\/\/trade.colart.com\/fr\/wp-json\/wp\/v2\/product_tag?post=12870"}],"curies":[{"name":"wp","href":"https:\/\/api.w.org\/{rel}","templated":true}]}}