{"id":12871,"date":"2026-03-12T09:20:34","date_gmt":"2026-03-12T09:20:34","guid":{"rendered":"https:\/\/trade.colart.com\/fr\/product\/lefranc-bourgeois-enfants-pack-gouache-spoty-12x30ml\/"},"modified":"2026-04-17T09:12:04","modified_gmt":"2026-04-17T09:12:04","slug":"lefranc-bourgeois-enfants-assortiement-de-12-gouache-spoty","status":"publish","type":"product","link":"https:\/\/trade.colart.com\/fr\/product\/lefranc-bourgeois-enfants-assortiement-de-12-gouache-spoty\/","title":{"rendered":"Lefranc Bourgeois Enfants Assortiement de 12 Gouache Spoty"},"content":{"rendered":"<p>D\u00e9couvrez la peinture sans d\u00e9bordement avec nos kits Spoty avec applicateur de peinture. Chacun d&#8217;entre eux contient une s\u00e9lection d&#8217;applicateurs Spoty amusants, nos peintures gouaches lumineuses avec des embouts en mousse pour les jeunes enfants. <\/p>\n<p>Parfaits pour les tampons et les m\u00e9langes, ils sont non nocives et pr\u00eats \u00e0 l&#8217;emploi. R\u00e9sistants aux d\u00e9versements, faciles \u00e0 nettoyer et lavables en machine \u00e0 40\u00b0C, ils sont le moyen id\u00e9al de rendre l&#8217;apprentissage plus color\u00e9. Pour les 3 ans et plus<\/p>\n","protected":false},"excerpt":{"rendered":"<p>D\u00e9couvrez la peinture sans d\u00e9bordement avec nos kits Spoty avec applicateur de peinture. Chacun d&#8217;entre eux contient une s\u00e9lection d&#8217;applicateurs Spoty amusants, nos peintures gouaches lumineuses avec des embouts en mousse pour les jeunes enfants. <\/p>\n<p>Parfaits pour les tampons et les m\u00e9langes, ils sont non nocives et pr\u00eats \u00e0 l&#8217;emploi. R\u00e9sistants aux d\u00e9versements, faciles \u00e0 nettoyer et lavables en machine \u00e0 40\u00b0C, ils sont le moyen id\u00e9al de rendre l&#8217;apprentissage plus color\u00e9. Pour les 3 ans et plus <span class=\"more_dots\">&#8230;<\/span><\/p>\n<p><a class=\"btn btn-secondary understrap-read-more-link\" href=\"https:\/\/trade.colart.com\/fr\/product\/lefranc-bourgeois-enfants-assortiement-de-12-gouache-spoty\/\">Read More&#8230;<span class=\"screen-reader-text\"> from Lefranc Bourgeois Enfants Assortiement de 12 Gouache Spoty<\/span><\/a><\/p>\n","protected":false},"featured_media":13550,"comment_status":"closed","ping_status":"closed","template":"","meta":{"_acf_changed":false},"product_brand":[],"product_cat":[2805],"product_tag":[],"class_list":{"0":"post-12871","1":"product","2":"type-product","3":"status-publish","4":"has-post-thumbnail","6":"product_cat-lefranc-bourgeois-enfants-school-packs","8":"first","9":"instock","10":"shipping-taxable","11":"purchasable","12":"product-type-simple"},"acf":[],"_links":{"self":[{"href":"https:\/\/trade.colart.com\/fr\/wp-json\/wp\/v2\/product\/12871","targetHints":{"allow":["GET"]}}],"collection":[{"href":"https:\/\/trade.colart.com\/fr\/wp-json\/wp\/v2\/product"}],"about":[{"href":"https:\/\/trade.colart.com\/fr\/wp-json\/wp\/v2\/types\/product"}],"replies":[{"embeddable":true,"href":"https:\/\/trade.colart.com\/fr\/wp-json\/wp\/v2\/comments?post=12871"}],"wp:featuredmedia":[{"embeddable":true,"href":"https:\/\/trade.colart.com\/fr\/wp-json\/wp\/v2\/media\/13550"}],"wp:attachment":[{"href":"https:\/\/trade.colart.com\/fr\/wp-json\/wp\/v2\/media?parent=12871"}],"wp:term":[{"taxonomy":"product_brand","embeddable":true,"href":"https:\/\/trade.colart.com\/fr\/wp-json\/wp\/v2\/product_brand?post=12871"},{"taxonomy":"product_cat","embeddable":true,"href":"https:\/\/trade.colart.com\/fr\/wp-json\/wp\/v2\/product_cat?post=12871"},{"taxonomy":"product_tag","embeddable":true,"href":"https:\/\/trade.colart.com\/fr\/wp-json\/wp\/v2\/product_tag?post=12871"}],"curies":[{"name":"wp","href":"https:\/\/api.w.org\/{rel}","templated":true}]}}