{"id":12872,"date":"2026-03-12T16:55:40","date_gmt":"2026-03-12T16:55:40","guid":{"rendered":"https:\/\/trade.colart.com\/fr\/product\/lefranc-bourgeois-enfants-sachet-8-pinceaux-fun\/"},"modified":"2026-04-17T11:05:27","modified_gmt":"2026-04-17T11:05:27","slug":"lefranc-bourgeois-enfants-set-de-8-pinceaux-fun","status":"publish","type":"product","link":"https:\/\/trade.colart.com\/fr\/product\/lefranc-bourgeois-enfants-set-de-8-pinceaux-fun\/","title":{"rendered":"Lefranc Bourgeois Enfants Set de 8 Pinceaux Fun"},"content":{"rendered":"<p>Mettez de la magie dans la peinture avec notre set de pinceaux \u00e0 paillettes pour enfants, comprenant huit pinceaux assortis en fibres naturelles, dont quatre pinceaux plats et quatre pinceaux \u00e0 bouts ronds (2 x N\u00b010, N\u00b012, N\u00b014 et N\u00b016). Chaque pinceau a un manche paillet\u00e9 brillant, facile \u00e0 tenir et con\u00e7u pour les enfants.<\/p>\n<p>Avec des poils durables, ce set convient pour l&#8217;acrylique, l&#8217;aquarelle et la gouache. Recommand\u00e9 pour les 4 ans et plus.<\/p>\n","protected":false},"excerpt":{"rendered":"<p>Mettez de la magie dans la peinture avec notre set de pinceaux \u00e0 paillettes pour enfants, comprenant huit pinceaux assortis en fibres naturelles, dont quatre pinceaux plats et quatre pinceaux \u00e0 bouts ronds (2 x N\u00b010, N\u00b012, N\u00b014 et N\u00b016). Chaque pinceau a un manche paillet\u00e9 brillant, facile \u00e0 tenir et con\u00e7u pour les enfants.<\/p>\n<p>Avec des poils durables, ce set convient pour l&#8217;acrylique, l&#8217;aquarelle et la gouache. Recommand\u00e9 pour les 4 ans et plus. <span class=\"more_dots\">&#8230;<\/span><\/p>\n<p><a class=\"btn btn-secondary understrap-read-more-link\" href=\"https:\/\/trade.colart.com\/fr\/product\/lefranc-bourgeois-enfants-set-de-8-pinceaux-fun\/\">Read More&#8230;<span class=\"screen-reader-text\"> from Lefranc Bourgeois Enfants Set de 8 Pinceaux Fun<\/span><\/a><\/p>\n","protected":false},"featured_media":13553,"comment_status":"closed","ping_status":"closed","template":"","meta":{"_acf_changed":false},"product_brand":[],"product_cat":[2802],"product_tag":[],"class_list":{"0":"post-12872","1":"product","2":"type-product","3":"status-publish","4":"has-post-thumbnail","6":"product_cat-lefranc-bourgeois-enfants-10-ans-education-artistique-brosses-pinceaux-pinceaux-fun","8":"first","9":"instock","10":"shipping-taxable","11":"purchasable","12":"product-type-simple"},"acf":[],"_links":{"self":[{"href":"https:\/\/trade.colart.com\/fr\/wp-json\/wp\/v2\/product\/12872","targetHints":{"allow":["GET"]}}],"collection":[{"href":"https:\/\/trade.colart.com\/fr\/wp-json\/wp\/v2\/product"}],"about":[{"href":"https:\/\/trade.colart.com\/fr\/wp-json\/wp\/v2\/types\/product"}],"replies":[{"embeddable":true,"href":"https:\/\/trade.colart.com\/fr\/wp-json\/wp\/v2\/comments?post=12872"}],"wp:featuredmedia":[{"embeddable":true,"href":"https:\/\/trade.colart.com\/fr\/wp-json\/wp\/v2\/media\/13553"}],"wp:attachment":[{"href":"https:\/\/trade.colart.com\/fr\/wp-json\/wp\/v2\/media?parent=12872"}],"wp:term":[{"taxonomy":"product_brand","embeddable":true,"href":"https:\/\/trade.colart.com\/fr\/wp-json\/wp\/v2\/product_brand?post=12872"},{"taxonomy":"product_cat","embeddable":true,"href":"https:\/\/trade.colart.com\/fr\/wp-json\/wp\/v2\/product_cat?post=12872"},{"taxonomy":"product_tag","embeddable":true,"href":"https:\/\/trade.colart.com\/fr\/wp-json\/wp\/v2\/product_tag?post=12872"}],"curies":[{"name":"wp","href":"https:\/\/api.w.org\/{rel}","templated":true}]}}