{"id":12873,"date":"2026-01-02T06:14:05","date_gmt":"2026-01-02T06:14:05","guid":{"rendered":"https:\/\/trade.colart.com\/fr\/product\/lefranc-bourgeois-enfants-blister-5-mini-pinceaux-poney-268soie-de-porc-810\/"},"modified":"2026-04-16T09:33:29","modified_gmt":"2026-04-16T09:33:29","slug":"lefranc-bourgeois-enfants-assortiment-de-5-mini-pinceaux-en-poil-de-poney-n268-et-soie-de-porc-n810","status":"publish","type":"product","link":"https:\/\/trade.colart.com\/fr\/product\/lefranc-bourgeois-enfants-assortiment-de-5-mini-pinceaux-en-poil-de-poney-n268-et-soie-de-porc-n810\/","title":{"rendered":"Lefranc Bourgeois Enfants Assortiment de 5 Mini Pinceaux en Poil de Poney (N\u00b02\/6\/8) et Soie de Porc (N\u00b08\/10)"},"content":{"rendered":"<p>Inspirez les jeunes artistes \u00e0 peindre avec notre Pack de cinq mini-pinceaux assortis, de haute qualit\u00e9, pour les petites mains. Avec trois pinceaux ronds en poils de poney (N\u00b02, N\u00b06 et N\u00b08) et deux pinceaux plats en soie de porc (N\u00b08 et N\u00b010), peignez les contours, les d\u00e9tails et obtenez une grande couvrance.<\/p>\n<p>Adapt\u00e9 aux peintures acryliques, \u00e0 l&#8217;encre et \u00e0 l&#8217;aquarelle, ce set de pinceaux en fibres naturelles est parfait pour la peinture \u00e0 la maison et \u00e0 l&#8217;\u00e9cole.<\/p>\n","protected":false},"excerpt":{"rendered":"<p>Inspirez les jeunes artistes \u00e0 peindre avec notre Pack de cinq mini-pinceaux assortis, de haute qualit\u00e9, pour les petites mains. Avec trois pinceaux ronds en poils de poney (N\u00b02, N\u00b06 et N\u00b08) et deux pinceaux plats en soie de porc (N\u00b08 et N\u00b010), peignez les contours, les d\u00e9tails et obtenez une grande couvrance.<\/p>\n<p>Adapt\u00e9 aux peintures acryliques, \u00e0 l&#8217;encre et \u00e0 l&#8217;aquarelle, ce set de pinceaux en fibres naturelles est parfait pour la peinture \u00e0 la maison et \u00e0 l&#8217;\u00e9cole. <span class=\"more_dots\">&#8230;<\/span><\/p>\n<p><a class=\"btn btn-secondary understrap-read-more-link\" href=\"https:\/\/trade.colart.com\/fr\/product\/lefranc-bourgeois-enfants-assortiment-de-5-mini-pinceaux-en-poil-de-poney-n268-et-soie-de-porc-n810\/\">Read More&#8230;<span class=\"screen-reader-text\"> from Lefranc Bourgeois Enfants Assortiment de 5 Mini Pinceaux en Poil de Poney (N\u00b02\/6\/8) et Soie de Porc (N\u00b08\/10)<\/span><\/a><\/p>\n","protected":false},"featured_media":13552,"comment_status":"closed","ping_status":"closed","template":"","meta":{"_acf_changed":false},"product_brand":[],"product_cat":[2804],"product_tag":[],"class_list":{"0":"post-12873","1":"product","2":"type-product","3":"status-publish","4":"has-post-thumbnail","6":"product_cat-lefranc-bourgeois-enfants-10-ans-education-artistique-brosses-pinceaux-mini-pinceaux","8":"first","9":"instock","10":"shipping-taxable","11":"purchasable","12":"product-type-simple"},"acf":[],"_links":{"self":[{"href":"https:\/\/trade.colart.com\/fr\/wp-json\/wp\/v2\/product\/12873","targetHints":{"allow":["GET"]}}],"collection":[{"href":"https:\/\/trade.colart.com\/fr\/wp-json\/wp\/v2\/product"}],"about":[{"href":"https:\/\/trade.colart.com\/fr\/wp-json\/wp\/v2\/types\/product"}],"replies":[{"embeddable":true,"href":"https:\/\/trade.colart.com\/fr\/wp-json\/wp\/v2\/comments?post=12873"}],"wp:featuredmedia":[{"embeddable":true,"href":"https:\/\/trade.colart.com\/fr\/wp-json\/wp\/v2\/media\/13552"}],"wp:attachment":[{"href":"https:\/\/trade.colart.com\/fr\/wp-json\/wp\/v2\/media?parent=12873"}],"wp:term":[{"taxonomy":"product_brand","embeddable":true,"href":"https:\/\/trade.colart.com\/fr\/wp-json\/wp\/v2\/product_brand?post=12873"},{"taxonomy":"product_cat","embeddable":true,"href":"https:\/\/trade.colart.com\/fr\/wp-json\/wp\/v2\/product_cat?post=12873"},{"taxonomy":"product_tag","embeddable":true,"href":"https:\/\/trade.colart.com\/fr\/wp-json\/wp\/v2\/product_tag?post=12873"}],"curies":[{"name":"wp","href":"https:\/\/api.w.org\/{rel}","templated":true}]}}