{"id":12875,"date":"2026-03-12T11:52:23","date_gmt":"2026-03-12T11:52:23","guid":{"rendered":"https:\/\/trade.colart.com\/fr\/product\/lefranc-bourgeois-linogravure-manche-porte-gouge\/"},"modified":"2026-04-17T08:32:47","modified_gmt":"2026-04-17T08:32:47","slug":"lefranc-bourgeois-manche-porte-gouge-de-linogravure","status":"publish","type":"product","link":"https:\/\/trade.colart.com\/fr\/product\/lefranc-bourgeois-manche-porte-gouge-de-linogravure\/","title":{"rendered":"Lefranc Bourgeois Manche Porte Gouge de Linogravure"},"content":{"rendered":"<p>D\u00e9coupez des images complexes dans le lino avec notre manche de linocutter pour enfants. Ce manche de linocutter en plastique s&#8217;adapte \u00e0 une s\u00e9rie de gouges pour des effets de gravure vari\u00e9s. Ergonomique, il a \u00e9t\u00e9 con\u00e7u pour un meilleur contr\u00f4le lors de la d\u00e9coupe. Utilisez-le pour cr\u00e9er des images d\u00e9taill\u00e9es pour la gravure.<\/p>\n<p>Id\u00e9al pour une utilisation \u00e0 la maison ou \u00e0 l&#8217;\u00e9cole, ce produit convient aux personnes \u00e2g\u00e9es de 6 ans et plus. Gouges de linogravure non incluses.<\/p>\n","protected":false},"excerpt":{"rendered":"<p>D\u00e9coupez des images complexes dans le lino avec notre manche de linocutter pour enfants. Ce manche de linocutter en plastique s&#8217;adapte \u00e0 une s\u00e9rie de gouges pour des effets de gravure vari\u00e9s. Ergonomique, il a \u00e9t\u00e9 con\u00e7u pour un meilleur contr\u00f4le lors de la d\u00e9coupe. Utilisez-le pour cr\u00e9er des images d\u00e9taill\u00e9es pour la gravure.<\/p>\n<p>Id\u00e9al pour une utilisation \u00e0 la maison ou \u00e0 l&#8217;\u00e9cole, ce produit convient aux personnes \u00e2g\u00e9es de 6 ans et plus. Gouges de linogravure non incluses. <span class=\"more_dots\">&#8230;<\/span><\/p>\n<p><a class=\"btn btn-secondary understrap-read-more-link\" href=\"https:\/\/trade.colart.com\/fr\/product\/lefranc-bourgeois-manche-porte-gouge-de-linogravure\/\">Read More&#8230;<span class=\"screen-reader-text\"> from Lefranc Bourgeois Manche Porte Gouge de Linogravure<\/span><\/a><\/p>\n","protected":false},"featured_media":13556,"comment_status":"closed","ping_status":"closed","template":"","meta":{"_acf_changed":false},"product_brand":[],"product_cat":[2843],"product_tag":[],"class_list":{"0":"post-12875","1":"product","2":"type-product","3":"status-publish","4":"has-post-thumbnail","6":"product_cat-lefranc-bourgeois-beaux-arts-linogravure-accesoires-linogravure","8":"first","9":"instock","10":"shipping-taxable","11":"purchasable","12":"product-type-simple"},"acf":[],"_links":{"self":[{"href":"https:\/\/trade.colart.com\/fr\/wp-json\/wp\/v2\/product\/12875","targetHints":{"allow":["GET"]}}],"collection":[{"href":"https:\/\/trade.colart.com\/fr\/wp-json\/wp\/v2\/product"}],"about":[{"href":"https:\/\/trade.colart.com\/fr\/wp-json\/wp\/v2\/types\/product"}],"replies":[{"embeddable":true,"href":"https:\/\/trade.colart.com\/fr\/wp-json\/wp\/v2\/comments?post=12875"}],"wp:featuredmedia":[{"embeddable":true,"href":"https:\/\/trade.colart.com\/fr\/wp-json\/wp\/v2\/media\/13556"}],"wp:attachment":[{"href":"https:\/\/trade.colart.com\/fr\/wp-json\/wp\/v2\/media?parent=12875"}],"wp:term":[{"taxonomy":"product_brand","embeddable":true,"href":"https:\/\/trade.colart.com\/fr\/wp-json\/wp\/v2\/product_brand?post=12875"},{"taxonomy":"product_cat","embeddable":true,"href":"https:\/\/trade.colart.com\/fr\/wp-json\/wp\/v2\/product_cat?post=12875"},{"taxonomy":"product_tag","embeddable":true,"href":"https:\/\/trade.colart.com\/fr\/wp-json\/wp\/v2\/product_tag?post=12875"}],"curies":[{"name":"wp","href":"https:\/\/api.w.org\/{rel}","templated":true}]}}