{"id":12877,"date":"2026-03-12T11:51:35","date_gmt":"2026-03-12T11:51:35","guid":{"rendered":"https:\/\/trade.colart.com\/fr\/product\/lefranc-bourgeois-linogravure-gouge-n9-petite-taille-en-v\/"},"modified":"2026-04-17T10:13:15","modified_gmt":"2026-04-17T10:13:15","slug":"lefranc-bourgeois-gouge-n9-en-v-petite-taille-de-linogravure","status":"publish","type":"product","link":"https:\/\/trade.colart.com\/fr\/product\/lefranc-bourgeois-gouge-n9-en-v-petite-taille-de-linogravure\/","title":{"rendered":"Lefranc Bourgeois Gouge N\u00b09 en V Petite Taille de Linogravure"},"content":{"rendered":"<p>D\u00e9coupez des lignes fines et triangulaires dans le lino avec notre Gouge N\u00b09 sp\u00e9ciale linogravure pour enfants. Cette petite plume d\u00e9tachable en forme de V s&#8217;adapte au manche de notre Linocutter pour vous permettre de d\u00e9couper des images dans le linol\u00e9um. Cette gouge de qualit\u00e9 sup\u00e9rieure est plaqu\u00e9e nickel et aff\u00fbt\u00e9e pour une d\u00e9coupe nette.<\/p>\n<p>Con\u00e7ue pour la linogravure \u00e0 la maison, comme \u00e0 l&#8217;\u00e9cole, elle convient aux plus de 6 ans. Le manche du Linocutter est vendu s\u00e9par\u00e9ment.<\/p>\n","protected":false},"excerpt":{"rendered":"<p>D\u00e9coupez des lignes fines et triangulaires dans le lino avec notre Gouge N\u00b09 sp\u00e9ciale linogravure pour enfants. Cette petite plume d\u00e9tachable en forme de V s&#8217;adapte au manche de notre Linocutter pour vous permettre de d\u00e9couper des images dans le linol\u00e9um. Cette gouge de qualit\u00e9 sup\u00e9rieure est plaqu\u00e9e nickel et aff\u00fbt\u00e9e pour une d\u00e9coupe nette.<\/p>\n<p>Con\u00e7ue pour la linogravure \u00e0 la maison, comme \u00e0 l&#8217;\u00e9cole, elle convient aux plus de 6 ans. Le manche du Linocutter est vendu s\u00e9par\u00e9ment. <span class=\"more_dots\">&#8230;<\/span><\/p>\n<p><a class=\"btn btn-secondary understrap-read-more-link\" href=\"https:\/\/trade.colart.com\/fr\/product\/lefranc-bourgeois-gouge-n9-en-v-petite-taille-de-linogravure\/\">Read More&#8230;<span class=\"screen-reader-text\"> from Lefranc Bourgeois Gouge N\u00b09 en V Petite Taille de Linogravure<\/span><\/a><\/p>\n","protected":false},"featured_media":13558,"comment_status":"closed","ping_status":"closed","template":"","meta":{"_acf_changed":false},"product_brand":[],"product_cat":[2843],"product_tag":[],"class_list":{"0":"post-12877","1":"product","2":"type-product","3":"status-publish","4":"has-post-thumbnail","6":"product_cat-lefranc-bourgeois-beaux-arts-linogravure-accesoires-linogravure","8":"first","9":"instock","10":"shipping-taxable","11":"purchasable","12":"product-type-simple"},"acf":[],"_links":{"self":[{"href":"https:\/\/trade.colart.com\/fr\/wp-json\/wp\/v2\/product\/12877","targetHints":{"allow":["GET"]}}],"collection":[{"href":"https:\/\/trade.colart.com\/fr\/wp-json\/wp\/v2\/product"}],"about":[{"href":"https:\/\/trade.colart.com\/fr\/wp-json\/wp\/v2\/types\/product"}],"replies":[{"embeddable":true,"href":"https:\/\/trade.colart.com\/fr\/wp-json\/wp\/v2\/comments?post=12877"}],"wp:featuredmedia":[{"embeddable":true,"href":"https:\/\/trade.colart.com\/fr\/wp-json\/wp\/v2\/media\/13558"}],"wp:attachment":[{"href":"https:\/\/trade.colart.com\/fr\/wp-json\/wp\/v2\/media?parent=12877"}],"wp:term":[{"taxonomy":"product_brand","embeddable":true,"href":"https:\/\/trade.colart.com\/fr\/wp-json\/wp\/v2\/product_brand?post=12877"},{"taxonomy":"product_cat","embeddable":true,"href":"https:\/\/trade.colart.com\/fr\/wp-json\/wp\/v2\/product_cat?post=12877"},{"taxonomy":"product_tag","embeddable":true,"href":"https:\/\/trade.colart.com\/fr\/wp-json\/wp\/v2\/product_tag?post=12877"}],"curies":[{"name":"wp","href":"https:\/\/api.w.org\/{rel}","templated":true}]}}