{"id":12879,"date":"2026-03-12T16:55:48","date_gmt":"2026-03-12T16:55:48","guid":{"rendered":"https:\/\/trade.colart.com\/fr\/product\/lefranc-bourgeois-enfants-lave-pinceau-anti-fuite\/"},"modified":"2026-04-15T14:25:43","modified_gmt":"2026-04-15T14:25:43","slug":"lefranc-bourgeois-enfants-lave-pinceau-anti-fuite","status":"publish","type":"product","link":"https:\/\/trade.colart.com\/fr\/product\/lefranc-bourgeois-enfants-lave-pinceau-anti-fuite\/","title":{"rendered":"Lefranc Bourgeois Enfants Lave Pinceau Anti-Fuite"},"content":{"rendered":"<p>Lavez vos pinceaux et gardez vos surfaces propres avec notre pot \u00e0 pinceaux anti-fuite pour enfants. Dot\u00e9 d&#8217;un couvercle intelligent anti-fuite, ce pot de nettoyage emp\u00eache le liquide de se d\u00e9verser lorsqu&#8217;il est renvers\u00e9 et r\u00e9duit les \u00e9claboussures lorsque vous nettoyez vos pinceaux. <\/p>\n<p>Parfait pour prot\u00e9ger les \u0153uvres d&#8217;art de votre petit artiste et vos surfaces. En plastique r\u00e9sistant, il est \u00e9galement facile \u00e0 nettoyer. Volume 75ml<\/p>\n","protected":false},"excerpt":{"rendered":"<p>Lavez vos pinceaux et gardez vos surfaces propres avec notre pot \u00e0 pinceaux anti-fuite pour enfants. Dot\u00e9 d&#8217;un couvercle intelligent anti-fuite, ce pot de nettoyage emp\u00eache le liquide de se d\u00e9verser lorsqu&#8217;il est renvers\u00e9 et r\u00e9duit les \u00e9claboussures lorsque vous nettoyez vos pinceaux. <\/p>\n<p>Parfait pour prot\u00e9ger les \u0153uvres d&#8217;art de votre petit artiste et vos surfaces. En plastique r\u00e9sistant, il est \u00e9galement facile \u00e0 nettoyer. Volume 75ml <span class=\"more_dots\">&#8230;<\/span><\/p>\n<p><a class=\"btn btn-secondary understrap-read-more-link\" href=\"https:\/\/trade.colart.com\/fr\/product\/lefranc-bourgeois-enfants-lave-pinceau-anti-fuite\/\">Read More&#8230;<span class=\"screen-reader-text\"> from Lefranc Bourgeois Enfants Lave Pinceau Anti-Fuite<\/span><\/a><\/p>\n","protected":false},"featured_media":13560,"comment_status":"closed","ping_status":"closed","template":"","meta":{"_acf_changed":false},"product_brand":[],"product_cat":[2806],"product_tag":[],"class_list":{"0":"post-12879","1":"product","2":"type-product","3":"status-publish","4":"has-post-thumbnail","6":"product_cat-lefranc-bourgeois-enfants-10-ans-education-artistique-accessoires","8":"first","9":"instock","10":"shipping-taxable","11":"purchasable","12":"product-type-simple"},"acf":[],"_links":{"self":[{"href":"https:\/\/trade.colart.com\/fr\/wp-json\/wp\/v2\/product\/12879","targetHints":{"allow":["GET"]}}],"collection":[{"href":"https:\/\/trade.colart.com\/fr\/wp-json\/wp\/v2\/product"}],"about":[{"href":"https:\/\/trade.colart.com\/fr\/wp-json\/wp\/v2\/types\/product"}],"replies":[{"embeddable":true,"href":"https:\/\/trade.colart.com\/fr\/wp-json\/wp\/v2\/comments?post=12879"}],"wp:featuredmedia":[{"embeddable":true,"href":"https:\/\/trade.colart.com\/fr\/wp-json\/wp\/v2\/media\/13560"}],"wp:attachment":[{"href":"https:\/\/trade.colart.com\/fr\/wp-json\/wp\/v2\/media?parent=12879"}],"wp:term":[{"taxonomy":"product_brand","embeddable":true,"href":"https:\/\/trade.colart.com\/fr\/wp-json\/wp\/v2\/product_brand?post=12879"},{"taxonomy":"product_cat","embeddable":true,"href":"https:\/\/trade.colart.com\/fr\/wp-json\/wp\/v2\/product_cat?post=12879"},{"taxonomy":"product_tag","embeddable":true,"href":"https:\/\/trade.colart.com\/fr\/wp-json\/wp\/v2\/product_tag?post=12879"}],"curies":[{"name":"wp","href":"https:\/\/api.w.org\/{rel}","templated":true}]}}