{"id":12881,"date":"2026-03-12T16:54:57","date_gmt":"2026-03-12T16:54:57","guid":{"rendered":"https:\/\/trade.colart.com\/fr\/product\/lefranc-bourgeois-enfants-palette-plastique-marguerite\/"},"modified":"2026-04-17T13:19:43","modified_gmt":"2026-04-17T13:19:43","slug":"lefranc-bourgeois-palette-marguerite","status":"publish","type":"product","link":"https:\/\/trade.colart.com\/fr\/product\/lefranc-bourgeois-palette-marguerite\/","title":{"rendered":"Lefranc Bourgeois Palette Marguerite"},"content":{"rendered":"<p>Obtenez des nuances parfaites et r\u00e9duisez les d\u00e9g\u00e2ts au minimum avec notre palette Daisy pour enfants. Id\u00e9ale pour m\u00e9langer la gouache, l&#8217;acrylique, la d\u00e9trempe et l&#8217;aquarelle, cette palette \u00e9l\u00e9gante est dot\u00e9e de sept puits profonds con\u00e7us pour emp\u00eacher la peinture de se r\u00e9pandre.<\/p>\n<p>En plastique blanc, cette palette de peinture est facile \u00e0 nettoyer et durable. Dimensions 17.5 x 3 cm. Convient aux enfants de 3 ans et plus.<\/p>\n","protected":false},"excerpt":{"rendered":"<p>Obtenez des nuances parfaites et r\u00e9duisez les d\u00e9g\u00e2ts au minimum avec notre palette Daisy pour enfants. Id\u00e9ale pour m\u00e9langer la gouache, l&#8217;acrylique, la d\u00e9trempe et l&#8217;aquarelle, cette palette \u00e9l\u00e9gante est dot\u00e9e de sept puits profonds con\u00e7us pour emp\u00eacher la peinture de se r\u00e9pandre.<\/p>\n<p>En plastique blanc, cette palette de peinture est facile \u00e0 nettoyer et durable. Dimensions 17.5 x 3 cm. Convient aux enfants de 3 ans et plus. <span class=\"more_dots\">&#8230;<\/span><\/p>\n<p><a class=\"btn btn-secondary understrap-read-more-link\" href=\"https:\/\/trade.colart.com\/fr\/product\/lefranc-bourgeois-palette-marguerite\/\">Read More&#8230;<span class=\"screen-reader-text\"> from Lefranc Bourgeois Palette Marguerite<\/span><\/a><\/p>\n","protected":false},"featured_media":13565,"comment_status":"closed","ping_status":"closed","template":"","meta":{"_acf_changed":false},"product_brand":[],"product_cat":[2806],"product_tag":[],"class_list":{"0":"post-12881","1":"product","2":"type-product","3":"status-publish","4":"has-post-thumbnail","6":"product_cat-lefranc-bourgeois-enfants-10-ans-education-artistique-accessoires","8":"first","9":"instock","10":"shipping-taxable","11":"purchasable","12":"product-type-simple"},"acf":[],"_links":{"self":[{"href":"https:\/\/trade.colart.com\/fr\/wp-json\/wp\/v2\/product\/12881","targetHints":{"allow":["GET"]}}],"collection":[{"href":"https:\/\/trade.colart.com\/fr\/wp-json\/wp\/v2\/product"}],"about":[{"href":"https:\/\/trade.colart.com\/fr\/wp-json\/wp\/v2\/types\/product"}],"replies":[{"embeddable":true,"href":"https:\/\/trade.colart.com\/fr\/wp-json\/wp\/v2\/comments?post=12881"}],"wp:featuredmedia":[{"embeddable":true,"href":"https:\/\/trade.colart.com\/fr\/wp-json\/wp\/v2\/media\/13565"}],"wp:attachment":[{"href":"https:\/\/trade.colart.com\/fr\/wp-json\/wp\/v2\/media?parent=12881"}],"wp:term":[{"taxonomy":"product_brand","embeddable":true,"href":"https:\/\/trade.colart.com\/fr\/wp-json\/wp\/v2\/product_brand?post=12881"},{"taxonomy":"product_cat","embeddable":true,"href":"https:\/\/trade.colart.com\/fr\/wp-json\/wp\/v2\/product_cat?post=12881"},{"taxonomy":"product_tag","embeddable":true,"href":"https:\/\/trade.colart.com\/fr\/wp-json\/wp\/v2\/product_tag?post=12881"}],"curies":[{"name":"wp","href":"https:\/\/api.w.org\/{rel}","templated":true}]}}