{"id":12882,"date":"2026-01-02T06:10:48","date_gmt":"2026-01-02T06:10:48","guid":{"rendered":"https:\/\/trade.colart.com\/fr\/product\/lefranc-bourgeois-enfants-lave-pinceau-plastique\/"},"modified":"2026-04-17T08:32:19","modified_gmt":"2026-04-17T08:32:19","slug":"lefranc-bourgeois-enfants-lave-pinceau-en-plastique","status":"publish","type":"product","link":"https:\/\/trade.colart.com\/fr\/product\/lefranc-bourgeois-enfants-lave-pinceau-en-plastique\/","title":{"rendered":"Lefranc Bourgeois Enfants Lave Pinceau en Plastique"},"content":{"rendered":"<p>Gardez vos pinceaux propres gr\u00e2ce \u00e0 notre lave pinceaux en plastique pour enfants. Pratique et intelligent, ce lave pinceaux est dot\u00e9 d&#8217;un s\u00e9parateur pratique qui vous permet de diviser le r\u00e9cipient en deux. Vous pouvez ainsi disposer d&#8217;eau pour laver les pinceaux dans l&#8217;une des deux parties et diluer la peinture dans l&#8217;autre.<\/p>\n<p>Gr\u00e2ce \u00e0 une cloison mobile, vous pouvez \u00e9galement ranger vos pinceaux \u00e0 la verticale. En plastique, ce lave pinceaux est facile \u00e0 nettoyer. Il convient aux peintures et encres solubles dans l&#8217;eau.<\/p>\n","protected":false},"excerpt":{"rendered":"<p>Gardez vos pinceaux propres gr\u00e2ce \u00e0 notre lave pinceaux en plastique pour enfants. Pratique et intelligent, ce lave pinceaux est dot\u00e9 d&#8217;un s\u00e9parateur pratique qui vous permet de diviser le r\u00e9cipient en deux. Vous pouvez ainsi disposer d&#8217;eau pour laver les pinceaux dans l&#8217;une des deux parties et diluer la peinture dans l&#8217;autre.<\/p>\n<p>Gr\u00e2ce \u00e0 une cloison mobile, vous pouvez \u00e9galement ranger vos pinceaux \u00e0 la verticale. En plastique, ce lave pinceaux est facile \u00e0 nettoyer. Il convient aux peintures et encres solubles dans l&#8217;eau. <span class=\"more_dots\">&#8230;<\/span><\/p>\n<p><a class=\"btn btn-secondary understrap-read-more-link\" href=\"https:\/\/trade.colart.com\/fr\/product\/lefranc-bourgeois-enfants-lave-pinceau-en-plastique\/\">Read More&#8230;<span class=\"screen-reader-text\"> from Lefranc Bourgeois Enfants Lave Pinceau en Plastique<\/span><\/a><\/p>\n","protected":false},"featured_media":13567,"comment_status":"closed","ping_status":"closed","template":"","meta":{"_acf_changed":false},"product_brand":[],"product_cat":[2806],"product_tag":[],"class_list":{"0":"post-12882","1":"product","2":"type-product","3":"status-publish","4":"has-post-thumbnail","6":"product_cat-lefranc-bourgeois-enfants-10-ans-education-artistique-accessoires","8":"first","9":"instock","10":"shipping-taxable","11":"purchasable","12":"product-type-simple"},"acf":[],"_links":{"self":[{"href":"https:\/\/trade.colart.com\/fr\/wp-json\/wp\/v2\/product\/12882","targetHints":{"allow":["GET"]}}],"collection":[{"href":"https:\/\/trade.colart.com\/fr\/wp-json\/wp\/v2\/product"}],"about":[{"href":"https:\/\/trade.colart.com\/fr\/wp-json\/wp\/v2\/types\/product"}],"replies":[{"embeddable":true,"href":"https:\/\/trade.colart.com\/fr\/wp-json\/wp\/v2\/comments?post=12882"}],"wp:featuredmedia":[{"embeddable":true,"href":"https:\/\/trade.colart.com\/fr\/wp-json\/wp\/v2\/media\/13567"}],"wp:attachment":[{"href":"https:\/\/trade.colart.com\/fr\/wp-json\/wp\/v2\/media?parent=12882"}],"wp:term":[{"taxonomy":"product_brand","embeddable":true,"href":"https:\/\/trade.colart.com\/fr\/wp-json\/wp\/v2\/product_brand?post=12882"},{"taxonomy":"product_cat","embeddable":true,"href":"https:\/\/trade.colart.com\/fr\/wp-json\/wp\/v2\/product_cat?post=12882"},{"taxonomy":"product_tag","embeddable":true,"href":"https:\/\/trade.colart.com\/fr\/wp-json\/wp\/v2\/product_tag?post=12882"}],"curies":[{"name":"wp","href":"https:\/\/api.w.org\/{rel}","templated":true}]}}