{"id":12886,"date":"2026-03-12T09:07:32","date_gmt":"2026-03-12T09:07:32","guid":{"rendered":"https:\/\/trade.colart.com\/fr\/product\/lefranc-bourgeois-enfants-rouleau-manche-plastique-45mm\/"},"modified":"2026-04-17T09:09:32","modified_gmt":"2026-04-17T09:09:32","slug":"lefranc-bourgeois-rouleau-%c3%a0-peinture-2","status":"publish","type":"product","link":"https:\/\/trade.colart.com\/fr\/product\/lefranc-bourgeois-rouleau-%c3%a0-peinture-2\/","title":{"rendered":"Lefranc Bourgeois Rouleau \u00e0 Peinture"},"content":{"rendered":"<p>R\u00e9pandez la couleur avec notre rouleau \u00e0 peinture pour enfants. Ce rouleau \u00e0 peinture facile \u00e0 utiliser est con\u00e7u pour \u00e9taler des peintures et des encres \u00e0 base d&#8217;eau sur presque toutes les surfaces. Il est id\u00e9al pour colorier de grandes images et d\u00e9couvrir de nouveaux effets excitants avec des couches de couleur.<\/p>\n<p>Chaque rouleau a une poign\u00e9e en plastique et une extr\u00e9mit\u00e9 en mousse souple, facile \u00e0 nettoyer. Con\u00e7u pour \u00eatre utilis\u00e9 avec notre peinture acrylique, gouache et tempera. Largeur 45 mm.<\/p>\n","protected":false},"excerpt":{"rendered":"<p>R\u00e9pandez la couleur avec notre rouleau \u00e0 peinture pour enfants. Ce rouleau \u00e0 peinture facile \u00e0 utiliser est con\u00e7u pour \u00e9taler des peintures et des encres \u00e0 base d&#8217;eau sur presque toutes les surfaces. Il est id\u00e9al pour colorier de grandes images et d\u00e9couvrir de nouveaux effets excitants avec des couches de couleur.<\/p>\n<p>Chaque rouleau a une poign\u00e9e en plastique et une extr\u00e9mit\u00e9 en mousse souple, facile \u00e0 nettoyer. Con\u00e7u pour \u00eatre utilis\u00e9 avec notre peinture acrylique, gouache et tempera. Largeur 45 mm. <span class=\"more_dots\">&#8230;<\/span><\/p>\n<p><a class=\"btn btn-secondary understrap-read-more-link\" href=\"https:\/\/trade.colart.com\/fr\/product\/lefranc-bourgeois-rouleau-%c3%a0-peinture-2\/\">Read More&#8230;<span class=\"screen-reader-text\"> from Lefranc Bourgeois Rouleau \u00e0 Peinture<\/span><\/a><\/p>\n","protected":false},"featured_media":13573,"comment_status":"closed","ping_status":"closed","template":"","meta":{"_acf_changed":false},"product_brand":[],"product_cat":[2806],"product_tag":[],"class_list":{"0":"post-12886","1":"product","2":"type-product","3":"status-publish","4":"has-post-thumbnail","6":"product_cat-lefranc-bourgeois-enfants-10-ans-education-artistique-accessoires","8":"first","9":"instock","10":"shipping-taxable","11":"purchasable","12":"product-type-simple"},"acf":[],"_links":{"self":[{"href":"https:\/\/trade.colart.com\/fr\/wp-json\/wp\/v2\/product\/12886","targetHints":{"allow":["GET"]}}],"collection":[{"href":"https:\/\/trade.colart.com\/fr\/wp-json\/wp\/v2\/product"}],"about":[{"href":"https:\/\/trade.colart.com\/fr\/wp-json\/wp\/v2\/types\/product"}],"replies":[{"embeddable":true,"href":"https:\/\/trade.colart.com\/fr\/wp-json\/wp\/v2\/comments?post=12886"}],"wp:featuredmedia":[{"embeddable":true,"href":"https:\/\/trade.colart.com\/fr\/wp-json\/wp\/v2\/media\/13573"}],"wp:attachment":[{"href":"https:\/\/trade.colart.com\/fr\/wp-json\/wp\/v2\/media?parent=12886"}],"wp:term":[{"taxonomy":"product_brand","embeddable":true,"href":"https:\/\/trade.colart.com\/fr\/wp-json\/wp\/v2\/product_brand?post=12886"},{"taxonomy":"product_cat","embeddable":true,"href":"https:\/\/trade.colart.com\/fr\/wp-json\/wp\/v2\/product_cat?post=12886"},{"taxonomy":"product_tag","embeddable":true,"href":"https:\/\/trade.colart.com\/fr\/wp-json\/wp\/v2\/product_tag?post=12886"}],"curies":[{"name":"wp","href":"https:\/\/api.w.org\/{rel}","templated":true}]}}