{"id":12887,"date":"2026-01-02T02:37:06","date_gmt":"2026-01-02T02:37:06","guid":{"rendered":"https:\/\/trade.colart.com\/fr\/product\/lefranc-bourgeois-enfants-tablier-nylon-kid\/"},"modified":"2026-04-17T12:37:36","modified_gmt":"2026-04-17T12:37:36","slug":"lefranc-bourgeois-enfants-tablier-en-nylon","status":"publish","type":"product","link":"https:\/\/trade.colart.com\/fr\/product\/lefranc-bourgeois-enfants-tablier-en-nylon\/","title":{"rendered":"Lefranc Bourgeois Enfants Tablier en Nylon"},"content":{"rendered":"<p>Prot\u00e9gez les v\u00eatements de vos enfants pendant qu&#8217;ils peignent avec notre tablier pour petits artistes. L\u00e9ger, \u00e0 manches longues et imperm\u00e9able, ce tablier pour enfants garde les v\u00eatements propres sans limiter les mouvements.<\/p>\n<p>Fix\u00e9 par des bandes velcro et des manches \u00e9lastiques, il est facile \u00e0 enfiler et \u00e0 enlever. Il est dot\u00e9 de deux poches avant pour ranger les pinceaux et les accessoires. Facile \u00e0 nettoyer, il suffit de l&#8217;essuyer avec une \u00e9ponge mouill\u00e9e apr\u00e8s utilisation.<\/p>\n","protected":false},"excerpt":{"rendered":"<p>Prot\u00e9gez les v\u00eatements de vos enfants pendant qu&#8217;ils peignent avec notre tablier pour petits artistes. L\u00e9ger, \u00e0 manches longues et imperm\u00e9able, ce tablier pour enfants garde les v\u00eatements propres sans limiter les mouvements.<\/p>\n<p>Fix\u00e9 par des bandes velcro et des manches \u00e9lastiques, il est facile \u00e0 enfiler et \u00e0 enlever. Il est dot\u00e9 de deux poches avant pour ranger les pinceaux et les accessoires. Facile \u00e0 nettoyer, il suffit de l&#8217;essuyer avec une \u00e9ponge mouill\u00e9e apr\u00e8s utilisation. <span class=\"more_dots\">&#8230;<\/span><\/p>\n<p><a class=\"btn btn-secondary understrap-read-more-link\" href=\"https:\/\/trade.colart.com\/fr\/product\/lefranc-bourgeois-enfants-tablier-en-nylon\/\">Read More&#8230;<span class=\"screen-reader-text\"> from Lefranc Bourgeois Enfants Tablier en Nylon<\/span><\/a><\/p>\n","protected":false},"featured_media":13571,"comment_status":"closed","ping_status":"closed","template":"","meta":{"_acf_changed":false},"product_brand":[],"product_cat":[2523],"product_tag":[],"class_list":{"0":"post-12887","1":"product","2":"type-product","3":"status-publish","4":"has-post-thumbnail","6":"product_cat-lefranc-bourgeois-enfants-4-ans-eveil-artistique-pastilles-tabliers","8":"first","9":"instock","10":"shipping-taxable","11":"purchasable","12":"product-type-simple"},"acf":[],"_links":{"self":[{"href":"https:\/\/trade.colart.com\/fr\/wp-json\/wp\/v2\/product\/12887","targetHints":{"allow":["GET"]}}],"collection":[{"href":"https:\/\/trade.colart.com\/fr\/wp-json\/wp\/v2\/product"}],"about":[{"href":"https:\/\/trade.colart.com\/fr\/wp-json\/wp\/v2\/types\/product"}],"replies":[{"embeddable":true,"href":"https:\/\/trade.colart.com\/fr\/wp-json\/wp\/v2\/comments?post=12887"}],"wp:featuredmedia":[{"embeddable":true,"href":"https:\/\/trade.colart.com\/fr\/wp-json\/wp\/v2\/media\/13571"}],"wp:attachment":[{"href":"https:\/\/trade.colart.com\/fr\/wp-json\/wp\/v2\/media?parent=12887"}],"wp:term":[{"taxonomy":"product_brand","embeddable":true,"href":"https:\/\/trade.colart.com\/fr\/wp-json\/wp\/v2\/product_brand?post=12887"},{"taxonomy":"product_cat","embeddable":true,"href":"https:\/\/trade.colart.com\/fr\/wp-json\/wp\/v2\/product_cat?post=12887"},{"taxonomy":"product_tag","embeddable":true,"href":"https:\/\/trade.colart.com\/fr\/wp-json\/wp\/v2\/product_tag?post=12887"}],"curies":[{"name":"wp","href":"https:\/\/api.w.org\/{rel}","templated":true}]}}