{"id":12888,"date":"2026-03-12T15:53:24","date_gmt":"2026-03-12T15:53:24","guid":{"rendered":"https:\/\/trade.colart.com\/fr\/product\/lefranc-bourgeois-mini-mannequin\/"},"modified":"2026-04-17T11:00:36","modified_gmt":"2026-04-17T11:00:36","slug":"lefranc-bourgeois-mini-mannequin","status":"publish","type":"product","link":"https:\/\/trade.colart.com\/fr\/product\/lefranc-bourgeois-mini-mannequin\/","title":{"rendered":"Lefranc Bourgeois Mini Mannequin"},"content":{"rendered":"<p>Affinez le dessin de vos silhouettes en emportant partout notre Mini Mannequin. Recr\u00e9ez n&#8217;importe quelle pose gr\u00e2ce aux rotules r\u00e9glables, mont\u00e9es sur ressort, de notre mannequin soutenu par une base en bois \u00e9quilibr\u00e9e. D&#8217;une hauteur de 11 cm, notre mannequin est fabriqu\u00e9 en bois poli. Il est tr\u00e8s facile \u00e0 transporter. <\/p>\n<p>Il correspond aux proportions du corps pour vous aider \u00e0 am\u00e9liorer la compr\u00e9hension des formes humaines.<\/p>\n","protected":false},"excerpt":{"rendered":"<p>Affinez le dessin de vos silhouettes en emportant partout notre Mini Mannequin. Recr\u00e9ez n&#8217;importe quelle pose gr\u00e2ce aux rotules r\u00e9glables, mont\u00e9es sur ressort, de notre mannequin soutenu par une base en bois \u00e9quilibr\u00e9e. D&#8217;une hauteur de 11 cm, notre mannequin est fabriqu\u00e9 en bois poli. Il est tr\u00e8s facile \u00e0 transporter. <\/p>\n<p>Il correspond aux proportions du corps pour vous aider \u00e0 am\u00e9liorer la compr\u00e9hension des formes humaines. <span class=\"more_dots\">&#8230;<\/span><\/p>\n<p><a class=\"btn btn-secondary understrap-read-more-link\" href=\"https:\/\/trade.colart.com\/fr\/product\/lefranc-bourgeois-mini-mannequin\/\">Read More&#8230;<span class=\"screen-reader-text\"> from Lefranc Bourgeois Mini Mannequin<\/span><\/a><\/p>\n","protected":false},"featured_media":13576,"comment_status":"closed","ping_status":"closed","template":"","meta":{"_acf_changed":false},"product_brand":[],"product_cat":[2859],"product_tag":[],"class_list":{"0":"post-12888","1":"product","2":"type-product","3":"status-publish","4":"has-post-thumbnail","6":"product_cat-lefranc-bourgeois-beaux-arts-chevalets-mannequins-mannequins","8":"first","9":"instock","10":"shipping-taxable","11":"purchasable","12":"product-type-simple"},"acf":[],"_links":{"self":[{"href":"https:\/\/trade.colart.com\/fr\/wp-json\/wp\/v2\/product\/12888","targetHints":{"allow":["GET"]}}],"collection":[{"href":"https:\/\/trade.colart.com\/fr\/wp-json\/wp\/v2\/product"}],"about":[{"href":"https:\/\/trade.colart.com\/fr\/wp-json\/wp\/v2\/types\/product"}],"replies":[{"embeddable":true,"href":"https:\/\/trade.colart.com\/fr\/wp-json\/wp\/v2\/comments?post=12888"}],"wp:featuredmedia":[{"embeddable":true,"href":"https:\/\/trade.colart.com\/fr\/wp-json\/wp\/v2\/media\/13576"}],"wp:attachment":[{"href":"https:\/\/trade.colart.com\/fr\/wp-json\/wp\/v2\/media?parent=12888"}],"wp:term":[{"taxonomy":"product_brand","embeddable":true,"href":"https:\/\/trade.colart.com\/fr\/wp-json\/wp\/v2\/product_brand?post=12888"},{"taxonomy":"product_cat","embeddable":true,"href":"https:\/\/trade.colart.com\/fr\/wp-json\/wp\/v2\/product_cat?post=12888"},{"taxonomy":"product_tag","embeddable":true,"href":"https:\/\/trade.colart.com\/fr\/wp-json\/wp\/v2\/product_tag?post=12888"}],"curies":[{"name":"wp","href":"https:\/\/api.w.org\/{rel}","templated":true}]}}