{"id":12889,"date":"2026-03-12T16:47:33","date_gmt":"2026-03-12T16:47:33","guid":{"rendered":"https:\/\/trade.colart.com\/fr\/product\/lefranc-bourgeois-30cm-mannequin-homme\/"},"modified":"2026-04-17T09:47:14","modified_gmt":"2026-04-17T09:47:14","slug":"lefranc-bourgeois-mannequin-homme-30cm","status":"publish","type":"product","link":"https:\/\/trade.colart.com\/fr\/product\/lefranc-bourgeois-mannequin-homme-30cm\/","title":{"rendered":"Lefranc Bourgeois Mannequin Homme 30cm"},"content":{"rendered":"<p>Perfectionnez votre dessin et votre peinture \u00e0 l&#8217;aide de nos mannequins de 30 cm de haut, en bois de h\u00eatre poli. Choisissez parmi les formes masculines et f\u00e9minines et recr\u00e9ez n&#8217;importe quelle pose gr\u00e2ce aux rotules r\u00e9glables, maintenues en place par une base en bois \u00e9quilibr\u00e9e.<\/p>\n<p>Con\u00e7us pour correspondre aux proportions du corps, les mannequins de dessin sont un excellent moyen d&#8217;am\u00e9liorer votre compr\u00e9hension des formes humaines.<\/p>\n","protected":false},"excerpt":{"rendered":"<p>Perfectionnez votre dessin et votre peinture \u00e0 l&#8217;aide de nos mannequins de 30 cm de haut, en bois de h\u00eatre poli. Choisissez parmi les formes masculines et f\u00e9minines et recr\u00e9ez n&#8217;importe quelle pose gr\u00e2ce aux rotules r\u00e9glables, maintenues en place par une base en bois \u00e9quilibr\u00e9e.<\/p>\n<p>Con\u00e7us pour correspondre aux proportions du corps, les mannequins de dessin sont un excellent moyen d&#8217;am\u00e9liorer votre compr\u00e9hension des formes humaines. <span class=\"more_dots\">&#8230;<\/span><\/p>\n<p><a class=\"btn btn-secondary understrap-read-more-link\" href=\"https:\/\/trade.colart.com\/fr\/product\/lefranc-bourgeois-mannequin-homme-30cm\/\">Read More&#8230;<span class=\"screen-reader-text\"> from Lefranc Bourgeois Mannequin Homme 30cm<\/span><\/a><\/p>\n","protected":false},"featured_media":13578,"comment_status":"closed","ping_status":"closed","template":"","meta":{"_acf_changed":false},"product_brand":[],"product_cat":[2859],"product_tag":[],"class_list":{"0":"post-12889","1":"product","2":"type-product","3":"status-publish","4":"has-post-thumbnail","6":"product_cat-lefranc-bourgeois-beaux-arts-chevalets-mannequins-mannequins","8":"first","9":"instock","10":"shipping-taxable","11":"purchasable","12":"product-type-simple"},"acf":[],"_links":{"self":[{"href":"https:\/\/trade.colart.com\/fr\/wp-json\/wp\/v2\/product\/12889","targetHints":{"allow":["GET"]}}],"collection":[{"href":"https:\/\/trade.colart.com\/fr\/wp-json\/wp\/v2\/product"}],"about":[{"href":"https:\/\/trade.colart.com\/fr\/wp-json\/wp\/v2\/types\/product"}],"replies":[{"embeddable":true,"href":"https:\/\/trade.colart.com\/fr\/wp-json\/wp\/v2\/comments?post=12889"}],"wp:featuredmedia":[{"embeddable":true,"href":"https:\/\/trade.colart.com\/fr\/wp-json\/wp\/v2\/media\/13578"}],"wp:attachment":[{"href":"https:\/\/trade.colart.com\/fr\/wp-json\/wp\/v2\/media?parent=12889"}],"wp:term":[{"taxonomy":"product_brand","embeddable":true,"href":"https:\/\/trade.colart.com\/fr\/wp-json\/wp\/v2\/product_brand?post=12889"},{"taxonomy":"product_cat","embeddable":true,"href":"https:\/\/trade.colart.com\/fr\/wp-json\/wp\/v2\/product_cat?post=12889"},{"taxonomy":"product_tag","embeddable":true,"href":"https:\/\/trade.colart.com\/fr\/wp-json\/wp\/v2\/product_tag?post=12889"}],"curies":[{"name":"wp","href":"https:\/\/api.w.org\/{rel}","templated":true}]}}