{"id":12891,"date":"2026-03-12T13:58:49","date_gmt":"2026-03-12T13:58:49","guid":{"rendered":"https:\/\/trade.colart.com\/fr\/product\/lefranc-bourgeois-palette-plastique-rectangulaire-grand-modele\/"},"modified":"2026-04-17T11:51:36","modified_gmt":"2026-04-17T11:51:36","slug":"lefranc-bourgeois-palette-rectangulaire","status":"publish","type":"product","link":"https:\/\/trade.colart.com\/fr\/product\/lefranc-bourgeois-palette-rectangulaire\/","title":{"rendered":"Lefranc Bourgeois Palette Rectangulaire"},"content":{"rendered":"<p>M\u00e9langez vos couleurs acryliques, aquarelles et gouaches \u00e0 l&#8217;aide de notre palette rectangulaire en plastique. Dot\u00e9e de 11 godets et d&#8217;une grande surface de travail, elle est id\u00e9ale pour m\u00e9langer les couleurs ou s\u00e9parer vos peintures, selon vos besoins.<\/p>\n<p>Gr\u00e2ce \u00e0 son design l\u00e9ger, son trou pour le pouce et ses bords ergonomiques, elle est facile \u00e0 tenir lorsque vous peignez. De taille id\u00e9ale, les dimensions de cette palette sont 34 x 24 cm. Ne pas utiliser avec des huiles.<\/p>\n","protected":false},"excerpt":{"rendered":"<p>M\u00e9langez vos couleurs acryliques, aquarelles et gouaches \u00e0 l&#8217;aide de notre palette rectangulaire en plastique. Dot\u00e9e de 11 godets et d&#8217;une grande surface de travail, elle est id\u00e9ale pour m\u00e9langer les couleurs ou s\u00e9parer vos peintures, selon vos besoins.<\/p>\n<p>Gr\u00e2ce \u00e0 son design l\u00e9ger, son trou pour le pouce et ses bords ergonomiques, elle est facile \u00e0 tenir lorsque vous peignez. De taille id\u00e9ale, les dimensions de cette palette sont 34 x 24 cm. Ne pas utiliser avec des huiles. <span class=\"more_dots\">&#8230;<\/span><\/p>\n<p><a class=\"btn btn-secondary understrap-read-more-link\" href=\"https:\/\/trade.colart.com\/fr\/product\/lefranc-bourgeois-palette-rectangulaire\/\">Read More&#8230;<span class=\"screen-reader-text\"> from Lefranc Bourgeois Palette Rectangulaire<\/span><\/a><\/p>\n","protected":false},"featured_media":13582,"comment_status":"closed","ping_status":"closed","template":"","meta":{"_acf_changed":false},"product_brand":[],"product_cat":[2863],"product_tag":[],"class_list":{"0":"post-12891","1":"product","2":"type-product","3":"status-publish","4":"has-post-thumbnail","6":"product_cat-lefranc-bourgeois-beaux-arts-accessoires-palettes-accessoires","8":"first","9":"instock","10":"shipping-taxable","11":"purchasable","12":"product-type-simple"},"acf":[],"_links":{"self":[{"href":"https:\/\/trade.colart.com\/fr\/wp-json\/wp\/v2\/product\/12891","targetHints":{"allow":["GET"]}}],"collection":[{"href":"https:\/\/trade.colart.com\/fr\/wp-json\/wp\/v2\/product"}],"about":[{"href":"https:\/\/trade.colart.com\/fr\/wp-json\/wp\/v2\/types\/product"}],"replies":[{"embeddable":true,"href":"https:\/\/trade.colart.com\/fr\/wp-json\/wp\/v2\/comments?post=12891"}],"wp:featuredmedia":[{"embeddable":true,"href":"https:\/\/trade.colart.com\/fr\/wp-json\/wp\/v2\/media\/13582"}],"wp:attachment":[{"href":"https:\/\/trade.colart.com\/fr\/wp-json\/wp\/v2\/media?parent=12891"}],"wp:term":[{"taxonomy":"product_brand","embeddable":true,"href":"https:\/\/trade.colart.com\/fr\/wp-json\/wp\/v2\/product_brand?post=12891"},{"taxonomy":"product_cat","embeddable":true,"href":"https:\/\/trade.colart.com\/fr\/wp-json\/wp\/v2\/product_cat?post=12891"},{"taxonomy":"product_tag","embeddable":true,"href":"https:\/\/trade.colart.com\/fr\/wp-json\/wp\/v2\/product_tag?post=12891"}],"curies":[{"name":"wp","href":"https:\/\/api.w.org\/{rel}","templated":true}]}}