{"id":12894,"date":"2026-03-12T13:59:31","date_gmt":"2026-03-12T13:59:31","guid":{"rendered":"https:\/\/trade.colart.com\/fr\/product\/lefranc-bourgeois-palette-bois-rectangulaire-33x22cm-n4\/"},"modified":"2026-03-12T13:59:34","modified_gmt":"2026-03-12T13:59:34","slug":"lefranc-bourgeois-palette-en-bois-rectangulaire","status":"publish","type":"product","link":"https:\/\/trade.colart.com\/fr\/product\/lefranc-bourgeois-palette-en-bois-rectangulaire\/","title":{"rendered":"Lefranc Bourgeois Palette en Bois Rectangulaire"},"content":{"rendered":"<p>M\u00e9langez vos huiles et r\u00e9alisez des m\u00e9langes de couleurs parfaits avec notre palette rectangulaire en bois n\u00b04. L\u00e9g\u00e8re et robuste, cette palette est fabriqu\u00e9e en bois de h\u00eatre huil\u00e9. Facile \u00e0 prendre en main, elle est dot\u00e9e d&#8217;un trou pour le pouce et d&#8217;une courbe ergonomique sur la partie sup\u00e9rieure.<\/p>\n<p>Elle pr\u00e9sente un vaste espace pour m\u00e9langer vos peintures \u00e0 l&#8217;huile. R\u00e9versible, facile \u00e0 nettoyer et de bonne facture, elle est con\u00e7ue pour durer toute une vie. Dimensions : 33 x 22 cm.<\/p>\n","protected":false},"excerpt":{"rendered":"<p>M\u00e9langez vos huiles et r\u00e9alisez des m\u00e9langes de couleurs parfaits avec notre palette rectangulaire en bois n\u00b04. L\u00e9g\u00e8re et robuste, cette palette est fabriqu\u00e9e en bois de h\u00eatre huil\u00e9. Facile \u00e0 prendre en main, elle est dot\u00e9e d&#8217;un trou pour le pouce et d&#8217;une courbe ergonomique sur la partie sup\u00e9rieure.<\/p>\n<p>Elle pr\u00e9sente un vaste espace pour m\u00e9langer vos peintures \u00e0 l&#8217;huile. R\u00e9versible, facile \u00e0 nettoyer et de bonne facture, elle est con\u00e7ue pour durer toute une vie. Dimensions : 33 x 22 cm. <span class=\"more_dots\">&#8230;<\/span><\/p>\n<p><a class=\"btn btn-secondary understrap-read-more-link\" href=\"https:\/\/trade.colart.com\/fr\/product\/lefranc-bourgeois-palette-en-bois-rectangulaire\/\">Read More&#8230;<span class=\"screen-reader-text\"> from Lefranc Bourgeois Palette en Bois Rectangulaire<\/span><\/a><\/p>\n","protected":false},"featured_media":68223,"comment_status":"closed","ping_status":"closed","template":"","meta":{"_acf_changed":false},"product_brand":[],"product_cat":[2863],"product_tag":[],"class_list":{"0":"post-12894","1":"product","2":"type-product","3":"status-publish","4":"has-post-thumbnail","6":"product_cat-lefranc-bourgeois-beaux-arts-accessoires-palettes-accessoires","8":"first","9":"outofstock","10":"shipping-taxable","11":"purchasable","12":"product-type-simple"},"acf":[],"_links":{"self":[{"href":"https:\/\/trade.colart.com\/fr\/wp-json\/wp\/v2\/product\/12894","targetHints":{"allow":["GET"]}}],"collection":[{"href":"https:\/\/trade.colart.com\/fr\/wp-json\/wp\/v2\/product"}],"about":[{"href":"https:\/\/trade.colart.com\/fr\/wp-json\/wp\/v2\/types\/product"}],"replies":[{"embeddable":true,"href":"https:\/\/trade.colart.com\/fr\/wp-json\/wp\/v2\/comments?post=12894"}],"wp:featuredmedia":[{"embeddable":true,"href":"https:\/\/trade.colart.com\/fr\/wp-json\/wp\/v2\/media\/68223"}],"wp:attachment":[{"href":"https:\/\/trade.colart.com\/fr\/wp-json\/wp\/v2\/media?parent=12894"}],"wp:term":[{"taxonomy":"product_brand","embeddable":true,"href":"https:\/\/trade.colart.com\/fr\/wp-json\/wp\/v2\/product_brand?post=12894"},{"taxonomy":"product_cat","embeddable":true,"href":"https:\/\/trade.colart.com\/fr\/wp-json\/wp\/v2\/product_cat?post=12894"},{"taxonomy":"product_tag","embeddable":true,"href":"https:\/\/trade.colart.com\/fr\/wp-json\/wp\/v2\/product_tag?post=12894"}],"curies":[{"name":"wp","href":"https:\/\/api.w.org\/{rel}","templated":true}]}}