{"id":12895,"date":"2026-03-12T13:59:41","date_gmt":"2026-03-12T13:59:41","guid":{"rendered":"https:\/\/trade.colart.com\/fr\/product\/lefranc-bourgeois-palette-bois-ovale-33x22cm-n4\/"},"modified":"2026-04-17T09:09:04","modified_gmt":"2026-04-17T09:09:04","slug":"lefranc-bourgeois-palette-en-bois-ovale","status":"publish","type":"product","link":"https:\/\/trade.colart.com\/fr\/product\/lefranc-bourgeois-palette-en-bois-ovale\/","title":{"rendered":"Lefranc Bourgeois Palette en Bois Ovale"},"content":{"rendered":"<p>M\u00e9langez vos huiles pendant que vous peignez avec notre palette ovale en bois N\u00b04.  Cette palette r\u00e9versible est fabriqu\u00e9e en bois de h\u00eatre huil\u00e9, un mat\u00e9riau qui emp\u00eache l&#8217;huile de glisser. L\u00e9g\u00e8re et stable, elle est facile \u00e0 tenir gr\u00e2ce \u00e0 son trou pour le pouce et sa forme ovale.<\/p>\n<p>Cette palette offre un vaste espace de m\u00e9lange.<br \/>\nDimensions : 33 x 22 cm.<\/p>\n","protected":false},"excerpt":{"rendered":"<p>M\u00e9langez vos huiles pendant que vous peignez avec notre palette ovale en bois N\u00b04.  Cette palette r\u00e9versible est fabriqu\u00e9e en bois de h\u00eatre huil\u00e9, un mat\u00e9riau qui emp\u00eache l&#8217;huile de glisser. L\u00e9g\u00e8re et stable, elle est facile \u00e0 tenir gr\u00e2ce \u00e0 son trou pour le pouce et sa forme ovale.<\/p>\n<p>Cette palette offre un vaste espace de m\u00e9lange.<br \/>\nDimensions : 33 x 22 cm. <span class=\"more_dots\">&#8230;<\/span><\/p>\n<p><a class=\"btn btn-secondary understrap-read-more-link\" href=\"https:\/\/trade.colart.com\/fr\/product\/lefranc-bourgeois-palette-en-bois-ovale\/\">Read More&#8230;<span class=\"screen-reader-text\"> from Lefranc Bourgeois Palette en Bois Ovale<\/span><\/a><\/p>\n","protected":false},"featured_media":23293,"comment_status":"closed","ping_status":"closed","template":"","meta":{"_acf_changed":false},"product_brand":[],"product_cat":[2863],"product_tag":[],"class_list":{"0":"post-12895","1":"product","2":"type-product","3":"status-publish","4":"has-post-thumbnail","6":"product_cat-lefranc-bourgeois-beaux-arts-accessoires-palettes-accessoires","8":"first","9":"instock","10":"shipping-taxable","11":"purchasable","12":"product-type-simple"},"acf":[],"_links":{"self":[{"href":"https:\/\/trade.colart.com\/fr\/wp-json\/wp\/v2\/product\/12895","targetHints":{"allow":["GET"]}}],"collection":[{"href":"https:\/\/trade.colart.com\/fr\/wp-json\/wp\/v2\/product"}],"about":[{"href":"https:\/\/trade.colart.com\/fr\/wp-json\/wp\/v2\/types\/product"}],"replies":[{"embeddable":true,"href":"https:\/\/trade.colart.com\/fr\/wp-json\/wp\/v2\/comments?post=12895"}],"wp:featuredmedia":[{"embeddable":true,"href":"https:\/\/trade.colart.com\/fr\/wp-json\/wp\/v2\/media\/23293"}],"wp:attachment":[{"href":"https:\/\/trade.colart.com\/fr\/wp-json\/wp\/v2\/media?parent=12895"}],"wp:term":[{"taxonomy":"product_brand","embeddable":true,"href":"https:\/\/trade.colart.com\/fr\/wp-json\/wp\/v2\/product_brand?post=12895"},{"taxonomy":"product_cat","embeddable":true,"href":"https:\/\/trade.colart.com\/fr\/wp-json\/wp\/v2\/product_cat?post=12895"},{"taxonomy":"product_tag","embeddable":true,"href":"https:\/\/trade.colart.com\/fr\/wp-json\/wp\/v2\/product_tag?post=12895"}],"curies":[{"name":"wp","href":"https:\/\/api.w.org\/{rel}","templated":true}]}}