{"id":12896,"date":"2026-03-12T17:02:43","date_gmt":"2026-03-12T17:02:43","guid":{"rendered":"https:\/\/trade.colart.com\/fr\/product\/lefranc-bourgeois-palette-bois-ovale-19x27cm\/"},"modified":"2026-04-10T14:32:33","modified_gmt":"2026-04-10T14:32:33","slug":"lefranc-bourgeois-palette-en-bois-ovale-2","status":"publish","type":"product","link":"https:\/\/trade.colart.com\/fr\/product\/lefranc-bourgeois-palette-en-bois-ovale-2\/","title":{"rendered":"Lefranc Bourgeois Palette en Bois Ovale"},"content":{"rendered":"<p>M\u00e9langez vos huiles pendant que vous peignez avec notre palette ovale en bois. Cette palette r\u00e9versible est fabriqu\u00e9e en bois de h\u00eatre huil\u00e9, un mat\u00e9riau qui emp\u00eache l&#8217;huile de glisser. L\u00e9g\u00e8re et stable, son trou pour le pouce et sa forme ovale, elles est con\u00e7ue de mani\u00e8re ergonomique pour une utilisation facile.<\/p>\n<p>Cette palette offre un vaste espace de m\u00e9lange. Dimensions : 27 x 19 cm<\/p>\n","protected":false},"excerpt":{"rendered":"<p>M\u00e9langez vos huiles pendant que vous peignez avec notre palette ovale en bois. Cette palette r\u00e9versible est fabriqu\u00e9e en bois de h\u00eatre huil\u00e9, un mat\u00e9riau qui emp\u00eache l&#8217;huile de glisser. L\u00e9g\u00e8re et stable, son trou pour le pouce et sa forme ovale, elles est con\u00e7ue de mani\u00e8re ergonomique pour une utilisation facile.<\/p>\n<p>Cette palette offre un vaste espace de m\u00e9lange. Dimensions : 27 x 19 cm <span class=\"more_dots\">&#8230;<\/span><\/p>\n<p><a class=\"btn btn-secondary understrap-read-more-link\" href=\"https:\/\/trade.colart.com\/fr\/product\/lefranc-bourgeois-palette-en-bois-ovale-2\/\">Read More&#8230;<span class=\"screen-reader-text\"> from Lefranc Bourgeois Palette en Bois Ovale<\/span><\/a><\/p>\n","protected":false},"featured_media":68712,"comment_status":"closed","ping_status":"closed","template":"","meta":{"_acf_changed":false},"product_brand":[],"product_cat":[2863],"product_tag":[],"class_list":{"0":"post-12896","1":"product","2":"type-product","3":"status-publish","4":"has-post-thumbnail","6":"product_cat-lefranc-bourgeois-beaux-arts-accessoires-palettes-accessoires","8":"first","9":"instock","10":"shipping-taxable","11":"purchasable","12":"product-type-simple"},"acf":[],"_links":{"self":[{"href":"https:\/\/trade.colart.com\/fr\/wp-json\/wp\/v2\/product\/12896","targetHints":{"allow":["GET"]}}],"collection":[{"href":"https:\/\/trade.colart.com\/fr\/wp-json\/wp\/v2\/product"}],"about":[{"href":"https:\/\/trade.colart.com\/fr\/wp-json\/wp\/v2\/types\/product"}],"replies":[{"embeddable":true,"href":"https:\/\/trade.colart.com\/fr\/wp-json\/wp\/v2\/comments?post=12896"}],"wp:featuredmedia":[{"embeddable":true,"href":"https:\/\/trade.colart.com\/fr\/wp-json\/wp\/v2\/media\/68712"}],"wp:attachment":[{"href":"https:\/\/trade.colart.com\/fr\/wp-json\/wp\/v2\/media?parent=12896"}],"wp:term":[{"taxonomy":"product_brand","embeddable":true,"href":"https:\/\/trade.colart.com\/fr\/wp-json\/wp\/v2\/product_brand?post=12896"},{"taxonomy":"product_cat","embeddable":true,"href":"https:\/\/trade.colart.com\/fr\/wp-json\/wp\/v2\/product_cat?post=12896"},{"taxonomy":"product_tag","embeddable":true,"href":"https:\/\/trade.colart.com\/fr\/wp-json\/wp\/v2\/product_tag?post=12896"}],"curies":[{"name":"wp","href":"https:\/\/api.w.org\/{rel}","templated":true}]}}