{"id":12898,"date":"2026-03-12T16:42:32","date_gmt":"2026-03-12T16:42:32","guid":{"rendered":"https:\/\/trade.colart.com\/fr\/product\/lefranc-bourgeois-carton-dessin-cordon-72x52cm-blanc\/"},"modified":"2026-04-07T10:58:33","modified_gmt":"2026-04-07T10:58:33","slug":"lefranc-bourgeois-carton-dessin-cordon-72x52cm-blanc","status":"publish","type":"product","link":"https:\/\/trade.colart.com\/fr\/product\/lefranc-bourgeois-carton-dessin-cordon-72x52cm-blanc\/","title":{"rendered":"Lefranc Bourgeois Carton Dessin Cordon 72x52cm Blanc"},"content":{"rendered":"<p>Prot\u00e9gez et transportez votre art dans notre Portefeuille classique Ruban. Ce portfolio d&#8217;artiste traditionnel est fabriqu\u00e9 \u00e0 partir de carton lamin\u00e9 brillant et durable. Fix\u00e9 par trois rubans, son dos et ses coins sont renforc\u00e9s.<\/p>\n<p>En vert et noir classique ou en noir et blanc, il est fait pour prot\u00e9ger \u00e9l\u00e9gamment vos cr\u00e9ations, en cours, \u00e0 l&#8217;atelier et \u00e0 la maison. Choisissez votre taille d\u00e8s maintenant.<\/p>\n","protected":false},"excerpt":{"rendered":"<p>Prot\u00e9gez et transportez votre art dans notre Portefeuille classique Ruban. Ce portfolio d&#8217;artiste traditionnel est fabriqu\u00e9 \u00e0 partir de carton lamin\u00e9 brillant et durable. Fix\u00e9 par trois rubans, son dos et ses coins sont renforc\u00e9s.<\/p>\n<p>En vert et noir classique ou en noir et blanc, il est fait pour prot\u00e9ger \u00e9l\u00e9gamment vos cr\u00e9ations, en cours, \u00e0 l&#8217;atelier et \u00e0 la maison. Choisissez votre taille d\u00e8s maintenant. <span class=\"more_dots\">&#8230;<\/span><\/p>\n<p><a class=\"btn btn-secondary understrap-read-more-link\" href=\"https:\/\/trade.colart.com\/fr\/product\/lefranc-bourgeois-carton-dessin-cordon-72x52cm-blanc\/\">Read More&#8230;<span class=\"screen-reader-text\"> from Lefranc Bourgeois Carton Dessin Cordon 72x52cm Blanc<\/span><\/a><\/p>\n","protected":false},"featured_media":13589,"comment_status":"closed","ping_status":"closed","template":"","meta":{"_acf_changed":false},"product_brand":[],"product_cat":[2865],"product_tag":[],"class_list":{"0":"post-12898","1":"product","2":"type-product","3":"status-publish","4":"has-post-thumbnail","6":"product_cat-lefranc-bourgeois-beaux-arts-accessoires-cartons-a-dessin","8":"first","9":"instock","10":"shipping-taxable","11":"purchasable","12":"product-type-simple"},"acf":[],"_links":{"self":[{"href":"https:\/\/trade.colart.com\/fr\/wp-json\/wp\/v2\/product\/12898","targetHints":{"allow":["GET"]}}],"collection":[{"href":"https:\/\/trade.colart.com\/fr\/wp-json\/wp\/v2\/product"}],"about":[{"href":"https:\/\/trade.colart.com\/fr\/wp-json\/wp\/v2\/types\/product"}],"replies":[{"embeddable":true,"href":"https:\/\/trade.colart.com\/fr\/wp-json\/wp\/v2\/comments?post=12898"}],"wp:featuredmedia":[{"embeddable":true,"href":"https:\/\/trade.colart.com\/fr\/wp-json\/wp\/v2\/media\/13589"}],"wp:attachment":[{"href":"https:\/\/trade.colart.com\/fr\/wp-json\/wp\/v2\/media?parent=12898"}],"wp:term":[{"taxonomy":"product_brand","embeddable":true,"href":"https:\/\/trade.colart.com\/fr\/wp-json\/wp\/v2\/product_brand?post=12898"},{"taxonomy":"product_cat","embeddable":true,"href":"https:\/\/trade.colart.com\/fr\/wp-json\/wp\/v2\/product_cat?post=12898"},{"taxonomy":"product_tag","embeddable":true,"href":"https:\/\/trade.colart.com\/fr\/wp-json\/wp\/v2\/product_tag?post=12898"}],"curies":[{"name":"wp","href":"https:\/\/api.w.org\/{rel}","templated":true}]}}