{"id":12907,"date":"2026-01-02T04:21:05","date_gmt":"2026-01-02T04:21:05","guid":{"rendered":"https:\/\/trade.colart.com\/fr\/product\/lefranc-bourgeois-enfants-accessory-ancilary-bag\/"},"modified":"2026-04-02T07:58:45","modified_gmt":"2026-04-02T07:58:45","slug":"lefranc-bourgeois-enfants-pochette-daccessoire-de-peinture-1-palette-1-rouleau-et-3-godets-gigogne","status":"publish","type":"product","link":"https:\/\/trade.colart.com\/fr\/product\/lefranc-bourgeois-enfants-pochette-daccessoire-de-peinture-1-palette-1-rouleau-et-3-godets-gigogne\/","title":{"rendered":"Lefranc Bourgeois Enfants Pochette d&#8217;Accessoire de Peinture (1 Palette, 1 Rouleau et 3 Godets Gigogne)"},"content":{"rendered":"<p>M\u00e9langez et \u00e9talez la couleur avec notre pack de rouleaux et palettes de peinture pour enfants. Ce kit comprend un rouleau de peinture, une palette rectangulaire et trois godets de m\u00e9lange. Id\u00e9al pour d\u00e9couvrir de nouvelles couleurs et peindre de grands tableaux.<\/p>\n<p>Con\u00e7u pour les peintures et encres \u00e0 base d&#8217;eau, le rouleau \u00e0 peinture est dot\u00e9 d&#8217;un embout en mousse et d&#8217;une poign\u00e9e en plastique, tandis que la palette comporte un grand et dix petits godets pour le m\u00e9lange. Fabriqu\u00e9 en plastique, l&#8217;ensemble est facile \u00e0 nettoyer.<\/p>\n","protected":false},"excerpt":{"rendered":"<p>M\u00e9langez et \u00e9talez la couleur avec notre pack de rouleaux et palettes de peinture pour enfants. Ce kit comprend un rouleau de peinture, une palette rectangulaire et trois godets de m\u00e9lange. Id\u00e9al pour d\u00e9couvrir de nouvelles couleurs et peindre de grands tableaux.<\/p>\n<p>Con\u00e7u pour les peintures et encres \u00e0 base d&#8217;eau, le rouleau \u00e0 peinture est dot\u00e9 d&#8217;un embout en mousse et d&#8217;une poign\u00e9e en plastique, tandis que la palette comporte un grand et dix petits godets pour le m\u00e9lange. Fabriqu\u00e9 en plastique, l&#8217;ensemble est facile \u00e0 nettoyer. <span class=\"more_dots\">&#8230;<\/span><\/p>\n<p><a class=\"btn btn-secondary understrap-read-more-link\" href=\"https:\/\/trade.colart.com\/fr\/product\/lefranc-bourgeois-enfants-pochette-daccessoire-de-peinture-1-palette-1-rouleau-et-3-godets-gigogne\/\">Read More&#8230;<span class=\"screen-reader-text\"> from Lefranc Bourgeois Enfants Pochette d&#8217;Accessoire de Peinture (1 Palette, 1 Rouleau et 3 Godets Gigogne)<\/span><\/a><\/p>\n","protected":false},"featured_media":13592,"comment_status":"closed","ping_status":"closed","template":"","meta":{"_acf_changed":false},"product_brand":[],"product_cat":[2806],"product_tag":[],"class_list":{"0":"post-12907","1":"product","2":"type-product","3":"status-publish","4":"has-post-thumbnail","6":"product_cat-lefranc-bourgeois-enfants-10-ans-education-artistique-accessoires","8":"first","9":"instock","10":"shipping-taxable","11":"purchasable","12":"product-type-simple"},"acf":[],"_links":{"self":[{"href":"https:\/\/trade.colart.com\/fr\/wp-json\/wp\/v2\/product\/12907","targetHints":{"allow":["GET"]}}],"collection":[{"href":"https:\/\/trade.colart.com\/fr\/wp-json\/wp\/v2\/product"}],"about":[{"href":"https:\/\/trade.colart.com\/fr\/wp-json\/wp\/v2\/types\/product"}],"replies":[{"embeddable":true,"href":"https:\/\/trade.colart.com\/fr\/wp-json\/wp\/v2\/comments?post=12907"}],"wp:featuredmedia":[{"embeddable":true,"href":"https:\/\/trade.colart.com\/fr\/wp-json\/wp\/v2\/media\/13592"}],"wp:attachment":[{"href":"https:\/\/trade.colart.com\/fr\/wp-json\/wp\/v2\/media?parent=12907"}],"wp:term":[{"taxonomy":"product_brand","embeddable":true,"href":"https:\/\/trade.colart.com\/fr\/wp-json\/wp\/v2\/product_brand?post=12907"},{"taxonomy":"product_cat","embeddable":true,"href":"https:\/\/trade.colart.com\/fr\/wp-json\/wp\/v2\/product_cat?post=12907"},{"taxonomy":"product_tag","embeddable":true,"href":"https:\/\/trade.colart.com\/fr\/wp-json\/wp\/v2\/product_tag?post=12907"}],"curies":[{"name":"wp","href":"https:\/\/api.w.org\/{rel}","templated":true}]}}